{"id":16188,"date":"2020-07-30T08:47:09","date_gmt":"2020-07-30T06:47:09","guid":{"rendered":"https:\/\/companie-of-st-george.ch\/wordpress\/publications\/dragons-online\/"},"modified":"2020-12-23T19:47:32","modified_gmt":"2020-12-23T18:47:32","slug":"dragons-online","status":"publish","type":"page","link":"https:\/\/companie-of-st-george.ch\/fr\/publications\/dragons-online\/","title":{"rendered":"Le Dragon online"},"content":{"rendered":"<div id=\"cmsmasters_row_lj8yvejmze\" class=\"cmsmasters_row cmsmasters_color_scheme_default cmsmasters_row_top_default cmsmasters_row_bot_default cmsmasters_row_boxed\">\n<div class=\"cmsmasters_row_outer_parent\">\n<div class=\"cmsmasters_row_outer\">\n<div class=\"cmsmasters_row_inner\">\n<div class=\"cmsmasters_row_margin\">\n<div id=\"cmsmasters_column_8ug0lh7f38\" class=\"cmsmasters_column one_first\">\n<div class=\"cmsmasters_column_inner\"><div class=\"cmsmasters_text\">\n<p>&nbsp;<\/p>\n<p>Le \u00abDragon\u00bb est une publication de la Compagnie de Saint Georges publi\u00e9e entre 1989 et 2003. Le \u00abDragon\u00bb couvre tous les domaines qui sont int\u00e9ressants pour les reconstituteurs de la fin du 15e si\u00e8cle.<\/p>\n<p>N\u2019oubliez pas que nous avons commenc\u00e9 \u00e0 publier le \u00abDragon\u00bb \u00e0 fin des ann\u00e9es huitante. Les publications les plus anciennes se fondent par cons\u00e9quent sur l\u2019\u00e9tat de la recherche historique de cette \u00e9poque. Dans une certaine mesure, elles sont donc elles-m\u00eames d\u00e9j\u00e0 de l\u2019histoire.<\/p>\n<p>R\u00e9fl\u00e9chissez \u00e0 deux reprises avant d\u2019adopter les objets et m\u00e9thodes document\u00e9es, ou contactez-nous si vous avez des doutes. Le \u00abDragon\u00bb ne contient pas de faits \u00e9tablis avec certitude. Il offre simplement notre interpr\u00e9tation des sources \u00e0 un instant d\u00e9termin\u00e9.<\/p>\n<p>Le droit d\u2019auteur du \u00abDragon\u00bb reste aupr\u00e8s de la Compagnie de Saint Georges et des auteurs. Vous pouvez imprimer le \u00abDragon\u00bb pour votre usage personnel mais il n\u2019est pas permis de le diffuser sous forme imprim\u00e9e sans notre autorisation expresse.<\/p>\n<p>&nbsp;<\/p>\n<\/div>\n<div id=\"cmsmasters_heading_wgk5e00ivy\" class=\"cmsmasters_heading_wrap cmsmasters_heading_align_left\">\n\t<h2 class=\"cmsmasters_heading\">Publications<\/h2>\n<\/div><div class=\"cmsmasters_tabs tabs_mode_tour tabs_pos_left\">\n<ul class=\"cmsmasters_tabs_list\">\n<li id=\"cmsmasters_tabs_list_item_mnlvbrtr7n\" class=\"cmsmasters_tabs_list_item current_tab\">\n<a href=\"#\" class=\"cmsmasters-icon-book-2\">\n<span>No. 1<\/span>\n<\/a>\n<\/li><li id=\"cmsmasters_tabs_list_item_4tw7lr5osc\" class=\"cmsmasters_tabs_list_item\">\n<a href=\"#\" class=\"cmsmasters-icon-book-2\">\n<span>No. 2<\/span>\n<\/a>\n<\/li><li id=\"cmsmasters_tabs_list_item_pvd7fm4nft\" class=\"cmsmasters_tabs_list_item\">\n<a href=\"#\" class=\"cmsmasters-icon-book-2\">\n<span>No. 3<\/span>\n<\/a>\n<\/li><li id=\"cmsmasters_tabs_list_item_80nelvgdlt\" class=\"cmsmasters_tabs_list_item\">\n<a href=\"#\" class=\"cmsmasters-icon-book-2\">\n<span>No. 4<\/span>\n<\/a>\n<\/li><li id=\"cmsmasters_tabs_list_item_hthe6nr3pd\" class=\"cmsmasters_tabs_list_item\">\n<a href=\"#\" class=\"cmsmasters-icon-book-2\">\n<span>No. 5<\/span>\n<\/a>\n<\/li><li id=\"cmsmasters_tabs_list_item_ykzepq3v9q\" class=\"cmsmasters_tabs_list_item\">\n<a href=\"#\" class=\"cmsmasters-icon-book-2\">\n<span>No. 6<\/span>\n<\/a>\n<\/li><li id=\"cmsmasters_tabs_list_item_d12dy2jspo\" class=\"cmsmasters_tabs_list_item\">\n<a href=\"#\" class=\"cmsmasters-icon-book-2\">\n<span>No. 7<\/span>\n<\/a>\n<\/li><li id=\"cmsmasters_tabs_list_item_ex25z8zlg4\" class=\"cmsmasters_tabs_list_item\">\n<a href=\"#\" class=\"cmsmasters-icon-book-2\">\n<span>No. 8<\/span>\n<\/a>\n<\/li><li id=\"cmsmasters_tabs_list_item_6nf6n5jlw9\" class=\"cmsmasters_tabs_list_item\">\n<a href=\"#\" class=\"cmsmasters-icon-book-2\">\n<span>No. 9<\/span>\n<\/a>\n<\/li><li id=\"cmsmasters_tabs_list_item_3ejx4xdb4\" class=\"cmsmasters_tabs_list_item\">\n<a href=\"#\" class=\"cmsmasters-icon-book-2\">\n<span>No. 10<\/span>\n<\/a>\n<\/li><li id=\"cmsmasters_tabs_list_item_naxdthjjpw\" class=\"cmsmasters_tabs_list_item\">\n<a href=\"#\" class=\"cmsmasters-icon-book-2\">\n<span>No. 11<\/span>\n<\/a>\n<\/li><li id=\"cmsmasters_tabs_list_item_tffhazygnw\" class=\"cmsmasters_tabs_list_item\">\n<a href=\"#\" class=\"cmsmasters-icon-book-2\">\n<span>No. 12<\/span>\n<\/a>\n<\/li><li id=\"cmsmasters_tabs_list_item_hdx3go6c5h\" class=\"cmsmasters_tabs_list_item\">\n<a href=\"#\" class=\"cmsmasters-icon-book-2\">\n<span>No. 13<\/span>\n<\/a>\n<\/li><\/ul>\n<div class=\"cmsmasters_tabs_wrap\">\n<div id=\"cmsmasters_tab_mnlvbrtr7n\" class=\"cmsmasters_tab active_tab\">\n<div class=\"cmsmasters_tab_inner\">\n<h3>Dragon No. 1<\/h3>\n<p>Premi\u00e8re publication en ao\u00fbt 1989.<br \/>\nIl s\u2019agit d\u2019une publication bilingue anglais-fran\u00e7ais.<\/p>\n<p><a href=\"https:\/\/companie-of-st-george.ch\/wordpress\/wp-content\/uploads\/2020\/07\/dragon-1.pdf\">T\u00e9l\u00e9chargement <\/a><\/p>\n<h4><b>Contenu:<\/b><\/h4>\n<div class=\"level4\">\n<div class=\"level4\">\n<ul>\n<li class=\"li\">Editorial &#8211; Guidelines for the Company<\/li>\n<li class=\"li\">Drawings of haircuts for men<\/li>\n<li class=\"li\">Drawings of household items as found in the sources<\/li>\n<li class=\"li\">\u201cThe Lytell Treatyse For To Lerne Englysshe And Frensshe\u201d<\/li>\n<li class=\"li\">List of fruits and vegetables that were unknown two our period<\/li>\n<li class=\"li\">\u201cMind your manners\u2026\u201d &#8211; A poem on good late medieval manners<\/li>\n<li class=\"li\">A price-list for arms and armours<\/li>\n<li class=\"li\">Early phrases and expressions (Gammer Gurton&rsquo;s Nedle, 16th century)<\/li>\n<li class=\"li\">Est Mihi Cauda Decus &#8211; Late medieval mottos\u2026<\/li>\n<li class=\"li\">A calligrapohic version of a late gothic alphabet<\/li>\n<\/ul>\n<\/div>\n<\/div>\n<\/div>\n<\/div><div id=\"cmsmasters_tab_4tw7lr5osc\" class=\"cmsmasters_tab\">\n<div class=\"cmsmasters_tab_inner\">\n<h3>Dragon No. 2<\/h3>\n<p>Premi\u00e8re publication en janvier 1991<br \/>\nIl s\u2019agit d\u2019une publication bilingue anglais-fran\u00e7ais.<\/p>\n<p><a href=\"https:\/\/companie-of-st-george.ch\/wordpress\/wp-content\/uploads\/2020\/07\/dragon-2.pdf\">T\u00e9l\u00e9chargement <\/a><\/p>\n<h4><b>Contenu:<\/b><\/h4>\n<ul>\n<li class=\"li\">Editorial<\/li>\n<li class=\"li\">A letter from the captain<\/li>\n<li class=\"li\">\u201cThat we myte be dressed\u201d &#8211; Illustrated guide to clothing (part one)<\/li>\n<li class=\"li\">Correspondance<\/li>\n<li class=\"li\">Saint George &#8211; A short history<\/li>\n<li class=\"li\">Treasure hunt &#8211; Drawings of tools and items<\/li>\n<li class=\"li\">Siege warfare in the early 15th century<\/li>\n<li class=\"li\">The adventures of Sir John<\/li>\n<li class=\"li\">Recette de ce jour (French only)<\/li>\n<li class=\"li\">\u201cGood morning\u2026\u201d &#8211; 15th century instructions on getting up<\/li>\n<\/ul>\n<\/div>\n<\/div><div id=\"cmsmasters_tab_pvd7fm4nft\" class=\"cmsmasters_tab\">\n<div class=\"cmsmasters_tab_inner\">\n<h3>Dragon No. 3<\/h3>\n<p>Premi\u00e8re publication en septembre 1991<br \/>\nIl s\u2019agit d\u2019une publication bilingue anglais-fran\u00e7ais.<\/p>\n<p><a href=\"https:\/\/companie-of-st-george.ch\/wordpress\/wp-content\/uploads\/2020\/07\/dragon-3.pdf\">T\u00e9l\u00e9chargement<\/a><\/p>\n<h4><b>Contenu:<\/b><\/h4>\n<ul>\n<li>Editorial<\/li>\n<li>The Perils of Indulgence in Cosmetics<\/li>\n<li>\u201cCould you repeat that order, Sir \u2026\u201d &#8211; Period commands and phrases<\/li>\n<li>\u201cTake some horsgrece \u2026\u201d &#8211; Examples for medical recipes<\/li>\n<li>\u201cAlas my jewellys \u2026\u201d &#8211; Apt phrases from a Tudor play<\/li>\n<li>A fifteenth century bath<\/li>\n<li>Chanson \u00e0 boire &#8211; A drinking song (French only)<\/li>\n<li>Chanson d&rsquo;amour &#8211; A love song (French only)<\/li>\n<li>A decision on tents (Ten years later, we have just taken that step again \u2026)<\/li>\n<li>Purses dor the Company of Saint George (with drawings)<\/li>\n<li>Jacks for the Company of Saint George (with drawings)<\/li>\n<li>La Manier de se Contenir \u00e0 Table &#8211; Table-manners<\/li>\n<li>Nine Men&rsquo;s Morris: A Medieval Board Game<\/li>\n<li>La Com\u00e8te de Halley &#8211; Halley&rsquo;s comet<\/li>\n<li>Bon Appetit &#8211; The Diet of a 15th Century Soldier<\/li>\n<li>The Burgundian Camp in 1476<\/li>\n<\/ul>\n<\/div>\n<\/div><div id=\"cmsmasters_tab_80nelvgdlt\" class=\"cmsmasters_tab\">\n<div class=\"cmsmasters_tab_inner\">\n<h3>Dragon No. 4<\/h3>\n<p>Premi\u00e8re publication en mai 1992<br \/>\nIl s\u2019agit d\u2019une publication principalement en anglais avec quelques textes en fran\u00e7ais.<\/p>\n<p><a href=\"https:\/\/companie-of-st-george.ch\/wordpress\/wp-content\/uploads\/2020\/07\/dragon-4.pdf\">T\u00e9l\u00e9chargement<\/a><\/p>\n<h4><b>Contenu:<\/b><\/h4>\n<ul>\n<li class=\"li\">Editorial<\/li>\n<li class=\"li\">Who&rsquo;s who: Niklaus von Schanachtal<\/li>\n<li class=\"li\">Dress for the women of our Company (with drawings)<\/li>\n<li class=\"li\">Le Mobilier &#8211; The furniture (French only, but lots of drawings)<\/li>\n<li class=\"li\">Announcement &#8211; Gerry Embleton has been asked to do a book on the 15th century soldier<\/li>\n<li class=\"li\">An historian on history &#8211; A poetic view<\/li>\n<li class=\"li\">Book review: \u201cThe House fo Niccolo\u201d series<\/li>\n<li class=\"li\">Spinach: an erratum on the illegal substances in vol. 1<\/li>\n<\/ul>\n<\/div>\n<\/div><div id=\"cmsmasters_tab_hthe6nr3pd\" class=\"cmsmasters_tab\">\n<div class=\"cmsmasters_tab_inner\">\n<h3>Dragon No. 5<\/h3>\n<p>Premi\u00e8re publication en mai 1993<br \/>\nIl s\u2019agit d\u2019un publication principalement en anglais.<\/p>\n<p><a href=\"https:\/\/companie-of-st-george.ch\/wordpress\/wp-content\/uploads\/2020\/07\/dragon-5.pdf\">T\u00e9l\u00e9chargement <\/a><\/p>\n<h4><b>Contenu:<\/b><\/h4>\n<ul>\n<li class=\"li\">Editorial<\/li>\n<li class=\"li\">Who&rsquo;s who in 1476 &#8211; A list by countries<\/li>\n<li class=\"li\">Burgundian booty, a brief summary<\/li>\n<li class=\"li\">The furniture &#8211; Part 2 &#8211; Many drawings (in French as well)<\/li>\n<li class=\"li\">Thalhoffer &#8211; Weapon training in the 15th century<\/li>\n<li class=\"li\">15th century weather<\/li>\n<li class=\"li\">Book reviews<\/li>\n<li class=\"li\">Reenactment &#8211; General and specific remarks by Jamie Donnan<\/li>\n<li class=\"li\">Tents for the Company of Saynte George (with drawings)<\/li>\n<li class=\"li\">15th century tools (with drawings)<\/li>\n<li class=\"li\">The birth of a child in the late medieval period<\/li>\n<li class=\"li\">Making a padded Jack<\/li>\n<li class=\"li\">A small household of the 15th century &#8211; Summary of the household accounts of John Munden<\/li>\n<li class=\"li\">The splendours of the Burgundian court &#8211; A letter by John Paston III in 1468<\/li>\n<\/ul>\n<\/div>\n<\/div><div id=\"cmsmasters_tab_ykzepq3v9q\" class=\"cmsmasters_tab\">\n<div class=\"cmsmasters_tab_inner\">\n<h3>Dragon No. 6<\/h3>\n<p>Premi\u00e8re publication en mars 1995<br \/>\nIl s\u2019agit d\u2019une publication principalement en anglais avec quelques traductions en fran\u00e7ais et en allemand.<\/p>\n<p><a href=\"https:\/\/companie-of-st-george.ch\/wordpress\/wp-content\/uploads\/2020\/07\/dragon-6.pdf\">T\u00e9l\u00e9chargement <\/a><\/p>\n<h4><b>Contenu:<\/b><\/h4>\n<ul>\n<li class=\"li\">Editorial<\/li>\n<li class=\"li\">A child<\/li>\n<li class=\"li\">Medieval cookery and medicine &#8211; Part 1<\/li>\n<li class=\"li\">Plat du jour &#8211; Recipe of the day<\/li>\n<li class=\"li\">Domestic furniture in the Tacuinum Sanitatis (with drawings)<\/li>\n<li class=\"li\">The Schilling chronicles<\/li>\n<li class=\"li\">An examination of a typical Swiss or South-German coif<\/li>\n<li class=\"li\">Recruiting, payments and the prices in the republic of Genoa<\/li>\n<li class=\"li\">Swords for the Company of St. George (with drawings)<\/li>\n<\/ul>\n<\/div>\n<\/div><div id=\"cmsmasters_tab_d12dy2jspo\" class=\"cmsmasters_tab\">\n<div class=\"cmsmasters_tab_inner\">\n<h3>Dragon No. 7<\/h3>\n<p>Premi\u00e8re publication en juin 1995<br \/>\nIl s\u2019agit d\u2019une publication bilingue anglais-fran\u00e7ais.<\/p>\n<p><a href=\"https:\/\/companie-of-st-george.ch\/wordpress\/wp-content\/uploads\/2020\/07\/dragon-7.pdf\">T\u00e9l\u00e9chargement <\/a><\/p>\n<h4><b>Contenu:<\/b><\/h4>\n<ul>\n<li class=\"li\">Editorial<\/li>\n<li class=\"li\">Polearms for the Company of St. George<\/li>\n<li class=\"li\">The earliest cartridges<\/li>\n<li class=\"li\">Medieval cookery and medicine &#8211; Part 2<\/li>\n<li class=\"li\">Medieval Furniture &#8211; Part 4 (comes in French as well)<\/li>\n<li class=\"li\">L&rsquo;ordre de la toison d&rsquo;or (French only)<\/li>\n<\/ul>\n<\/div>\n<\/div><div id=\"cmsmasters_tab_ex25z8zlg4\" class=\"cmsmasters_tab\">\n<div class=\"cmsmasters_tab_inner\">\n<h3>Dragon No. 8<\/h3>\n<p>Premi\u00e8re publication en d\u00e9cembre 1995<br \/>\nIl s\u2019agit d\u2019une publication essentiellement en anglais avec un article en fran\u00e7ais et un article traduit en allemand.<\/p>\n<p><a href=\"https:\/\/companie-of-st-george.ch\/wordpress\/wp-content\/uploads\/2020\/07\/dragon-8.pdf\">T\u00e9l\u00e9chargement<\/a><\/p>\n<h4><b>Contenu:<\/b><\/h4>\n<ul>\n<li class=\"li\">Editorial<\/li>\n<li class=\"li\">Livery clothing, circa 1460-1480<\/li>\n<li class=\"li\">Recette du jour (French only)<\/li>\n<li class=\"li\">Firearms in the republic of Genoa<\/li>\n<li class=\"li\">Military Organisation in Switzerland in the time of the Burgundian wars<\/li>\n<li class=\"li\">Formation and organisation of defence of W\u00fcrttemberg in the second half of the 15th century (in German as well)<\/li>\n<li class=\"li\">The fletching of arrows, a detailed look at the techniques<\/li>\n<li class=\"li\">Book review: \u201cOn the practice or art of dancing\u201d<\/li>\n<li class=\"li\">Rushlights &#8211; How to make and use them<\/li>\n<li class=\"li\">Questions and answers &#8211; Helmet fastenings and mail \u201cshorts\u201d<\/li>\n<\/ul>\n<\/div>\n<\/div><div id=\"cmsmasters_tab_6nf6n5jlw9\" class=\"cmsmasters_tab\">\n<div class=\"cmsmasters_tab_inner\">\n<h3>Dragon No. 9<\/h3>\n<p>Premi\u00e8re publication en janvier 1997<br \/>\nIl s\u2019agit d\u2019une publication bilingue anglais-fran\u00e7ais.<\/p>\n<p><a href=\"https:\/\/companie-of-st-george.ch\/wordpress\/wp-content\/uploads\/2020\/07\/dragon-9.pdf\">T\u00e9l\u00e9chargement<\/a><\/p>\n<h4><b>Contenu:<\/b><\/h4>\n<ul>\n<li class=\"li\">Editorial<\/li>\n<li class=\"li\">Medieval military drill<\/li>\n<li class=\"li\">Medieval Lanterns (with many many drawings)<\/li>\n<li class=\"li\">Poids et mobilit\u00e9 des armures (French only)<\/li>\n<li class=\"li\">Book review: Armies and warfare in the MA \/ Early French cookery<\/li>\n<li class=\"li\">Biscuit &#8211; the staple of armies from time immemorial &#8211; a recipe<\/li>\n<\/ul>\n<\/div>\n<\/div><div id=\"cmsmasters_tab_3ejx4xdb4\" class=\"cmsmasters_tab\">\n<div class=\"cmsmasters_tab_inner\">\n<h3>Dragon No. 10<\/h3>\n<p>Premi\u00e8re publication en \u00e9t\u00e9 2000.<br \/>\nIl s\u2019agit d\u2019une publication en anglais.<\/p>\n<p><a href=\"https:\/\/companie-of-st-george.ch\/wordpress\/wp-content\/uploads\/2020\/07\/dragon-10.pdf\">T\u00e9l\u00e9chargement <\/a><\/p>\n<h4><b>Contenu:<\/b><\/h4>\n<ul>\n<li class=\"li\">Editorial<\/li>\n<li class=\"li\">Medieval cloth<\/li>\n<li class=\"li\">Ells, aunes and braccia &#8211; medieval cloth measures<\/li>\n<li class=\"li\">The nature of swords &#8211; a general view<\/li>\n<li class=\"li\">Tents for the company revised (with drawings)<\/li>\n<\/ul>\n<\/div>\n<\/div><div id=\"cmsmasters_tab_naxdthjjpw\" class=\"cmsmasters_tab\">\n<div class=\"cmsmasters_tab_inner\">\n<h3>Dragon No. 11<\/h3>\n<p>Premi\u00e8re publication \u00e0 l&rsquo;hiver 2000.<br \/>\nIl s\u2019agit d\u2019une publication en anglais.<\/p>\n<p><a href=\"https:\/\/companie-of-st-george.ch\/wordpress\/wp-content\/uploads\/2020\/07\/dragon-11.pdf\">T\u00e9l\u00e9chargement<\/a><\/p>\n<h4><b>Contenu:<\/b><\/h4>\n<ul>\n<li class=\"li\">Editorial<\/li>\n<li class=\"li\">The history of Burgundy &#8211; excerpts from the memories of Olivier de la Marche<\/li>\n<li class=\"li\">On carrying \u2026 bags, bundles, packs and baskets (with drawings)<\/li>\n<li class=\"li\">A shopping list from 1435<\/li>\n<li class=\"li\">Advice to travellers &#8211; short excerpt of a manual<\/li>\n<li class=\"li\">Fireplaces &#8211; a few thoughts<\/li>\n<li class=\"li\">Comments to older articles<\/li>\n<li class=\"li\">Grinding Benches (a single illustration)<\/li>\n<\/ul>\n<\/div>\n<\/div><div id=\"cmsmasters_tab_tffhazygnw\" class=\"cmsmasters_tab\">\n<div class=\"cmsmasters_tab_inner\">\n<h3>Dragon No. 12<\/h3>\n<p>Premi\u00e8re publication en \u00e9t\u00e9 2003<br \/>\nIl s\u2019agit d\u2019une publication en anglais.<\/p>\n<p><a href=\"https:\/\/companie-of-st-george.ch\/wordpress\/wp-content\/uploads\/2020\/07\/dragon-12.pdf\">T\u00e9l\u00e9chargement<\/a><\/p>\n<h4><b>Contenu:<\/b><\/h4>\n<ul>\n<li class=\"li\">Editorial<\/li>\n<li class=\"li\">The tactics and weapons of the 2nd battle of St. Albans 1461<\/li>\n<li class=\"li\">An investigation into the \u201cbend\u201d as part of the 15th century military clothing<\/li>\n<li class=\"li\">Milanese Artillery<\/li>\n<li class=\"li\">Italian field fortifications<\/li>\n<li class=\"li\">Thoughts on tents<\/li>\n<li class=\"li\">A 15th century leather mitten from the Thames<\/li>\n<li class=\"li\">A journey by sea<\/li>\n<\/ul>\n<\/div>\n<\/div><div id=\"cmsmasters_tab_hdx3go6c5h\" class=\"cmsmasters_tab\">\n<div class=\"cmsmasters_tab_inner\">\n<h3>Dragon No. 13<\/h3>\n<p>First published in Winter 2020<br \/>\nThis is an english-only volume<\/p>\n<p><a href=\"https:\/\/companie-of-st-george.ch\/wordpress\/wp-content\/uploads\/2020\/12\/dragon-13.pdf\">Download<\/a><\/p>\n<h4><b>Content:<\/b><\/h4>\n<ul>\n<li class=\"li\">Editorial<\/li>\n<li>The Ursula Shrine Linnen Armour<\/li>\n<li>PANDOLFO III MALATESTA\u2019S \u00a0FUNERAL DOUBLET<\/li>\n<li>Towards a New Base for Historical Cooking<\/li>\n<li>Cameline Sauce<\/li>\n<li>Tripe Disguised as \u00a0Omelette Balls<\/li>\n<li>ODDS&amp;ENDS<\/li>\n<li>A Set of Carving Knives<\/li>\n<li>The Jew`s Harp &#8211; A Simple Instrument for Everybody<\/li>\n<li>Reenacting Religion<\/li>\n<li>The Goat Game<\/li>\n<li>Forge Experiments: \u00a0Long Rondel Daggers<\/li>\n<li>STRIKE-A-LIGHTS, FLINTS AND TINDERS:\u00a0which historical sources?<\/li>\n<\/ul>\n<\/div>\n<\/div><\/div>\n<\/div>\n<\/div><\/div>\n<\/div>\n<\/div>\n<\/div>\n<\/div>\n<\/div>\n\n","protected":false},"excerpt":{"rendered":"","protected":false},"author":1,"featured_media":0,"parent":16057,"menu_order":0,"comment_status":"closed","ping_status":"closed","template":"","meta":{"footnotes":""},"class_list":["post-16188","page","type-page","status-publish","hentry"],"yoast_head":"<!-- This site is optimized with the Yoast SEO plugin v26.4 - https:\/\/yoast.com\/wordpress\/plugins\/seo\/ -->\n<title>Le Dragon online - The Company of St. George<\/title>\n<meta name=\"robots\" content=\"index, follow, max-snippet:-1, max-image-preview:large, max-video-preview:-1\" \/>\n<link rel=\"canonical\" href=\"https:\/\/companie-of-st-george.ch\/fr\/publications\/dragons-online\/\" \/>\n<meta property=\"og:locale\" content=\"fr_FR\" \/>\n<meta property=\"og:type\" content=\"article\" \/>\n<meta property=\"og:title\" content=\"Le Dragon online - The Company of St. George\" \/>\n<meta property=\"og:url\" content=\"https:\/\/companie-of-st-george.ch\/fr\/publications\/dragons-online\/\" \/>\n<meta property=\"og:site_name\" content=\"The Company of St. George\" \/>\n<meta property=\"article:modified_time\" content=\"2020-12-23T18:47:32+00:00\" \/>\n<meta name=\"twitter:card\" content=\"summary_large_image\" \/>\n<meta name=\"twitter:label1\" content=\"Dur\u00e9e de lecture estim\u00e9e\" \/>\n\t<meta name=\"twitter:data1\" content=\"8 minutes\" \/>\n<script type=\"application\/ld+json\" class=\"yoast-schema-graph\">{\"@context\":\"https:\/\/schema.org\",\"@graph\":[{\"@type\":\"WebPage\",\"@id\":\"https:\/\/companie-of-st-george.ch\/fr\/publications\/dragons-online\/\",\"url\":\"https:\/\/companie-of-st-george.ch\/fr\/publications\/dragons-online\/\",\"name\":\"Le Dragon online - The Company of St. George\",\"isPartOf\":{\"@id\":\"https:\/\/companie-of-st-george.ch\/fr\/#website\"},\"datePublished\":\"2020-07-30T06:47:09+00:00\",\"dateModified\":\"2020-12-23T18:47:32+00:00\",\"breadcrumb\":{\"@id\":\"https:\/\/companie-of-st-george.ch\/fr\/publications\/dragons-online\/#breadcrumb\"},\"inLanguage\":\"fr-FR\",\"potentialAction\":[{\"@type\":\"ReadAction\",\"target\":[\"https:\/\/companie-of-st-george.ch\/fr\/publications\/dragons-online\/\"]}]},{\"@type\":\"BreadcrumbList\",\"@id\":\"https:\/\/companie-of-st-george.ch\/fr\/publications\/dragons-online\/#breadcrumb\",\"itemListElement\":[{\"@type\":\"ListItem\",\"position\":1,\"name\":\"Home\",\"item\":\"https:\/\/companie-of-st-george.ch\/fr\/\"},{\"@type\":\"ListItem\",\"position\":2,\"name\":\"Publications\",\"item\":\"https:\/\/companie-of-st-george.ch\/fr\/publications\/\"},{\"@type\":\"ListItem\",\"position\":3,\"name\":\"Le Dragon online\"}]},{\"@type\":\"WebSite\",\"@id\":\"https:\/\/companie-of-st-george.ch\/fr\/#website\",\"url\":\"https:\/\/companie-of-st-george.ch\/fr\/\",\"name\":\"The Company of St. George\",\"description\":\"An artillery company of the 15th century\",\"potentialAction\":[{\"@type\":\"SearchAction\",\"target\":{\"@type\":\"EntryPoint\",\"urlTemplate\":\"https:\/\/companie-of-st-george.ch\/fr\/?s={search_term_string}\"},\"query-input\":{\"@type\":\"PropertyValueSpecification\",\"valueRequired\":true,\"valueName\":\"search_term_string\"}}],\"inLanguage\":\"fr-FR\"}]}<\/script>\n<!-- \/ Yoast SEO plugin. -->","yoast_head_json":{"title":"Le Dragon online - The Company of St. George","robots":{"index":"index","follow":"follow","max-snippet":"max-snippet:-1","max-image-preview":"max-image-preview:large","max-video-preview":"max-video-preview:-1"},"canonical":"https:\/\/companie-of-st-george.ch\/fr\/publications\/dragons-online\/","og_locale":"fr_FR","og_type":"article","og_title":"Le Dragon online - The Company of St. George","og_url":"https:\/\/companie-of-st-george.ch\/fr\/publications\/dragons-online\/","og_site_name":"The Company of St. George","article_modified_time":"2020-12-23T18:47:32+00:00","twitter_card":"summary_large_image","twitter_misc":{"Dur\u00e9e de lecture estim\u00e9e":"8 minutes"},"schema":{"@context":"https:\/\/schema.org","@graph":[{"@type":"WebPage","@id":"https:\/\/companie-of-st-george.ch\/fr\/publications\/dragons-online\/","url":"https:\/\/companie-of-st-george.ch\/fr\/publications\/dragons-online\/","name":"Le Dragon online - The Company of St. George","isPartOf":{"@id":"https:\/\/companie-of-st-george.ch\/fr\/#website"},"datePublished":"2020-07-30T06:47:09+00:00","dateModified":"2020-12-23T18:47:32+00:00","breadcrumb":{"@id":"https:\/\/companie-of-st-george.ch\/fr\/publications\/dragons-online\/#breadcrumb"},"inLanguage":"fr-FR","potentialAction":[{"@type":"ReadAction","target":["https:\/\/companie-of-st-george.ch\/fr\/publications\/dragons-online\/"]}]},{"@type":"BreadcrumbList","@id":"https:\/\/companie-of-st-george.ch\/fr\/publications\/dragons-online\/#breadcrumb","itemListElement":[{"@type":"ListItem","position":1,"name":"Home","item":"https:\/\/companie-of-st-george.ch\/fr\/"},{"@type":"ListItem","position":2,"name":"Publications","item":"https:\/\/companie-of-st-george.ch\/fr\/publications\/"},{"@type":"ListItem","position":3,"name":"Le Dragon online"}]},{"@type":"WebSite","@id":"https:\/\/companie-of-st-george.ch\/fr\/#website","url":"https:\/\/companie-of-st-george.ch\/fr\/","name":"The Company of St. George","description":"An artillery company of the 15th century","potentialAction":[{"@type":"SearchAction","target":{"@type":"EntryPoint","urlTemplate":"https:\/\/companie-of-st-george.ch\/fr\/?s={search_term_string}"},"query-input":{"@type":"PropertyValueSpecification","valueRequired":true,"valueName":"search_term_string"}}],"inLanguage":"fr-FR"}]}},"_links":{"self":[{"href":"https:\/\/companie-of-st-george.ch\/fr\/wp-json\/wp\/v2\/pages\/16188","targetHints":{"allow":["GET"]}}],"collection":[{"href":"https:\/\/companie-of-st-george.ch\/fr\/wp-json\/wp\/v2\/pages"}],"about":[{"href":"https:\/\/companie-of-st-george.ch\/fr\/wp-json\/wp\/v2\/types\/page"}],"author":[{"embeddable":true,"href":"https:\/\/companie-of-st-george.ch\/fr\/wp-json\/wp\/v2\/users\/1"}],"replies":[{"embeddable":true,"href":"https:\/\/companie-of-st-george.ch\/fr\/wp-json\/wp\/v2\/comments?post=16188"}],"version-history":[{"count":4,"href":"https:\/\/companie-of-st-george.ch\/fr\/wp-json\/wp\/v2\/pages\/16188\/revisions"}],"predecessor-version":[{"id":16616,"href":"https:\/\/companie-of-st-george.ch\/fr\/wp-json\/wp\/v2\/pages\/16188\/revisions\/16616"}],"up":[{"embeddable":true,"href":"https:\/\/companie-of-st-george.ch\/fr\/wp-json\/wp\/v2\/pages\/16057"}],"wp:attachment":[{"href":"https:\/\/companie-of-st-george.ch\/fr\/wp-json\/wp\/v2\/media?parent=16188"}],"curies":[{"name":"wp","href":"https:\/\/api.w.org\/{rel}","templated":true}]}}