{"id":16060,"date":"2020-02-15T11:05:24","date_gmt":"2020-02-15T10:05:24","guid":{"rendered":"https:\/\/companie-of-st-george.ch\/wordpress\/publications\/kostuemanleitung\/"},"modified":"2020-12-01T21:42:41","modified_gmt":"2020-12-01T20:42:41","slug":"guide-masculin","status":"publish","type":"page","link":"https:\/\/companie-of-st-george.ch\/fr\/publications\/guide-masculin\/","title":{"rendered":"Guide du v\u00eatement masculin"},"content":{"rendered":"<div id=\"cmsmasters_row_qtkv038k5i\" class=\"cmsmasters_row cmsmasters_color_scheme_default cmsmasters_row_top_default cmsmasters_row_bot_default cmsmasters_row_boxed\">\n<div class=\"cmsmasters_row_outer_parent\">\n<div class=\"cmsmasters_row_outer\">\n<div class=\"cmsmasters_row_inner\">\n<div class=\"cmsmasters_row_margin\">\n<div id=\"cmsmasters_column_3tk5ptlgu\" class=\"cmsmasters_column one_first\">\n<div class=\"cmsmasters_column_inner\"><div class=\"cmsmasters_text\">\n<p>&nbsp;<\/p>\n<p>Porter des v\u00eatements exacts et ad\u00e9quats est fondamental d\u00e8s lors que l&rsquo;on pratique l&rsquo;histoire vivante. Contrairement \u00e0 d&rsquo;autres \u00e9quipements, on ne peut rien faire sans v\u00eatements \u2013 c&rsquo;est le minimum requis. Avant d&rsquo;acheter une armure \u00e9tincelante, il faut avoir quelque chose \u00e0 porter dessous &#8230; et pouvoir vivre, marcher, travailler, se battre avec. Leur conception est totalement diff\u00e9rente de celle des costumes de th\u00e9\u00e2tre ou de cin\u00e9ma; puisqu\u2019ils doivent \u00eatre port\u00e9s et utilis\u00e9s comme des v\u00eatements de tous les jours, ils sont cr\u00e9\u00e9s afin de se comporter comme des v\u00eatements habituels.<\/p>\n<p>Soyons honn\u00eates, le v\u00eatement masculin tel qu&rsquo;on peut le voir dans les \u0153uvres d&rsquo;art du 15\u00e8me si\u00e8cle semble un peu \u00e9trange \u00e0 nos yeux: un pantalon \u00e9troit, attach\u00e9 avec de multiples cordons \u00e0 une courte veste tr\u00e8s ajust\u00e9e. Il d\u00e9passe notre entendement qu&rsquo;ils aient r\u00e9ussi \u00e0 obtenir un tel r\u00e9sultat sans l&rsquo;aide de toutes les fibres synth\u00e9tiques et \u00e9lastiques que nous avons aujourd&rsquo;hui, et qu&rsquo;ils aient pu s&rsquo;y mouvoir avec aise. Si des g\u00e9n\u00e9rations d&rsquo;hommes ont port\u00e9 de tels v\u00eatements, il faut n\u00e9anmoins bien se rendre \u00e0 l&rsquo;\u00e9vidence; ils devaient remplir leur r\u00f4le plut\u00f4t efficacement&#8230;<\/p>\n<p><img loading=\"lazy\" decoding=\"async\" class=\"size-full wp-image-15658 alignright\" src=\"https:\/\/companie-of-st-george.ch\/wordpress\/wp-content\/uploads\/2020\/02\/male-costume-guide.png\" alt=\"\" width=\"480\" height=\"363\" srcset=\"https:\/\/companie-of-st-george.ch\/wordpress\/wp-content\/uploads\/2020\/02\/male-costume-guide.png 480w, https:\/\/companie-of-st-george.ch\/wordpress\/wp-content\/uploads\/2020\/02\/male-costume-guide-300x227.png 300w\" sizes=\"auto, (max-width: 480px) 100vw, 480px\" \/><\/p>\n<p>Apr\u00e8s des ann\u00e9es \u00e0 tra\u00eener en chausses et pourpoint, \u00e0 courir, \u00e0 escalader, \u00e0 porter une armure, \u00e0 combattre et \u00e0 ramer en les portant, nous avons d\u00e9couvert qu&rsquo;obtenir un ajustement correcte n&rsquo;est pas seulement une question de style mais surtout une question d&rsquo;aise et de confort qui vaut bien le surcro\u00eet de travail.<\/p>\n<p>Ce guide n&rsquo;est ni une th\u00e8se sur le costume du 15\u00e8me si\u00e8cle, ni un catalogue des particularismes r\u00e9gionaux et encore moins une m\u00e9thode de couture \u00e9tape par \u00e9tape. Nous avons voulu compiler les v\u00eatements qui nous semblaient essentiels pour les membres de la Compagnie de Saint Georges et rassembler les principes de base pour que ces tenues soient suffisamment bien ajust\u00e9es.<\/p>\n<p>N&rsquo;h\u00e9sitez pas \u00e0 nous faire part de vos commentaires, notes et r\u00e9flexions sur ce sujet et ce guide.<\/p>\n<p>Ce guide du v\u00eatement a \u00e9t\u00e9 publi\u00e9 en 2010.<\/p>\n<p>&nbsp;<\/p>\n<p><a href=\"https:\/\/companie-of-st-george.ch\/wordpress\/wp-content\/uploads\/2020\/09\/cosg2010-clothing-guide-men.pdf\" target=\"_blank\" rel=\"noopener noreferrer\">T\u00e9l\u00e9chargement<\/a><\/p>\n<p>&nbsp;<\/p>\n<\/div>\n<\/div><\/div>\n<\/div>\n<\/div>\n<\/div>\n<\/div>\n<\/div>\n\n","protected":false},"excerpt":{"rendered":"","protected":false},"author":1,"featured_media":0,"parent":16057,"menu_order":0,"comment_status":"closed","ping_status":"closed","template":"","meta":{"footnotes":""},"class_list":["post-16060","page","type-page","status-publish","hentry"],"yoast_head":"<!-- This site is optimized with the Yoast SEO plugin v26.4 - https:\/\/yoast.com\/wordpress\/plugins\/seo\/ -->\n<title>Guide du v\u00eatement masculin - The Company of St. George<\/title>\n<meta name=\"description\" content=\"Ce guide n&#039;est ni une th\u00e8se sur le costume du 15\u00e8me si\u00e8cle, ni un catalogue des particularismes r\u00e9gionaux et encore moins une m\u00e9thode de couture \u00e9tape par \u00e9tape. Nous avons voulu compiler les v\u00eatements qui nous semblaient essentiels pour les membres de la Compagnie de Saint Georges et rassembler les principes de base pour que ces tenues soient suffisamment bien ajust\u00e9es.\" \/>\n<meta name=\"robots\" content=\"index, follow, max-snippet:-1, max-image-preview:large, max-video-preview:-1\" \/>\n<link rel=\"canonical\" href=\"https:\/\/companie-of-st-george.ch\/fr\/publications\/guide-masculin\/\" \/>\n<meta property=\"og:locale\" content=\"fr_FR\" \/>\n<meta property=\"og:type\" content=\"article\" \/>\n<meta property=\"og:title\" content=\"Guide du v\u00eatement masculin - The Company of St. George\" \/>\n<meta property=\"og:description\" content=\"Ce guide n&#039;est ni une th\u00e8se sur le costume du 15\u00e8me si\u00e8cle, ni un catalogue des particularismes r\u00e9gionaux et encore moins une m\u00e9thode de couture \u00e9tape par \u00e9tape. Nous avons voulu compiler les v\u00eatements qui nous semblaient essentiels pour les membres de la Compagnie de Saint Georges et rassembler les principes de base pour que ces tenues soient suffisamment bien ajust\u00e9es.\" \/>\n<meta property=\"og:url\" content=\"https:\/\/companie-of-st-george.ch\/fr\/publications\/guide-masculin\/\" \/>\n<meta property=\"og:site_name\" content=\"The Company of St. George\" \/>\n<meta property=\"article:modified_time\" content=\"2020-12-01T20:42:41+00:00\" \/>\n<meta property=\"og:image\" content=\"https:\/\/companie-of-st-george.ch\/wordpress\/wp-content\/uploads\/2020\/02\/male-costume-guide.png\" \/>\n\t<meta property=\"og:image:width\" content=\"480\" \/>\n\t<meta property=\"og:image:height\" content=\"363\" \/>\n\t<meta property=\"og:image:type\" content=\"image\/png\" \/>\n<meta name=\"twitter:card\" content=\"summary_large_image\" \/>\n<meta name=\"twitter:description\" content=\"Ce guide n&#039;est ni une th\u00e8se sur le costume du 15\u00e8me si\u00e8cle, ni un catalogue des particularismes r\u00e9gionaux et encore moins une m\u00e9thode de couture \u00e9tape par \u00e9tape. Nous avons voulu compiler les v\u00eatements qui nous semblaient essentiels pour les membres de la Compagnie de Saint Georges et rassembler les principes de base pour que ces tenues soient suffisamment bien ajust\u00e9es.\" \/>\n<meta name=\"twitter:image\" content=\"https:\/\/companie-of-st-george.ch\/wordpress\/wp-content\/uploads\/2020\/02\/male-costume-guide.png\" \/>\n<meta name=\"twitter:label1\" content=\"Dur\u00e9e de lecture estim\u00e9e\" \/>\n\t<meta name=\"twitter:data1\" content=\"3 minutes\" \/>\n<script type=\"application\/ld+json\" class=\"yoast-schema-graph\">{\"@context\":\"https:\/\/schema.org\",\"@graph\":[{\"@type\":\"WebPage\",\"@id\":\"https:\/\/companie-of-st-george.ch\/fr\/publications\/guide-masculin\/\",\"url\":\"https:\/\/companie-of-st-george.ch\/fr\/publications\/guide-masculin\/\",\"name\":\"Guide du v\u00eatement masculin - The Company of St. George\",\"isPartOf\":{\"@id\":\"https:\/\/companie-of-st-george.ch\/fr\/#website\"},\"primaryImageOfPage\":{\"@id\":\"https:\/\/companie-of-st-george.ch\/fr\/publications\/guide-masculin\/#primaryimage\"},\"image\":{\"@id\":\"https:\/\/companie-of-st-george.ch\/fr\/publications\/guide-masculin\/#primaryimage\"},\"thumbnailUrl\":\"https:\/\/companie-of-st-george.ch\/wordpress\/wp-content\/uploads\/2020\/02\/male-costume-guide.png\",\"datePublished\":\"2020-02-15T10:05:24+00:00\",\"dateModified\":\"2020-12-01T20:42:41+00:00\",\"description\":\"Ce guide n'est ni une th\u00e8se sur le costume du 15\u00e8me si\u00e8cle, ni un catalogue des particularismes r\u00e9gionaux et encore moins une m\u00e9thode de couture \u00e9tape par \u00e9tape. Nous avons voulu compiler les v\u00eatements qui nous semblaient essentiels pour les membres de la Compagnie de Saint Georges et rassembler les principes de base pour que ces tenues soient suffisamment bien ajust\u00e9es.\",\"breadcrumb\":{\"@id\":\"https:\/\/companie-of-st-george.ch\/fr\/publications\/guide-masculin\/#breadcrumb\"},\"inLanguage\":\"fr-FR\",\"potentialAction\":[{\"@type\":\"ReadAction\",\"target\":[\"https:\/\/companie-of-st-george.ch\/fr\/publications\/guide-masculin\/\"]}]},{\"@type\":\"ImageObject\",\"inLanguage\":\"fr-FR\",\"@id\":\"https:\/\/companie-of-st-george.ch\/fr\/publications\/guide-masculin\/#primaryimage\",\"url\":\"https:\/\/companie-of-st-george.ch\/wordpress\/wp-content\/uploads\/2020\/02\/male-costume-guide.png\",\"contentUrl\":\"https:\/\/companie-of-st-george.ch\/wordpress\/wp-content\/uploads\/2020\/02\/male-costume-guide.png\"},{\"@type\":\"BreadcrumbList\",\"@id\":\"https:\/\/companie-of-st-george.ch\/fr\/publications\/guide-masculin\/#breadcrumb\",\"itemListElement\":[{\"@type\":\"ListItem\",\"position\":1,\"name\":\"Home\",\"item\":\"https:\/\/companie-of-st-george.ch\/fr\/\"},{\"@type\":\"ListItem\",\"position\":2,\"name\":\"Publications\",\"item\":\"https:\/\/companie-of-st-george.ch\/fr\/publications\/\"},{\"@type\":\"ListItem\",\"position\":3,\"name\":\"Guide du v\u00eatement masculin\"}]},{\"@type\":\"WebSite\",\"@id\":\"https:\/\/companie-of-st-george.ch\/fr\/#website\",\"url\":\"https:\/\/companie-of-st-george.ch\/fr\/\",\"name\":\"The Company of St. George\",\"description\":\"An artillery company of the 15th century\",\"potentialAction\":[{\"@type\":\"SearchAction\",\"target\":{\"@type\":\"EntryPoint\",\"urlTemplate\":\"https:\/\/companie-of-st-george.ch\/fr\/?s={search_term_string}\"},\"query-input\":{\"@type\":\"PropertyValueSpecification\",\"valueRequired\":true,\"valueName\":\"search_term_string\"}}],\"inLanguage\":\"fr-FR\"}]}<\/script>\n<!-- \/ Yoast SEO plugin. -->","yoast_head_json":{"title":"Guide du v\u00eatement masculin - The Company of St. George","description":"Ce guide n'est ni une th\u00e8se sur le costume du 15\u00e8me si\u00e8cle, ni un catalogue des particularismes r\u00e9gionaux et encore moins une m\u00e9thode de couture \u00e9tape par \u00e9tape. Nous avons voulu compiler les v\u00eatements qui nous semblaient essentiels pour les membres de la Compagnie de Saint Georges et rassembler les principes de base pour que ces tenues soient suffisamment bien ajust\u00e9es.","robots":{"index":"index","follow":"follow","max-snippet":"max-snippet:-1","max-image-preview":"max-image-preview:large","max-video-preview":"max-video-preview:-1"},"canonical":"https:\/\/companie-of-st-george.ch\/fr\/publications\/guide-masculin\/","og_locale":"fr_FR","og_type":"article","og_title":"Guide du v\u00eatement masculin - The Company of St. George","og_description":"Ce guide n'est ni une th\u00e8se sur le costume du 15\u00e8me si\u00e8cle, ni un catalogue des particularismes r\u00e9gionaux et encore moins une m\u00e9thode de couture \u00e9tape par \u00e9tape. Nous avons voulu compiler les v\u00eatements qui nous semblaient essentiels pour les membres de la Compagnie de Saint Georges et rassembler les principes de base pour que ces tenues soient suffisamment bien ajust\u00e9es.","og_url":"https:\/\/companie-of-st-george.ch\/fr\/publications\/guide-masculin\/","og_site_name":"The Company of St. George","article_modified_time":"2020-12-01T20:42:41+00:00","og_image":[{"width":480,"height":363,"url":"https:\/\/companie-of-st-george.ch\/wordpress\/wp-content\/uploads\/2020\/02\/male-costume-guide.png","type":"image\/png"}],"twitter_card":"summary_large_image","twitter_description":"Ce guide n'est ni une th\u00e8se sur le costume du 15\u00e8me si\u00e8cle, ni un catalogue des particularismes r\u00e9gionaux et encore moins une m\u00e9thode de couture \u00e9tape par \u00e9tape. Nous avons voulu compiler les v\u00eatements qui nous semblaient essentiels pour les membres de la Compagnie de Saint Georges et rassembler les principes de base pour que ces tenues soient suffisamment bien ajust\u00e9es.","twitter_image":"https:\/\/companie-of-st-george.ch\/wordpress\/wp-content\/uploads\/2020\/02\/male-costume-guide.png","twitter_misc":{"Dur\u00e9e de lecture estim\u00e9e":"3 minutes"},"schema":{"@context":"https:\/\/schema.org","@graph":[{"@type":"WebPage","@id":"https:\/\/companie-of-st-george.ch\/fr\/publications\/guide-masculin\/","url":"https:\/\/companie-of-st-george.ch\/fr\/publications\/guide-masculin\/","name":"Guide du v\u00eatement masculin - The Company of St. George","isPartOf":{"@id":"https:\/\/companie-of-st-george.ch\/fr\/#website"},"primaryImageOfPage":{"@id":"https:\/\/companie-of-st-george.ch\/fr\/publications\/guide-masculin\/#primaryimage"},"image":{"@id":"https:\/\/companie-of-st-george.ch\/fr\/publications\/guide-masculin\/#primaryimage"},"thumbnailUrl":"https:\/\/companie-of-st-george.ch\/wordpress\/wp-content\/uploads\/2020\/02\/male-costume-guide.png","datePublished":"2020-02-15T10:05:24+00:00","dateModified":"2020-12-01T20:42:41+00:00","description":"Ce guide n'est ni une th\u00e8se sur le costume du 15\u00e8me si\u00e8cle, ni un catalogue des particularismes r\u00e9gionaux et encore moins une m\u00e9thode de couture \u00e9tape par \u00e9tape. Nous avons voulu compiler les v\u00eatements qui nous semblaient essentiels pour les membres de la Compagnie de Saint Georges et rassembler les principes de base pour que ces tenues soient suffisamment bien ajust\u00e9es.","breadcrumb":{"@id":"https:\/\/companie-of-st-george.ch\/fr\/publications\/guide-masculin\/#breadcrumb"},"inLanguage":"fr-FR","potentialAction":[{"@type":"ReadAction","target":["https:\/\/companie-of-st-george.ch\/fr\/publications\/guide-masculin\/"]}]},{"@type":"ImageObject","inLanguage":"fr-FR","@id":"https:\/\/companie-of-st-george.ch\/fr\/publications\/guide-masculin\/#primaryimage","url":"https:\/\/companie-of-st-george.ch\/wordpress\/wp-content\/uploads\/2020\/02\/male-costume-guide.png","contentUrl":"https:\/\/companie-of-st-george.ch\/wordpress\/wp-content\/uploads\/2020\/02\/male-costume-guide.png"},{"@type":"BreadcrumbList","@id":"https:\/\/companie-of-st-george.ch\/fr\/publications\/guide-masculin\/#breadcrumb","itemListElement":[{"@type":"ListItem","position":1,"name":"Home","item":"https:\/\/companie-of-st-george.ch\/fr\/"},{"@type":"ListItem","position":2,"name":"Publications","item":"https:\/\/companie-of-st-george.ch\/fr\/publications\/"},{"@type":"ListItem","position":3,"name":"Guide du v\u00eatement masculin"}]},{"@type":"WebSite","@id":"https:\/\/companie-of-st-george.ch\/fr\/#website","url":"https:\/\/companie-of-st-george.ch\/fr\/","name":"The Company of St. George","description":"An artillery company of the 15th century","potentialAction":[{"@type":"SearchAction","target":{"@type":"EntryPoint","urlTemplate":"https:\/\/companie-of-st-george.ch\/fr\/?s={search_term_string}"},"query-input":{"@type":"PropertyValueSpecification","valueRequired":true,"valueName":"search_term_string"}}],"inLanguage":"fr-FR"}]}},"_links":{"self":[{"href":"https:\/\/companie-of-st-george.ch\/fr\/wp-json\/wp\/v2\/pages\/16060","targetHints":{"allow":["GET"]}}],"collection":[{"href":"https:\/\/companie-of-st-george.ch\/fr\/wp-json\/wp\/v2\/pages"}],"about":[{"href":"https:\/\/companie-of-st-george.ch\/fr\/wp-json\/wp\/v2\/types\/page"}],"author":[{"embeddable":true,"href":"https:\/\/companie-of-st-george.ch\/fr\/wp-json\/wp\/v2\/users\/1"}],"replies":[{"embeddable":true,"href":"https:\/\/companie-of-st-george.ch\/fr\/wp-json\/wp\/v2\/comments?post=16060"}],"version-history":[{"count":7,"href":"https:\/\/companie-of-st-george.ch\/fr\/wp-json\/wp\/v2\/pages\/16060\/revisions"}],"predecessor-version":[{"id":16472,"href":"https:\/\/companie-of-st-george.ch\/fr\/wp-json\/wp\/v2\/pages\/16060\/revisions\/16472"}],"up":[{"embeddable":true,"href":"https:\/\/companie-of-st-george.ch\/fr\/wp-json\/wp\/v2\/pages\/16057"}],"wp:attachment":[{"href":"https:\/\/companie-of-st-george.ch\/fr\/wp-json\/wp\/v2\/media?parent=16060"}],"curies":[{"name":"wp","href":"https:\/\/api.w.org\/{rel}","templated":true}]}}