{"id":16050,"date":"2016-06-24T12:08:02","date_gmt":"2016-06-24T10:08:02","guid":{"rendered":"https:\/\/companie-of-st-george.ch\/wordpress\/kontakt\/"},"modified":"2025-08-31T13:52:24","modified_gmt":"2025-08-31T11:52:24","slug":"contact","status":"publish","type":"page","link":"https:\/\/companie-of-st-george.ch\/fr\/a-propos\/contact\/","title":{"rendered":"Contact"},"content":{"rendered":"<div id=\"cmsmasters_row_61j281i2as\" class=\"cmsmasters_row cmsmasters_color_scheme_default cmsmasters_row_top_default cmsmasters_row_bot_default cmsmasters_row_boxed\">\n<div class=\"cmsmasters_row_outer_parent\">\n<div class=\"cmsmasters_row_outer\">\n<div class=\"cmsmasters_row_inner\">\n<div class=\"cmsmasters_row_margin\">\n<div id=\"cmsmasters_column_p19675ynj5\" class=\"cmsmasters_column one_first\">\n<div class=\"cmsmasters_column_inner\"><div class=\"cmsmasters_text\">\n<p>&nbsp;<\/p>\n<p>Vous pouvez joindre la Compagnie aux coordonn\u00e9es suivantes:<\/p>\n<p>&nbsp;<\/p>\n<p>Company of St. George<br \/>\nRoute du Centre 24<br \/>\n1720 Corminboeuf<br \/>\nSuisse<br \/>\nE-mail: <a href=\"mailto:contact@companie-of-st-george.ch\">contact@companie-of-st-george.ch<\/a><\/p>\n<p>&nbsp;<\/p>\n<p>Nous sommes \u00e0 votre disposition si vous souhaitez accueillir un \u00e9v\u00e9nement de la Compagnie. Afin de vous proposer un concept sur mesure, nous organiserons une rencontre et visiterons le lieu avec vous. Forts de 30 ans d&rsquo;exp\u00e9rience en histoire vivante aupr\u00e8s de nombreuses institutions mus\u00e9ales dans toute l&rsquo;Europe, nous saurons faire rena\u00eetre l&rsquo;Histoire au coeur de votre mus\u00e9e ou de votre ville!<\/p>\n<p>Nous r\u00e9pondrons \u00e9galement volontiers \u00e0 vos questions concernant le costume ou le mat\u00e9riel. Cependant, nous vous demandons d&rsquo;\u00eatre patient-e: en raison des nombreuses demandes que nous recevons, cela prendra peut-\u00eatre un peu de temps.<\/p>\n<p>&nbsp;<\/p>\n<\/div>\n<\/div><\/div>\n<\/div>\n<\/div>\n<\/div>\n<\/div>\n<\/div>\n\n","protected":false},"excerpt":{"rendered":"","protected":false},"author":1,"featured_media":0,"parent":16026,"menu_order":6,"comment_status":"closed","ping_status":"closed","template":"","meta":{"footnotes":""},"class_list":["post-16050","page","type-page","status-publish","hentry"],"yoast_head":"<!-- This site is optimized with the Yoast SEO plugin v26.4 - https:\/\/yoast.com\/wordpress\/plugins\/seo\/ -->\n<title>Contact - The Company of St. George<\/title>\n<meta name=\"robots\" content=\"index, follow, max-snippet:-1, max-image-preview:large, max-video-preview:-1\" \/>\n<link rel=\"canonical\" href=\"https:\/\/companie-of-st-george.ch\/fr\/a-propos\/contact\/\" \/>\n<meta property=\"og:locale\" content=\"fr_FR\" \/>\n<meta property=\"og:type\" content=\"article\" \/>\n<meta property=\"og:title\" content=\"Contact - The Company of St. George\" \/>\n<meta property=\"og:url\" content=\"https:\/\/companie-of-st-george.ch\/fr\/a-propos\/contact\/\" \/>\n<meta property=\"og:site_name\" content=\"The Company of St. George\" \/>\n<meta property=\"article:modified_time\" content=\"2025-08-31T11:52:24+00:00\" \/>\n<meta name=\"twitter:card\" content=\"summary_large_image\" \/>\n<meta name=\"twitter:label1\" content=\"Dur\u00e9e de lecture estim\u00e9e\" \/>\n\t<meta name=\"twitter:data1\" content=\"1 minute\" \/>\n<script type=\"application\/ld+json\" class=\"yoast-schema-graph\">{\"@context\":\"https:\/\/schema.org\",\"@graph\":[{\"@type\":\"WebPage\",\"@id\":\"https:\/\/companie-of-st-george.ch\/fr\/a-propos\/contact\/\",\"url\":\"https:\/\/companie-of-st-george.ch\/fr\/a-propos\/contact\/\",\"name\":\"Contact - The Company of St. George\",\"isPartOf\":{\"@id\":\"https:\/\/companie-of-st-george.ch\/fr\/#website\"},\"datePublished\":\"2016-06-24T10:08:02+00:00\",\"dateModified\":\"2025-08-31T11:52:24+00:00\",\"breadcrumb\":{\"@id\":\"https:\/\/companie-of-st-george.ch\/fr\/a-propos\/contact\/#breadcrumb\"},\"inLanguage\":\"fr-FR\",\"potentialAction\":[{\"@type\":\"ReadAction\",\"target\":[\"https:\/\/companie-of-st-george.ch\/fr\/a-propos\/contact\/\"]}]},{\"@type\":\"BreadcrumbList\",\"@id\":\"https:\/\/companie-of-st-george.ch\/fr\/a-propos\/contact\/#breadcrumb\",\"itemListElement\":[{\"@type\":\"ListItem\",\"position\":1,\"name\":\"Home\",\"item\":\"https:\/\/companie-of-st-george.ch\/fr\/\"},{\"@type\":\"ListItem\",\"position\":2,\"name\":\"A propos\",\"item\":\"https:\/\/companie-of-st-george.ch\/fr\/a-propos\/\"},{\"@type\":\"ListItem\",\"position\":3,\"name\":\"Contact\"}]},{\"@type\":\"WebSite\",\"@id\":\"https:\/\/companie-of-st-george.ch\/fr\/#website\",\"url\":\"https:\/\/companie-of-st-george.ch\/fr\/\",\"name\":\"The Company of St. George\",\"description\":\"An artillery company of the 15th century\",\"potentialAction\":[{\"@type\":\"SearchAction\",\"target\":{\"@type\":\"EntryPoint\",\"urlTemplate\":\"https:\/\/companie-of-st-george.ch\/fr\/?s={search_term_string}\"},\"query-input\":{\"@type\":\"PropertyValueSpecification\",\"valueRequired\":true,\"valueName\":\"search_term_string\"}}],\"inLanguage\":\"fr-FR\"}]}<\/script>\n<!-- \/ Yoast SEO plugin. -->","yoast_head_json":{"title":"Contact - The Company of St. George","robots":{"index":"index","follow":"follow","max-snippet":"max-snippet:-1","max-image-preview":"max-image-preview:large","max-video-preview":"max-video-preview:-1"},"canonical":"https:\/\/companie-of-st-george.ch\/fr\/a-propos\/contact\/","og_locale":"fr_FR","og_type":"article","og_title":"Contact - The Company of St. George","og_url":"https:\/\/companie-of-st-george.ch\/fr\/a-propos\/contact\/","og_site_name":"The Company of St. George","article_modified_time":"2025-08-31T11:52:24+00:00","twitter_card":"summary_large_image","twitter_misc":{"Dur\u00e9e de lecture estim\u00e9e":"1 minute"},"schema":{"@context":"https:\/\/schema.org","@graph":[{"@type":"WebPage","@id":"https:\/\/companie-of-st-george.ch\/fr\/a-propos\/contact\/","url":"https:\/\/companie-of-st-george.ch\/fr\/a-propos\/contact\/","name":"Contact - The Company of St. George","isPartOf":{"@id":"https:\/\/companie-of-st-george.ch\/fr\/#website"},"datePublished":"2016-06-24T10:08:02+00:00","dateModified":"2025-08-31T11:52:24+00:00","breadcrumb":{"@id":"https:\/\/companie-of-st-george.ch\/fr\/a-propos\/contact\/#breadcrumb"},"inLanguage":"fr-FR","potentialAction":[{"@type":"ReadAction","target":["https:\/\/companie-of-st-george.ch\/fr\/a-propos\/contact\/"]}]},{"@type":"BreadcrumbList","@id":"https:\/\/companie-of-st-george.ch\/fr\/a-propos\/contact\/#breadcrumb","itemListElement":[{"@type":"ListItem","position":1,"name":"Home","item":"https:\/\/companie-of-st-george.ch\/fr\/"},{"@type":"ListItem","position":2,"name":"A propos","item":"https:\/\/companie-of-st-george.ch\/fr\/a-propos\/"},{"@type":"ListItem","position":3,"name":"Contact"}]},{"@type":"WebSite","@id":"https:\/\/companie-of-st-george.ch\/fr\/#website","url":"https:\/\/companie-of-st-george.ch\/fr\/","name":"The Company of St. George","description":"An artillery company of the 15th century","potentialAction":[{"@type":"SearchAction","target":{"@type":"EntryPoint","urlTemplate":"https:\/\/companie-of-st-george.ch\/fr\/?s={search_term_string}"},"query-input":{"@type":"PropertyValueSpecification","valueRequired":true,"valueName":"search_term_string"}}],"inLanguage":"fr-FR"}]}},"_links":{"self":[{"href":"https:\/\/companie-of-st-george.ch\/fr\/wp-json\/wp\/v2\/pages\/16050","targetHints":{"allow":["GET"]}}],"collection":[{"href":"https:\/\/companie-of-st-george.ch\/fr\/wp-json\/wp\/v2\/pages"}],"about":[{"href":"https:\/\/companie-of-st-george.ch\/fr\/wp-json\/wp\/v2\/types\/page"}],"author":[{"embeddable":true,"href":"https:\/\/companie-of-st-george.ch\/fr\/wp-json\/wp\/v2\/users\/1"}],"replies":[{"embeddable":true,"href":"https:\/\/companie-of-st-george.ch\/fr\/wp-json\/wp\/v2\/comments?post=16050"}],"version-history":[{"count":5,"href":"https:\/\/companie-of-st-george.ch\/fr\/wp-json\/wp\/v2\/pages\/16050\/revisions"}],"predecessor-version":[{"id":17452,"href":"https:\/\/companie-of-st-george.ch\/fr\/wp-json\/wp\/v2\/pages\/16050\/revisions\/17452"}],"up":[{"embeddable":true,"href":"https:\/\/companie-of-st-george.ch\/fr\/wp-json\/wp\/v2\/pages\/16026"}],"wp:attachment":[{"href":"https:\/\/companie-of-st-george.ch\/fr\/wp-json\/wp\/v2\/media?parent=16050"}],"curies":[{"name":"wp","href":"https:\/\/api.w.org\/{rel}","templated":true}]}}