{"id":16042,"date":"2019-12-09T07:01:46","date_gmt":"2019-12-09T06:01:46","guid":{"rendered":"https:\/\/companie-of-st-george.ch\/wordpress\/a-propos\/mitgliedschaft\/"},"modified":"2020-07-30T11:26:13","modified_gmt":"2020-07-30T09:26:13","slug":"adhesion","status":"publish","type":"page","link":"https:\/\/companie-of-st-george.ch\/fr\/a-propos\/adhesion\/","title":{"rendered":"Adh\u00e9sion \u00e0 la Compagnie de Saint Georges"},"content":{"rendered":"<div id=\"cmsmasters_row_6uukwywloa\" class=\"cmsmasters_row cmsmasters_color_scheme_default cmsmasters_row_top_default cmsmasters_row_bot_default cmsmasters_row_boxed\">\n<div class=\"cmsmasters_row_outer_parent\">\n<div class=\"cmsmasters_row_outer\">\n<div class=\"cmsmasters_row_inner\">\n<div class=\"cmsmasters_row_margin\">\n<div id=\"cmsmasters_column_2ii8xo69r\" class=\"cmsmasters_column one_first\">\n<div class=\"cmsmasters_column_inner\"><div class=\"cmsmasters_text\">\n<p>&nbsp;<\/p>\n<p>La Compagnie de Saint Georges est ouverte \u00e0 toute personne pr\u00eate \u00e0 partager les t\u00e2ches autant que les connaissances et l\u2019exp\u00e9rience.<\/p>\n<h2><b>Comment devenir membre<\/b><\/h2>\n<p>L\u2019adh\u00e9sion \u00e0 la Compagnie se fait de mani\u00e8re progressive. Une recrue potentielle participe d\u2019abord \u00e0 plusieurs de nos \u00e9v\u00e9nements en tant qu\u2019invit\u00e9-e. Cette p\u00e9riode permet de se familiariser avec la Compagnie sans faire d\u2019investissement particulier. Un costume acceptable est la seule chose qui soit absolument n\u00e9cessaire.<\/p>\n<p>Apr\u00e8s trois \u00e0 quatre \u00e9v\u00e9nements, la personne peut demander aux officiers de devenir recrue. Cette demande constitue un v\u00e9ritable engagement vis \u00e0 vis de la Compagnie. En effet, au bout d\u2019un an, la recrue devra poss\u00e9der un costume et un \u00e9quipement correspondant aux exigences de la Compagnie afin d\u2019obtenir le statut de membre. Pour ce faire, elle b\u00e9n\u00e9ficiera des conseils de l\u2019officier recruteur. Elle devra \u00e9galement faire preuve de motivation et bien s\u2019int\u00e9grer dans le groupe. Tous les membres sont susceptibles de donner leur avis \u00e0 ce sujet car tous sont garants de la bonne entente au sein de la Compagnie.<\/p>\n<p>Il est possible d\u2019entrer dans la Compagnie sans aucune exp\u00e9rience r\u00e9elle de l\u2019histoire vivante, mais cela demande plus d\u2019efforts. Nous avons en permanence environ une dizaine de recrues. La plupart ont d\u00e9j\u00e0 pratiqu\u00e9 l\u2019histoire vivante, mais quelques-unes sont d\u00e9butantes.<\/p>\n<h2><b>Comment nous contacter<\/b><\/h2>\n<p>Si vous d\u00e9sirez rejoindre la Compagnie, contactez nous \u00e0 cette adresse: <a href=\"mailto:contact@companie-of-st-george.ch\">contact@companie-of-st-george.ch<\/a>.<\/p>\n<p>&nbsp;<\/p>\n<\/div>\n<\/div><\/div>\n<\/div>\n<\/div>\n<\/div>\n<\/div>\n<\/div>\n\n","protected":false},"excerpt":{"rendered":"","protected":false},"author":1,"featured_media":0,"parent":16026,"menu_order":2,"comment_status":"closed","ping_status":"closed","template":"","meta":{"footnotes":""},"class_list":["post-16042","page","type-page","status-publish","hentry"],"yoast_head":"<!-- This site is optimized with the Yoast SEO plugin v26.4 - https:\/\/yoast.com\/wordpress\/plugins\/seo\/ -->\n<title>Adh\u00e9sion \u00e0 la Compagnie de Saint Georges - The Company of St. George<\/title>\n<meta name=\"robots\" content=\"index, follow, max-snippet:-1, max-image-preview:large, max-video-preview:-1\" \/>\n<link rel=\"canonical\" href=\"https:\/\/companie-of-st-george.ch\/fr\/a-propos\/adhesion\/\" \/>\n<meta property=\"og:locale\" content=\"fr_FR\" \/>\n<meta property=\"og:type\" content=\"article\" \/>\n<meta property=\"og:title\" content=\"Adh\u00e9sion \u00e0 la Compagnie de Saint Georges - The Company of St. George\" \/>\n<meta property=\"og:url\" content=\"https:\/\/companie-of-st-george.ch\/fr\/a-propos\/adhesion\/\" \/>\n<meta property=\"og:site_name\" content=\"The Company of St. George\" \/>\n<meta property=\"article:modified_time\" content=\"2020-07-30T09:26:13+00:00\" \/>\n<meta name=\"twitter:card\" content=\"summary_large_image\" \/>\n<meta name=\"twitter:label1\" content=\"Dur\u00e9e de lecture estim\u00e9e\" \/>\n\t<meta name=\"twitter:data1\" content=\"2 minutes\" \/>\n<script type=\"application\/ld+json\" class=\"yoast-schema-graph\">{\"@context\":\"https:\/\/schema.org\",\"@graph\":[{\"@type\":\"WebPage\",\"@id\":\"https:\/\/companie-of-st-george.ch\/fr\/a-propos\/adhesion\/\",\"url\":\"https:\/\/companie-of-st-george.ch\/fr\/a-propos\/adhesion\/\",\"name\":\"Adh\u00e9sion \u00e0 la Compagnie de Saint Georges - The Company of St. George\",\"isPartOf\":{\"@id\":\"https:\/\/companie-of-st-george.ch\/fr\/#website\"},\"datePublished\":\"2019-12-09T06:01:46+00:00\",\"dateModified\":\"2020-07-30T09:26:13+00:00\",\"breadcrumb\":{\"@id\":\"https:\/\/companie-of-st-george.ch\/fr\/a-propos\/adhesion\/#breadcrumb\"},\"inLanguage\":\"fr-FR\",\"potentialAction\":[{\"@type\":\"ReadAction\",\"target\":[\"https:\/\/companie-of-st-george.ch\/fr\/a-propos\/adhesion\/\"]}]},{\"@type\":\"BreadcrumbList\",\"@id\":\"https:\/\/companie-of-st-george.ch\/fr\/a-propos\/adhesion\/#breadcrumb\",\"itemListElement\":[{\"@type\":\"ListItem\",\"position\":1,\"name\":\"Home\",\"item\":\"https:\/\/companie-of-st-george.ch\/fr\/\"},{\"@type\":\"ListItem\",\"position\":2,\"name\":\"A propos\",\"item\":\"https:\/\/companie-of-st-george.ch\/fr\/a-propos\/\"},{\"@type\":\"ListItem\",\"position\":3,\"name\":\"Adh\u00e9sion \u00e0 la Compagnie de Saint Georges\"}]},{\"@type\":\"WebSite\",\"@id\":\"https:\/\/companie-of-st-george.ch\/fr\/#website\",\"url\":\"https:\/\/companie-of-st-george.ch\/fr\/\",\"name\":\"The Company of St. George\",\"description\":\"An artillery company of the 15th century\",\"potentialAction\":[{\"@type\":\"SearchAction\",\"target\":{\"@type\":\"EntryPoint\",\"urlTemplate\":\"https:\/\/companie-of-st-george.ch\/fr\/?s={search_term_string}\"},\"query-input\":{\"@type\":\"PropertyValueSpecification\",\"valueRequired\":true,\"valueName\":\"search_term_string\"}}],\"inLanguage\":\"fr-FR\"}]}<\/script>\n<!-- \/ Yoast SEO plugin. -->","yoast_head_json":{"title":"Adh\u00e9sion \u00e0 la Compagnie de Saint Georges - The Company of St. George","robots":{"index":"index","follow":"follow","max-snippet":"max-snippet:-1","max-image-preview":"max-image-preview:large","max-video-preview":"max-video-preview:-1"},"canonical":"https:\/\/companie-of-st-george.ch\/fr\/a-propos\/adhesion\/","og_locale":"fr_FR","og_type":"article","og_title":"Adh\u00e9sion \u00e0 la Compagnie de Saint Georges - The Company of St. George","og_url":"https:\/\/companie-of-st-george.ch\/fr\/a-propos\/adhesion\/","og_site_name":"The Company of St. George","article_modified_time":"2020-07-30T09:26:13+00:00","twitter_card":"summary_large_image","twitter_misc":{"Dur\u00e9e de lecture estim\u00e9e":"2 minutes"},"schema":{"@context":"https:\/\/schema.org","@graph":[{"@type":"WebPage","@id":"https:\/\/companie-of-st-george.ch\/fr\/a-propos\/adhesion\/","url":"https:\/\/companie-of-st-george.ch\/fr\/a-propos\/adhesion\/","name":"Adh\u00e9sion \u00e0 la Compagnie de Saint Georges - The Company of St. George","isPartOf":{"@id":"https:\/\/companie-of-st-george.ch\/fr\/#website"},"datePublished":"2019-12-09T06:01:46+00:00","dateModified":"2020-07-30T09:26:13+00:00","breadcrumb":{"@id":"https:\/\/companie-of-st-george.ch\/fr\/a-propos\/adhesion\/#breadcrumb"},"inLanguage":"fr-FR","potentialAction":[{"@type":"ReadAction","target":["https:\/\/companie-of-st-george.ch\/fr\/a-propos\/adhesion\/"]}]},{"@type":"BreadcrumbList","@id":"https:\/\/companie-of-st-george.ch\/fr\/a-propos\/adhesion\/#breadcrumb","itemListElement":[{"@type":"ListItem","position":1,"name":"Home","item":"https:\/\/companie-of-st-george.ch\/fr\/"},{"@type":"ListItem","position":2,"name":"A propos","item":"https:\/\/companie-of-st-george.ch\/fr\/a-propos\/"},{"@type":"ListItem","position":3,"name":"Adh\u00e9sion \u00e0 la Compagnie de Saint Georges"}]},{"@type":"WebSite","@id":"https:\/\/companie-of-st-george.ch\/fr\/#website","url":"https:\/\/companie-of-st-george.ch\/fr\/","name":"The Company of St. George","description":"An artillery company of the 15th century","potentialAction":[{"@type":"SearchAction","target":{"@type":"EntryPoint","urlTemplate":"https:\/\/companie-of-st-george.ch\/fr\/?s={search_term_string}"},"query-input":{"@type":"PropertyValueSpecification","valueRequired":true,"valueName":"search_term_string"}}],"inLanguage":"fr-FR"}]}},"_links":{"self":[{"href":"https:\/\/companie-of-st-george.ch\/fr\/wp-json\/wp\/v2\/pages\/16042","targetHints":{"allow":["GET"]}}],"collection":[{"href":"https:\/\/companie-of-st-george.ch\/fr\/wp-json\/wp\/v2\/pages"}],"about":[{"href":"https:\/\/companie-of-st-george.ch\/fr\/wp-json\/wp\/v2\/types\/page"}],"author":[{"embeddable":true,"href":"https:\/\/companie-of-st-george.ch\/fr\/wp-json\/wp\/v2\/users\/1"}],"replies":[{"embeddable":true,"href":"https:\/\/companie-of-st-george.ch\/fr\/wp-json\/wp\/v2\/comments?post=16042"}],"version-history":[{"count":2,"href":"https:\/\/companie-of-st-george.ch\/fr\/wp-json\/wp\/v2\/pages\/16042\/revisions"}],"predecessor-version":[{"id":16044,"href":"https:\/\/companie-of-st-george.ch\/fr\/wp-json\/wp\/v2\/pages\/16042\/revisions\/16044"}],"up":[{"embeddable":true,"href":"https:\/\/companie-of-st-george.ch\/fr\/wp-json\/wp\/v2\/pages\/16026"}],"wp:attachment":[{"href":"https:\/\/companie-of-st-george.ch\/fr\/wp-json\/wp\/v2\/media?parent=16042"}],"curies":[{"name":"wp","href":"https:\/\/api.w.org\/{rel}","templated":true}]}}