{"id":16032,"date":"2019-12-08T11:36:30","date_gmt":"2019-12-08T10:36:30","guid":{"rendered":"https:\/\/companie-of-st-george.ch\/wordpress\/a-propos\/prinzipien\/"},"modified":"2020-07-30T11:21:35","modified_gmt":"2020-07-30T09:21:35","slug":"principes","status":"publish","type":"page","link":"https:\/\/companie-of-st-george.ch\/fr\/a-propos\/principes\/","title":{"rendered":"Principes"},"content":{"rendered":"<div id=\"cmsmasters_row_ikn4do8rvb\" class=\"cmsmasters_row cmsmasters_color_scheme_default cmsmasters_row_top_default cmsmasters_row_bot_default cmsmasters_row_boxed\">\n<div class=\"cmsmasters_row_outer_parent\">\n<div class=\"cmsmasters_row_outer\">\n<div class=\"cmsmasters_row_inner\">\n<div class=\"cmsmasters_row_margin\">\n<div id=\"cmsmasters_column_4np573wndn\" class=\"cmsmasters_column one_first\">\n<div class=\"cmsmasters_column_inner\"><div class=\"cmsmasters_text\">\n<p>&nbsp;<\/p>\n<p>Depuis une dizaine d\u2019ann\u00e9e, l\u2019int\u00e9r\u00eat pour le Moyen \u00c2ge va croissant. De nombreux festivals d\u2019inspiration m\u00e9di\u00e9vale sont organis\u00e9s chaque ann\u00e9e partout en Europe. Le visiteur non averti a bien du mal \u00e0 savoir ce qui est bas\u00e9 sur des faits historiques et ce qui tient d\u2019une vision fantasm\u00e9e de l\u2019\u00e9poque. Dans une animation de la Compagnie de Saint George, il n\u2019y a pas de licence artistique ou d\u2019id\u00e9alisation romantique, nous essayons de recr\u00e9er les choses telles qu\u2019elles \u00e9taient.<\/p>\n<h2><b>Reconstitution haute fid\u00e9lit\u00e9<\/b><\/h2>\n<p>Certains consid\u00e8rent la Compagnie de Saint George comme l\u2019un des groupes embl\u00e9matiques de l\u2019histoire vivante m\u00e9di\u00e9vale. Nous avons acquis cette r\u00e9putation apr\u00e8s vingt ans de reconstitution fond\u00e9e sur des sources historiques et gr\u00e2ce \u00e0 notre volont\u00e9 de recr\u00e9er l\u2019\u00e9poque sans compromis. La Compagnie attend donc de ses membres qu\u2019ils examinent avec pr\u00e9cision et respectent rigoureusement les sources historiques. C\u2019est une qu\u00eate sans fin. Chaque discussion am\u00e8ne des nouvelles id\u00e9es ou suggestions qui ouvrent de nouveaux horizons de recherches pour l\u2019am\u00e9lioration de notre interpr\u00e9tation et de notre \u00e9quipement. L\u2019authenticit\u00e9 absolue est un objectif qui ne peut jamais vraiment \u00eatre atteint, mais nous faisons de notre mieux pour nous en approcher.<\/p>\n<h2><b>Coop\u00e9ration et recherches<\/b><\/h2>\n<p>Le progr\u00e8s d\u00e9pend de l\u2019\u00e9change des connaissances. Nous sommes toujours ouverts aux discussions avec des institutions, d\u2019autres groupes ou personnes. Nos recherches sont fond\u00e9es sur des objets arch\u00e9ologiques, des collections mus\u00e9ales, des textes contemporains ou des sources iconographiques. Nous rempla\u00e7ons ou am\u00e9liorons constamment notre \u00e9quipement, ce qui nous permet de parfaire notre connaissance de la vie du 15\u00e8me si\u00e8cle.<\/p>\n<h2><b>Amiti\u00e9<\/b><\/h2>\n<p>La Compagnie de Saint Georges vit gr\u00e2ce \u00e0 l\u2019\u00e9nergie et l\u2019enthousiasme de ses membres. Des reconstituteurs heureux et motiv\u00e9s sont \u00e0 l\u2019origine de chaque \u00e9v\u00e9nement r\u00e9ussi et d\u2019un hobby \u00e9panouissant. La bonne ambiance de nos camps trouve sa source dans l\u2019amiti\u00e9 qui nous lie. Celle-ci nous permet de faire face aux intemp\u00e9ries ou de surmonter les conditions de campement parfois difficiles.<\/p>\n<p>En nous concentrant sur nos objectifs et en partageant nos int\u00e9r\u00eats et nos exp\u00e9riences, nous am\u00e9liorons la solidarit\u00e9 du groupe. En cons\u00e9quence, nous prenons la reconstitution tr\u00e8s \u00e0 c\u0153ur sans nous prendre trop au s\u00e9rieux.<\/p>\n<p>&nbsp;<\/p>\n<\/div>\n<\/div><\/div>\n<\/div>\n<\/div>\n<\/div>\n<\/div>\n<\/div>\n\n","protected":false},"excerpt":{"rendered":"","protected":false},"author":1,"featured_media":0,"parent":16026,"menu_order":1,"comment_status":"closed","ping_status":"closed","template":"","meta":{"footnotes":""},"class_list":["post-16032","page","type-page","status-publish","hentry"],"yoast_head":"<!-- This site is optimized with the Yoast SEO plugin v26.4 - https:\/\/yoast.com\/wordpress\/plugins\/seo\/ -->\n<title>Principes - The Company of St. George<\/title>\n<meta name=\"robots\" content=\"index, follow, max-snippet:-1, max-image-preview:large, max-video-preview:-1\" \/>\n<link rel=\"canonical\" href=\"https:\/\/companie-of-st-george.ch\/fr\/a-propos\/principes\/\" \/>\n<meta property=\"og:locale\" content=\"fr_FR\" \/>\n<meta property=\"og:type\" content=\"article\" \/>\n<meta property=\"og:title\" content=\"Principes - The Company of St. George\" \/>\n<meta property=\"og:url\" content=\"https:\/\/companie-of-st-george.ch\/fr\/a-propos\/principes\/\" \/>\n<meta property=\"og:site_name\" content=\"The Company of St. George\" \/>\n<meta property=\"article:modified_time\" content=\"2020-07-30T09:21:35+00:00\" \/>\n<meta name=\"twitter:card\" content=\"summary_large_image\" \/>\n<meta name=\"twitter:label1\" content=\"Dur\u00e9e de lecture estim\u00e9e\" \/>\n\t<meta name=\"twitter:data1\" content=\"3 minutes\" \/>\n<script type=\"application\/ld+json\" class=\"yoast-schema-graph\">{\"@context\":\"https:\/\/schema.org\",\"@graph\":[{\"@type\":\"WebPage\",\"@id\":\"https:\/\/companie-of-st-george.ch\/fr\/a-propos\/principes\/\",\"url\":\"https:\/\/companie-of-st-george.ch\/fr\/a-propos\/principes\/\",\"name\":\"Principes - The Company of St. George\",\"isPartOf\":{\"@id\":\"https:\/\/companie-of-st-george.ch\/fr\/#website\"},\"datePublished\":\"2019-12-08T10:36:30+00:00\",\"dateModified\":\"2020-07-30T09:21:35+00:00\",\"breadcrumb\":{\"@id\":\"https:\/\/companie-of-st-george.ch\/fr\/a-propos\/principes\/#breadcrumb\"},\"inLanguage\":\"fr-FR\",\"potentialAction\":[{\"@type\":\"ReadAction\",\"target\":[\"https:\/\/companie-of-st-george.ch\/fr\/a-propos\/principes\/\"]}]},{\"@type\":\"BreadcrumbList\",\"@id\":\"https:\/\/companie-of-st-george.ch\/fr\/a-propos\/principes\/#breadcrumb\",\"itemListElement\":[{\"@type\":\"ListItem\",\"position\":1,\"name\":\"Home\",\"item\":\"https:\/\/companie-of-st-george.ch\/fr\/\"},{\"@type\":\"ListItem\",\"position\":2,\"name\":\"A propos\",\"item\":\"https:\/\/companie-of-st-george.ch\/fr\/a-propos\/\"},{\"@type\":\"ListItem\",\"position\":3,\"name\":\"Principes\"}]},{\"@type\":\"WebSite\",\"@id\":\"https:\/\/companie-of-st-george.ch\/fr\/#website\",\"url\":\"https:\/\/companie-of-st-george.ch\/fr\/\",\"name\":\"The Company of St. George\",\"description\":\"An artillery company of the 15th century\",\"potentialAction\":[{\"@type\":\"SearchAction\",\"target\":{\"@type\":\"EntryPoint\",\"urlTemplate\":\"https:\/\/companie-of-st-george.ch\/fr\/?s={search_term_string}\"},\"query-input\":{\"@type\":\"PropertyValueSpecification\",\"valueRequired\":true,\"valueName\":\"search_term_string\"}}],\"inLanguage\":\"fr-FR\"}]}<\/script>\n<!-- \/ Yoast SEO plugin. -->","yoast_head_json":{"title":"Principes - The Company of St. George","robots":{"index":"index","follow":"follow","max-snippet":"max-snippet:-1","max-image-preview":"max-image-preview:large","max-video-preview":"max-video-preview:-1"},"canonical":"https:\/\/companie-of-st-george.ch\/fr\/a-propos\/principes\/","og_locale":"fr_FR","og_type":"article","og_title":"Principes - The Company of St. George","og_url":"https:\/\/companie-of-st-george.ch\/fr\/a-propos\/principes\/","og_site_name":"The Company of St. George","article_modified_time":"2020-07-30T09:21:35+00:00","twitter_card":"summary_large_image","twitter_misc":{"Dur\u00e9e de lecture estim\u00e9e":"3 minutes"},"schema":{"@context":"https:\/\/schema.org","@graph":[{"@type":"WebPage","@id":"https:\/\/companie-of-st-george.ch\/fr\/a-propos\/principes\/","url":"https:\/\/companie-of-st-george.ch\/fr\/a-propos\/principes\/","name":"Principes - The Company of St. George","isPartOf":{"@id":"https:\/\/companie-of-st-george.ch\/fr\/#website"},"datePublished":"2019-12-08T10:36:30+00:00","dateModified":"2020-07-30T09:21:35+00:00","breadcrumb":{"@id":"https:\/\/companie-of-st-george.ch\/fr\/a-propos\/principes\/#breadcrumb"},"inLanguage":"fr-FR","potentialAction":[{"@type":"ReadAction","target":["https:\/\/companie-of-st-george.ch\/fr\/a-propos\/principes\/"]}]},{"@type":"BreadcrumbList","@id":"https:\/\/companie-of-st-george.ch\/fr\/a-propos\/principes\/#breadcrumb","itemListElement":[{"@type":"ListItem","position":1,"name":"Home","item":"https:\/\/companie-of-st-george.ch\/fr\/"},{"@type":"ListItem","position":2,"name":"A propos","item":"https:\/\/companie-of-st-george.ch\/fr\/a-propos\/"},{"@type":"ListItem","position":3,"name":"Principes"}]},{"@type":"WebSite","@id":"https:\/\/companie-of-st-george.ch\/fr\/#website","url":"https:\/\/companie-of-st-george.ch\/fr\/","name":"The Company of St. George","description":"An artillery company of the 15th century","potentialAction":[{"@type":"SearchAction","target":{"@type":"EntryPoint","urlTemplate":"https:\/\/companie-of-st-george.ch\/fr\/?s={search_term_string}"},"query-input":{"@type":"PropertyValueSpecification","valueRequired":true,"valueName":"search_term_string"}}],"inLanguage":"fr-FR"}]}},"_links":{"self":[{"href":"https:\/\/companie-of-st-george.ch\/fr\/wp-json\/wp\/v2\/pages\/16032","targetHints":{"allow":["GET"]}}],"collection":[{"href":"https:\/\/companie-of-st-george.ch\/fr\/wp-json\/wp\/v2\/pages"}],"about":[{"href":"https:\/\/companie-of-st-george.ch\/fr\/wp-json\/wp\/v2\/types\/page"}],"author":[{"embeddable":true,"href":"https:\/\/companie-of-st-george.ch\/fr\/wp-json\/wp\/v2\/users\/1"}],"replies":[{"embeddable":true,"href":"https:\/\/companie-of-st-george.ch\/fr\/wp-json\/wp\/v2\/comments?post=16032"}],"version-history":[{"count":2,"href":"https:\/\/companie-of-st-george.ch\/fr\/wp-json\/wp\/v2\/pages\/16032\/revisions"}],"predecessor-version":[{"id":16034,"href":"https:\/\/companie-of-st-george.ch\/fr\/wp-json\/wp\/v2\/pages\/16032\/revisions\/16034"}],"up":[{"embeddable":true,"href":"https:\/\/companie-of-st-george.ch\/fr\/wp-json\/wp\/v2\/pages\/16026"}],"wp:attachment":[{"href":"https:\/\/companie-of-st-george.ch\/fr\/wp-json\/wp\/v2\/media?parent=16032"}],"curies":[{"name":"wp","href":"https:\/\/api.w.org\/{rel}","templated":true}]}}