{"id":16026,"date":"2020-02-15T11:26:10","date_gmt":"2020-02-15T10:26:10","guid":{"rendered":"https:\/\/companie-of-st-george.ch\/wordpress\/?page_id=16026"},"modified":"2021-10-26T18:55:28","modified_gmt":"2021-10-26T16:55:28","slug":"a-propos","status":"publish","type":"page","link":"https:\/\/companie-of-st-george.ch\/fr\/a-propos\/","title":{"rendered":"A propos"},"content":{"rendered":"<div id=\"cmsmasters_row_rpqgphmakc\" class=\"cmsmasters_row cmsmasters_color_scheme_default cmsmasters_row_top_default cmsmasters_row_bot_default cmsmasters_row_boxed\">\n<div class=\"cmsmasters_row_outer_parent\">\n<div class=\"cmsmasters_row_outer\">\n<div class=\"cmsmasters_row_inner\">\n<div class=\"cmsmasters_row_margin\">\n<div id=\"cmsmasters_column_tt29mozs7w\" class=\"cmsmasters_column one_first\">\n<div class=\"cmsmasters_column_inner\"><div class=\"cmsmasters_text\">\n<p>&nbsp;<\/p>\n<h2><b>Portrait de la Compagnie de Saint Georges<\/b><\/h2>\n<p>La Compagnie de Saint George est un groupe d\u2019amoureux d\u2019Histoire recr\u00e9ant la vie civile et militaire d\u2019une compagnie d\u2019artillerie bourguignonne, entre 1460 et 1480. Notre objectif est de vivre la vie quotidienne de la mani\u00e8re la plus intense et la plus r\u00e9aliste possible, des d\u00e9tails les plus insignifiants aux activit\u00e9s les plus embl\u00e9matiques. Nous incarnons des gens de guerre (artilleurs, archers, hallebardiers), des artisans et leurs familles. Notre but n\u2019est pas de ressembler \u00e0 des acteurs en costume, mais bien de rentrer dans la peau de nos anc\u00eatres en utilisant des v\u00eatements et des objets fid\u00e8lement reproduits d\u2019apr\u00e8s les sources historiques. En nous basant sur les derni\u00e8res recherches scientifiques, nous am\u00e9liorons constamment la qualit\u00e9 de nos reconstitutions. Le choix d\u2019une fourchette chronologique si restreinte nous permet \u00e9galement d\u2019atteindre un meilleur degr\u00e9 d\u2019authenticit\u00e9.<\/p>\n<p>Nous nous int\u00e9ressons principalement \u00e0 l\u2019histoire vivante et moins \u00e0 la reconstitution de batailles historiques. Les animations de sites historiques sont l\u2019opportunit\u00e9 de partager avec le public notre exp\u00e9rience et nos connaissances. \u00c0 ces occasions, nous savons nous adapter \u00e0 un lieu et \u00e0 son histoire ainsi qu\u2019aux exigences de nos partenaires. De ce fait, il nous arrive d\u2019incarner une troupe au service d\u2019un autre seigneur ou provenant d\u2019une autre r\u00e9gion d\u2019Europe.<\/p>\n<p>La Compagnie est bas\u00e9e en Suisse o\u00f9 elle a \u00e9t\u00e9 fond\u00e9e en 1988. Nous nous consid\u00e9rons malgr\u00e9 tout comme un groupe international : nos membres proviennent de plus de dix pays europ\u00e9ens diff\u00e9rents. Certains apportent une exp\u00e9rience professionnelle du sujet mais pour la plupart, il s\u2019agit d\u2019une passion extra-professionnelle. Tous nos membres font preuve d\u2019un int\u00e9r\u00eat certain pour l\u2019histoire et d\u00e9sirent recr\u00e9er le pass\u00e9 le plus fid\u00e8lement possible. La connaissance acquise et notre approche sans concessions nous ont permis de coop\u00e9rer pendant trente ans avec de nombreux mus\u00e9es et monuments historiques \u00e0 travers l\u2019Europe.<\/p>\n<p>La Compagnie de Saint George est ouverte \u00e0 toute personne motiv\u00e9e. Nous serions heureux de r\u00e9pondre \u00e0 toute demande d\u2019informations.<\/p>\n<p>&nbsp;<\/p>\n<\/div>\n<\/div><\/div>\n<\/div>\n<\/div>\n<\/div>\n<\/div>\n<\/div>\n\n","protected":false},"excerpt":{"rendered":"","protected":false},"author":1,"featured_media":0,"parent":0,"menu_order":0,"comment_status":"closed","ping_status":"closed","template":"","meta":{"footnotes":""},"class_list":["post-16026","page","type-page","status-publish","hentry"],"yoast_head":"<!-- This site is optimized with the Yoast SEO plugin v26.4 - https:\/\/yoast.com\/wordpress\/plugins\/seo\/ -->\n<title>A propos - The Company of St. George<\/title>\n<meta name=\"robots\" content=\"index, follow, max-snippet:-1, max-image-preview:large, max-video-preview:-1\" \/>\n<link rel=\"canonical\" href=\"https:\/\/companie-of-st-george.ch\/fr\/a-propos\/\" \/>\n<meta property=\"og:locale\" content=\"fr_FR\" \/>\n<meta property=\"og:type\" content=\"article\" \/>\n<meta property=\"og:title\" content=\"A propos - The Company of St. George\" \/>\n<meta property=\"og:url\" content=\"https:\/\/companie-of-st-george.ch\/fr\/a-propos\/\" \/>\n<meta property=\"og:site_name\" content=\"The Company of St. George\" \/>\n<meta property=\"article:modified_time\" content=\"2021-10-26T16:55:28+00:00\" \/>\n<meta name=\"twitter:card\" content=\"summary_large_image\" \/>\n<meta name=\"twitter:label1\" content=\"Dur\u00e9e de lecture estim\u00e9e\" \/>\n\t<meta name=\"twitter:data1\" content=\"3 minutes\" \/>\n<script type=\"application\/ld+json\" class=\"yoast-schema-graph\">{\"@context\":\"https:\/\/schema.org\",\"@graph\":[{\"@type\":\"WebPage\",\"@id\":\"https:\/\/companie-of-st-george.ch\/fr\/a-propos\/\",\"url\":\"https:\/\/companie-of-st-george.ch\/fr\/a-propos\/\",\"name\":\"A propos - The Company of St. George\",\"isPartOf\":{\"@id\":\"https:\/\/companie-of-st-george.ch\/fr\/#website\"},\"datePublished\":\"2020-02-15T10:26:10+00:00\",\"dateModified\":\"2021-10-26T16:55:28+00:00\",\"breadcrumb\":{\"@id\":\"https:\/\/companie-of-st-george.ch\/fr\/a-propos\/#breadcrumb\"},\"inLanguage\":\"fr-FR\",\"potentialAction\":[{\"@type\":\"ReadAction\",\"target\":[\"https:\/\/companie-of-st-george.ch\/fr\/a-propos\/\"]}]},{\"@type\":\"BreadcrumbList\",\"@id\":\"https:\/\/companie-of-st-george.ch\/fr\/a-propos\/#breadcrumb\",\"itemListElement\":[{\"@type\":\"ListItem\",\"position\":1,\"name\":\"Home\",\"item\":\"https:\/\/companie-of-st-george.ch\/fr\/\"},{\"@type\":\"ListItem\",\"position\":2,\"name\":\"A propos\"}]},{\"@type\":\"WebSite\",\"@id\":\"https:\/\/companie-of-st-george.ch\/fr\/#website\",\"url\":\"https:\/\/companie-of-st-george.ch\/fr\/\",\"name\":\"The Company of St. George\",\"description\":\"An artillery company of the 15th century\",\"potentialAction\":[{\"@type\":\"SearchAction\",\"target\":{\"@type\":\"EntryPoint\",\"urlTemplate\":\"https:\/\/companie-of-st-george.ch\/fr\/?s={search_term_string}\"},\"query-input\":{\"@type\":\"PropertyValueSpecification\",\"valueRequired\":true,\"valueName\":\"search_term_string\"}}],\"inLanguage\":\"fr-FR\"}]}<\/script>\n<!-- \/ Yoast SEO plugin. -->","yoast_head_json":{"title":"A propos - The Company of St. George","robots":{"index":"index","follow":"follow","max-snippet":"max-snippet:-1","max-image-preview":"max-image-preview:large","max-video-preview":"max-video-preview:-1"},"canonical":"https:\/\/companie-of-st-george.ch\/fr\/a-propos\/","og_locale":"fr_FR","og_type":"article","og_title":"A propos - The Company of St. George","og_url":"https:\/\/companie-of-st-george.ch\/fr\/a-propos\/","og_site_name":"The Company of St. George","article_modified_time":"2021-10-26T16:55:28+00:00","twitter_card":"summary_large_image","twitter_misc":{"Dur\u00e9e de lecture estim\u00e9e":"3 minutes"},"schema":{"@context":"https:\/\/schema.org","@graph":[{"@type":"WebPage","@id":"https:\/\/companie-of-st-george.ch\/fr\/a-propos\/","url":"https:\/\/companie-of-st-george.ch\/fr\/a-propos\/","name":"A propos - The Company of St. George","isPartOf":{"@id":"https:\/\/companie-of-st-george.ch\/fr\/#website"},"datePublished":"2020-02-15T10:26:10+00:00","dateModified":"2021-10-26T16:55:28+00:00","breadcrumb":{"@id":"https:\/\/companie-of-st-george.ch\/fr\/a-propos\/#breadcrumb"},"inLanguage":"fr-FR","potentialAction":[{"@type":"ReadAction","target":["https:\/\/companie-of-st-george.ch\/fr\/a-propos\/"]}]},{"@type":"BreadcrumbList","@id":"https:\/\/companie-of-st-george.ch\/fr\/a-propos\/#breadcrumb","itemListElement":[{"@type":"ListItem","position":1,"name":"Home","item":"https:\/\/companie-of-st-george.ch\/fr\/"},{"@type":"ListItem","position":2,"name":"A propos"}]},{"@type":"WebSite","@id":"https:\/\/companie-of-st-george.ch\/fr\/#website","url":"https:\/\/companie-of-st-george.ch\/fr\/","name":"The Company of St. George","description":"An artillery company of the 15th century","potentialAction":[{"@type":"SearchAction","target":{"@type":"EntryPoint","urlTemplate":"https:\/\/companie-of-st-george.ch\/fr\/?s={search_term_string}"},"query-input":{"@type":"PropertyValueSpecification","valueRequired":true,"valueName":"search_term_string"}}],"inLanguage":"fr-FR"}]}},"_links":{"self":[{"href":"https:\/\/companie-of-st-george.ch\/fr\/wp-json\/wp\/v2\/pages\/16026","targetHints":{"allow":["GET"]}}],"collection":[{"href":"https:\/\/companie-of-st-george.ch\/fr\/wp-json\/wp\/v2\/pages"}],"about":[{"href":"https:\/\/companie-of-st-george.ch\/fr\/wp-json\/wp\/v2\/types\/page"}],"author":[{"embeddable":true,"href":"https:\/\/companie-of-st-george.ch\/fr\/wp-json\/wp\/v2\/users\/1"}],"replies":[{"embeddable":true,"href":"https:\/\/companie-of-st-george.ch\/fr\/wp-json\/wp\/v2\/comments?post=16026"}],"version-history":[{"count":5,"href":"https:\/\/companie-of-st-george.ch\/fr\/wp-json\/wp\/v2\/pages\/16026\/revisions"}],"predecessor-version":[{"id":16961,"href":"https:\/\/companie-of-st-george.ch\/fr\/wp-json\/wp\/v2\/pages\/16026\/revisions\/16961"}],"wp:attachment":[{"href":"https:\/\/companie-of-st-george.ch\/fr\/wp-json\/wp\/v2\/media?parent=16026"}],"curies":[{"name":"wp","href":"https:\/\/api.w.org\/{rel}","templated":true}]}}