{"id":16235,"date":"2020-09-08T19:22:01","date_gmt":"2020-09-08T17:22:01","guid":{"rendered":"https:\/\/companie-of-st-george.ch\/wordpress\/publikationen\/clothing-guide-women\/"},"modified":"2020-12-01T21:38:47","modified_gmt":"2020-12-01T20:38:47","slug":"kleider-guide-frauen","status":"publish","type":"page","link":"https:\/\/companie-of-st-george.ch\/de\/publikationen\/kleider-guide-frauen\/","title":{"rendered":"Kleider-Guide: Frauen"},"content":{"rendered":"<div id=\"cmsmasters_row_oi6serjl3k\" class=\"cmsmasters_row cmsmasters_color_scheme_default cmsmasters_row_top_default cmsmasters_row_bot_default cmsmasters_row_boxed\">\n<div class=\"cmsmasters_row_outer_parent\">\n<div class=\"cmsmasters_row_outer\">\n<div class=\"cmsmasters_row_inner\">\n<div class=\"cmsmasters_row_margin\">\n<div id=\"cmsmasters_column_hz89s8fw5n\" class=\"cmsmasters_column one_first\">\n<div class=\"cmsmasters_column_inner\"><div class=\"cmsmasters_text\">\n<p>&nbsp;<\/p>\n<p>Der Kleider-Guide f\u00fcr Frauen hat grosse Schuhe zu f\u00fcllen, die Kleider-Guide f\u00fcr M\u00e4nner hat die Messlatte sehr hoch gelegt. Der fertige Guide, obwohl er wohl nie fertig sein kann, ist das Ergebnis von mehr als 10 Jahren Forschung, Diskussion, Versuch und Irrtum, in denen alles aus dem Fenster geworfen und ein Neuanfang gemacht wurde. Vier Forscherinnen haben uns inspiriert, weiterzumachen: Beatrix Nutz, Thessy Schoenholzer-Nichols, Marquita Volken und Isis Sturtewangen. Jede von ihnen arbeitete an neuen arch\u00e4ologischen Zeugnissen und zwang uns daher mehrmals zum Neuanfang.<\/p>\n<p><img loading=\"lazy\" decoding=\"async\" class=\"alignright size-medium wp-image-16221\" src=\"https:\/\/companie-of-st-george.ch\/wordpress\/wp-content\/uploads\/2020\/09\/clothing-guide-women-222x300.png\" alt=\"\" width=\"222\" height=\"300\" srcset=\"https:\/\/companie-of-st-george.ch\/wordpress\/wp-content\/uploads\/2020\/09\/clothing-guide-women-222x300.png 222w, https:\/\/companie-of-st-george.ch\/wordpress\/wp-content\/uploads\/2020\/09\/clothing-guide-women-759x1024.png 759w, https:\/\/companie-of-st-george.ch\/wordpress\/wp-content\/uploads\/2020\/09\/clothing-guide-women-768x1036.png 768w, https:\/\/companie-of-st-george.ch\/wordpress\/wp-content\/uploads\/2020\/09\/clothing-guide-women-580x782.png 580w, https:\/\/companie-of-st-george.ch\/wordpress\/wp-content\/uploads\/2020\/09\/clothing-guide-women-860x1160.png 860w, https:\/\/companie-of-st-george.ch\/wordpress\/wp-content\/uploads\/2020\/09\/clothing-guide-women.png 1078w\" sizes=\"auto, (max-width: 222px) 100vw, 222px\" \/><\/p>\n<p>Das Schreiben eines Leitfadens f\u00fcr eine Gruppe wie die Company of St. George stellte uns vor mehrere Herausforderungen. Die erste Frage, die sich jeder Reenactor stellt, bevor er \u00fcberhaupt anf\u00e4ngt, \u00fcber Kleidung nachzudenken, lautet: \u00abWer ist meine mittelalterliche Persona, wie alt ist sie, wo wohnt sie, welches Einkommen hat sie?\u00bb Wir hatten Schwierigkeiten, selbst diese Anfangsfragen zu beantworten.<\/p>\n<p>Dieser Leitfaden ist keineswegs ein Gesamtwerk, er soll lediglich als Einf\u00fchrung und N\u00e4hhilfe dienen. Wenn der geneigte Leser oder die geneigte Leserin auf der Suche nach umfassenderen Informationen ist, dann empfehlen wir die Lekt\u00fcre der oben genannten Autorinnen. Die Neuinterpretation mittelalterlicher Kleidung bringt die Herausforderung mit sich, dass es so wenige erhaltene Textilien gibt. In einem Bereich, in dem viele Beweise in Texten, Gem\u00e4lden und sehr fragmentarisch in echten Artefakten \u00fcberliefert sind, w\u00e4re es unserer Meinung nach unprofessionell zu sagen: \u00abUnsere Schlussfolgerung und unser Leitfaden ist der einzige\u00bb \u2013 das ist er nicht und hat auch nicht diesen Anspruch. Vielmehr soll er als Einf\u00fchrung und als Hilfe dienen, aber sucht unbedingt weiter, bildet neue Schlussfolgerungen und teilt diese mit.<\/p>\n<p>&nbsp;<\/p>\n<p>Wir freuen uns \u00fcber jegliches Feedback, alle Anregungen, Notizen und Gedanken \u00fcber dieses Thema und diese englischsprachige Anleitung.<\/p>\n<p>&nbsp;<\/p>\n<p><a href=\"https:\/\/companie-of-st-george.ch\/wordpress\/wp-content\/uploads\/2020\/10\/cosg2020-clothing-guide-women.pdf\">Download<\/a><\/p>\n<p><a href=\"https:\/\/companie-of-st-george.ch\/de\/publikationen\/kleider-guide-frauen\/literature\/\">Empfohlene Literatur f\u00fcr weitere Recherchen (in Englisch)<\/a><\/p>\n<\/div>\n<\/div><\/div>\n<\/div>\n<\/div>\n<\/div>\n<\/div>\n<\/div>\n\n","protected":false},"excerpt":{"rendered":"","protected":false},"author":1,"featured_media":16221,"parent":16053,"menu_order":0,"comment_status":"closed","ping_status":"closed","template":"","meta":{"footnotes":""},"class_list":["post-16235","page","type-page","status-publish","has-post-thumbnail","hentry"],"yoast_head":"<!-- This site is optimized with the Yoast SEO plugin v26.4 - https:\/\/yoast.com\/wordpress\/plugins\/seo\/ -->\n<title>Kleider-Guide: Frauen - The Company of St. George<\/title>\n<meta name=\"description\" content=\"Dieser Kleider-Guide stellt die Grundlagen der Frauenkleidung in der Company of Saynt George vor und soll als Einf\u00fchrung und N\u00e4hhilfe dienen.\" \/>\n<meta name=\"robots\" content=\"index, follow, max-snippet:-1, max-image-preview:large, max-video-preview:-1\" \/>\n<link rel=\"canonical\" href=\"https:\/\/companie-of-st-george.ch\/de\/publikationen\/kleider-guide-frauen\/\" \/>\n<meta property=\"og:locale\" content=\"de_DE\" \/>\n<meta property=\"og:type\" content=\"article\" \/>\n<meta property=\"og:title\" content=\"Kleider-Guide: Frauen - The Company of St. George\" \/>\n<meta property=\"og:description\" content=\"Dieser Kleider-Guide stellt die Grundlagen der Frauenkleidung in der Company of Saynt George vor und soll als Einf\u00fchrung und N\u00e4hhilfe dienen.\" \/>\n<meta property=\"og:url\" content=\"https:\/\/companie-of-st-george.ch\/de\/publikationen\/kleider-guide-frauen\/\" \/>\n<meta property=\"og:site_name\" content=\"The Company of St. George\" \/>\n<meta property=\"article:modified_time\" content=\"2020-12-01T20:38:47+00:00\" \/>\n<meta property=\"og:image\" content=\"https:\/\/companie-of-st-george.ch\/wordpress\/wp-content\/uploads\/2020\/09\/clothing-guide-women.png\" \/>\n\t<meta property=\"og:image:width\" content=\"1078\" \/>\n\t<meta property=\"og:image:height\" content=\"1454\" \/>\n\t<meta property=\"og:image:type\" content=\"image\/png\" \/>\n<meta name=\"twitter:card\" content=\"summary_large_image\" \/>\n<meta name=\"twitter:title\" content=\"%\" \/>\n<meta name=\"twitter:description\" content=\"Dieser Kleider-Guide stellt die Grundlagen der Frauenkleidung in der Company of Saynt George vor und soll als Einf\u00fchrung und N\u00e4hhilfe dienen.\" \/>\n<meta name=\"twitter:image\" content=\"https:\/\/companie-of-st-george.ch\/wordpress\/wp-content\/uploads\/2020\/09\/clothing-guide-women.png\" \/>\n<meta name=\"twitter:label1\" content=\"Gesch\u00e4tzte Lesezeit\" \/>\n\t<meta name=\"twitter:data1\" content=\"2\u00a0Minuten\" \/>\n<script type=\"application\/ld+json\" class=\"yoast-schema-graph\">{\"@context\":\"https:\/\/schema.org\",\"@graph\":[{\"@type\":\"WebPage\",\"@id\":\"https:\/\/companie-of-st-george.ch\/de\/publikationen\/kleider-guide-frauen\/\",\"url\":\"https:\/\/companie-of-st-george.ch\/de\/publikationen\/kleider-guide-frauen\/\",\"name\":\"Kleider-Guide: Frauen - The Company of St. George\",\"isPartOf\":{\"@id\":\"https:\/\/companie-of-st-george.ch\/de\/#website\"},\"primaryImageOfPage\":{\"@id\":\"https:\/\/companie-of-st-george.ch\/de\/publikationen\/kleider-guide-frauen\/#primaryimage\"},\"image\":{\"@id\":\"https:\/\/companie-of-st-george.ch\/de\/publikationen\/kleider-guide-frauen\/#primaryimage\"},\"thumbnailUrl\":\"https:\/\/companie-of-st-george.ch\/wordpress\/wp-content\/uploads\/2020\/09\/clothing-guide-women.png\",\"datePublished\":\"2020-09-08T17:22:01+00:00\",\"dateModified\":\"2020-12-01T20:38:47+00:00\",\"description\":\"Dieser Kleider-Guide stellt die Grundlagen der Frauenkleidung in der Company of Saynt George vor und soll als Einf\u00fchrung und N\u00e4hhilfe dienen.\",\"breadcrumb\":{\"@id\":\"https:\/\/companie-of-st-george.ch\/de\/publikationen\/kleider-guide-frauen\/#breadcrumb\"},\"inLanguage\":\"de\",\"potentialAction\":[{\"@type\":\"ReadAction\",\"target\":[\"https:\/\/companie-of-st-george.ch\/de\/publikationen\/kleider-guide-frauen\/\"]}]},{\"@type\":\"ImageObject\",\"inLanguage\":\"de\",\"@id\":\"https:\/\/companie-of-st-george.ch\/de\/publikationen\/kleider-guide-frauen\/#primaryimage\",\"url\":\"https:\/\/companie-of-st-george.ch\/wordpress\/wp-content\/uploads\/2020\/09\/clothing-guide-women.png\",\"contentUrl\":\"https:\/\/companie-of-st-george.ch\/wordpress\/wp-content\/uploads\/2020\/09\/clothing-guide-women.png\",\"width\":1078,\"height\":1454},{\"@type\":\"BreadcrumbList\",\"@id\":\"https:\/\/companie-of-st-george.ch\/de\/publikationen\/kleider-guide-frauen\/#breadcrumb\",\"itemListElement\":[{\"@type\":\"ListItem\",\"position\":1,\"name\":\"Home\",\"item\":\"https:\/\/companie-of-st-george.ch\/de\/\"},{\"@type\":\"ListItem\",\"position\":2,\"name\":\"Publikationen\",\"item\":\"https:\/\/companie-of-st-george.ch\/de\/publikationen\/\"},{\"@type\":\"ListItem\",\"position\":3,\"name\":\"Kleider-Guide: Frauen\"}]},{\"@type\":\"WebSite\",\"@id\":\"https:\/\/companie-of-st-george.ch\/de\/#website\",\"url\":\"https:\/\/companie-of-st-george.ch\/de\/\",\"name\":\"The Company of St. George\",\"description\":\"An artillery company of the 15th century\",\"potentialAction\":[{\"@type\":\"SearchAction\",\"target\":{\"@type\":\"EntryPoint\",\"urlTemplate\":\"https:\/\/companie-of-st-george.ch\/de\/?s={search_term_string}\"},\"query-input\":{\"@type\":\"PropertyValueSpecification\",\"valueRequired\":true,\"valueName\":\"search_term_string\"}}],\"inLanguage\":\"de\"}]}<\/script>\n<!-- \/ Yoast SEO plugin. -->","yoast_head_json":{"title":"Kleider-Guide: Frauen - The Company of St. George","description":"Dieser Kleider-Guide stellt die Grundlagen der Frauenkleidung in der Company of Saynt George vor und soll als Einf\u00fchrung und N\u00e4hhilfe dienen.","robots":{"index":"index","follow":"follow","max-snippet":"max-snippet:-1","max-image-preview":"max-image-preview:large","max-video-preview":"max-video-preview:-1"},"canonical":"https:\/\/companie-of-st-george.ch\/de\/publikationen\/kleider-guide-frauen\/","og_locale":"de_DE","og_type":"article","og_title":"Kleider-Guide: Frauen - The Company of St. George","og_description":"Dieser Kleider-Guide stellt die Grundlagen der Frauenkleidung in der Company of Saynt George vor und soll als Einf\u00fchrung und N\u00e4hhilfe dienen.","og_url":"https:\/\/companie-of-st-george.ch\/de\/publikationen\/kleider-guide-frauen\/","og_site_name":"The Company of St. George","article_modified_time":"2020-12-01T20:38:47+00:00","og_image":[{"width":1078,"height":1454,"url":"https:\/\/companie-of-st-george.ch\/wordpress\/wp-content\/uploads\/2020\/09\/clothing-guide-women.png","type":"image\/png"}],"twitter_card":"summary_large_image","twitter_title":"%","twitter_description":"Dieser Kleider-Guide stellt die Grundlagen der Frauenkleidung in der Company of Saynt George vor und soll als Einf\u00fchrung und N\u00e4hhilfe dienen.","twitter_image":"https:\/\/companie-of-st-george.ch\/wordpress\/wp-content\/uploads\/2020\/09\/clothing-guide-women.png","twitter_misc":{"Gesch\u00e4tzte Lesezeit":"2\u00a0Minuten"},"schema":{"@context":"https:\/\/schema.org","@graph":[{"@type":"WebPage","@id":"https:\/\/companie-of-st-george.ch\/de\/publikationen\/kleider-guide-frauen\/","url":"https:\/\/companie-of-st-george.ch\/de\/publikationen\/kleider-guide-frauen\/","name":"Kleider-Guide: Frauen - The Company of St. George","isPartOf":{"@id":"https:\/\/companie-of-st-george.ch\/de\/#website"},"primaryImageOfPage":{"@id":"https:\/\/companie-of-st-george.ch\/de\/publikationen\/kleider-guide-frauen\/#primaryimage"},"image":{"@id":"https:\/\/companie-of-st-george.ch\/de\/publikationen\/kleider-guide-frauen\/#primaryimage"},"thumbnailUrl":"https:\/\/companie-of-st-george.ch\/wordpress\/wp-content\/uploads\/2020\/09\/clothing-guide-women.png","datePublished":"2020-09-08T17:22:01+00:00","dateModified":"2020-12-01T20:38:47+00:00","description":"Dieser Kleider-Guide stellt die Grundlagen der Frauenkleidung in der Company of Saynt George vor und soll als Einf\u00fchrung und N\u00e4hhilfe dienen.","breadcrumb":{"@id":"https:\/\/companie-of-st-george.ch\/de\/publikationen\/kleider-guide-frauen\/#breadcrumb"},"inLanguage":"de","potentialAction":[{"@type":"ReadAction","target":["https:\/\/companie-of-st-george.ch\/de\/publikationen\/kleider-guide-frauen\/"]}]},{"@type":"ImageObject","inLanguage":"de","@id":"https:\/\/companie-of-st-george.ch\/de\/publikationen\/kleider-guide-frauen\/#primaryimage","url":"https:\/\/companie-of-st-george.ch\/wordpress\/wp-content\/uploads\/2020\/09\/clothing-guide-women.png","contentUrl":"https:\/\/companie-of-st-george.ch\/wordpress\/wp-content\/uploads\/2020\/09\/clothing-guide-women.png","width":1078,"height":1454},{"@type":"BreadcrumbList","@id":"https:\/\/companie-of-st-george.ch\/de\/publikationen\/kleider-guide-frauen\/#breadcrumb","itemListElement":[{"@type":"ListItem","position":1,"name":"Home","item":"https:\/\/companie-of-st-george.ch\/de\/"},{"@type":"ListItem","position":2,"name":"Publikationen","item":"https:\/\/companie-of-st-george.ch\/de\/publikationen\/"},{"@type":"ListItem","position":3,"name":"Kleider-Guide: Frauen"}]},{"@type":"WebSite","@id":"https:\/\/companie-of-st-george.ch\/de\/#website","url":"https:\/\/companie-of-st-george.ch\/de\/","name":"The Company of St. George","description":"An artillery company of the 15th century","potentialAction":[{"@type":"SearchAction","target":{"@type":"EntryPoint","urlTemplate":"https:\/\/companie-of-st-george.ch\/de\/?s={search_term_string}"},"query-input":{"@type":"PropertyValueSpecification","valueRequired":true,"valueName":"search_term_string"}}],"inLanguage":"de"}]}},"_links":{"self":[{"href":"https:\/\/companie-of-st-george.ch\/de\/wp-json\/wp\/v2\/pages\/16235","targetHints":{"allow":["GET"]}}],"collection":[{"href":"https:\/\/companie-of-st-george.ch\/de\/wp-json\/wp\/v2\/pages"}],"about":[{"href":"https:\/\/companie-of-st-george.ch\/de\/wp-json\/wp\/v2\/types\/page"}],"author":[{"embeddable":true,"href":"https:\/\/companie-of-st-george.ch\/de\/wp-json\/wp\/v2\/users\/1"}],"replies":[{"embeddable":true,"href":"https:\/\/companie-of-st-george.ch\/de\/wp-json\/wp\/v2\/comments?post=16235"}],"version-history":[{"count":6,"href":"https:\/\/companie-of-st-george.ch\/de\/wp-json\/wp\/v2\/pages\/16235\/revisions"}],"predecessor-version":[{"id":16540,"href":"https:\/\/companie-of-st-george.ch\/de\/wp-json\/wp\/v2\/pages\/16235\/revisions\/16540"}],"up":[{"embeddable":true,"href":"https:\/\/companie-of-st-george.ch\/de\/wp-json\/wp\/v2\/pages\/16053"}],"wp:featuredmedia":[{"embeddable":true,"href":"https:\/\/companie-of-st-george.ch\/de\/wp-json\/wp\/v2\/media\/16221"}],"wp:attachment":[{"href":"https:\/\/companie-of-st-george.ch\/de\/wp-json\/wp\/v2\/media?parent=16235"}],"curies":[{"name":"wp","href":"https:\/\/api.w.org\/{rel}","templated":true}]}}