{"id":15953,"date":"2020-07-30T08:47:09","date_gmt":"2020-07-30T06:47:09","guid":{"rendered":"https:\/\/companie-of-st-george.ch\/wordpress\/?page_id=15953"},"modified":"2020-12-23T19:46:50","modified_gmt":"2020-12-23T18:46:50","slug":"dragons-online","status":"publish","type":"page","link":"https:\/\/companie-of-st-george.ch\/de\/publikationen\/dragons-online\/","title":{"rendered":"The Dragon Online"},"content":{"rendered":"<div id=\"cmsmasters_row_lj8yvejmze\" class=\"cmsmasters_row cmsmasters_color_scheme_default cmsmasters_row_top_default cmsmasters_row_bot_default cmsmasters_row_boxed\">\n<div class=\"cmsmasters_row_outer_parent\">\n<div class=\"cmsmasters_row_outer\">\n<div class=\"cmsmasters_row_inner\">\n<div class=\"cmsmasters_row_margin\">\n<div id=\"cmsmasters_column_8ug0lh7f38\" class=\"cmsmasters_column one_first\">\n<div class=\"cmsmasters_column_inner\"><div class=\"cmsmasters_text\">\n<p>&nbsp;<\/p>\n<p>\u00abThe Dragon\u00bb ist eine Publikation der Company of Saynt George, die zwischen 1989 und 2003 ver\u00f6ffentlicht wurden.\u00a0 Die \u00abDragon\u00bb decken alle Bereiche ab, die f\u00fcr Reenactors des sp\u00e4ten 15. Jahrhunderts interessant sind.<\/p>\n<p>Bitte denkt daran, dass wir Ende der achtziger Jahre begonnen haben, die \u00abDragon\u00bb zu ver\u00f6ffentlichen. Die \u00e4lteren Ausgaben beinhalten daher den Stand der historischen Forschung vor dreissig Jahren. Deshalb sind sie in gewisser Weise selbst historisch.<\/p>\n<p>Bitte denkt zweimal nach, bevor ihr die dokumentierten Gegenst\u00e4nde und Methoden \u00fcbernehmt, oder setzt euch mit uns in Verbindung, wenn ihr unsicher sind. Die \u00abDragon\u00bb bringen keine harten Fakten. Alles, was sie bieten, ist unsere Interpretation der Quellen zu einer bestimmten Zeit.<\/p>\n<p>Das Copyright der \u00abDragon\u00bb bleibt bei der Company of Saynt George und den Autoren. Die \u00abDragon\u00bb d\u00fcrfen gerne f\u00fcr den pers\u00f6nlichen Gebrauch ausgedruckt werden, aber sie d\u00fcrfen nicht ohne unsere Genehmigung in gedruckter Form verbreiten werden.<\/p>\n<\/div>\n<div id=\"cmsmasters_heading_wgk5e00ivy\" class=\"cmsmasters_heading_wrap cmsmasters_heading_align_left\">\n\t<h2 class=\"cmsmasters_heading\">Ausgaben<\/h2>\n<\/div><div class=\"cmsmasters_tabs tabs_mode_tour tabs_pos_left\">\n<ul class=\"cmsmasters_tabs_list\">\n<li id=\"cmsmasters_tabs_list_item_xlerk7jiwo\" class=\"cmsmasters_tabs_list_item current_tab\">\n<a href=\"#\" class=\"cmsmasters-icon-book-2\">\n<span>No. 1<\/span>\n<\/a>\n<\/li><li id=\"cmsmasters_tabs_list_item_d3285hgua\" class=\"cmsmasters_tabs_list_item\">\n<a href=\"#\" class=\"cmsmasters-icon-book-2\">\n<span>No. 2<\/span>\n<\/a>\n<\/li><li id=\"cmsmasters_tabs_list_item_0jbusd4m1l\" class=\"cmsmasters_tabs_list_item\">\n<a href=\"#\" class=\"cmsmasters-icon-book-2\">\n<span>No. 3<\/span>\n<\/a>\n<\/li><li id=\"cmsmasters_tabs_list_item_zamd5hih19\" class=\"cmsmasters_tabs_list_item\">\n<a href=\"#\" class=\"cmsmasters-icon-book-2\">\n<span>No. 4<\/span>\n<\/a>\n<\/li><li id=\"cmsmasters_tabs_list_item_19765fgars\" class=\"cmsmasters_tabs_list_item\">\n<a href=\"#\" class=\"cmsmasters-icon-book-2\">\n<span>No. 5<\/span>\n<\/a>\n<\/li><li id=\"cmsmasters_tabs_list_item_cvfxxlago8\" class=\"cmsmasters_tabs_list_item\">\n<a href=\"#\" class=\"cmsmasters-icon-book-2\">\n<span>No. 6<\/span>\n<\/a>\n<\/li><li id=\"cmsmasters_tabs_list_item_o1w475iw8s\" class=\"cmsmasters_tabs_list_item\">\n<a href=\"#\" class=\"cmsmasters-icon-book-2\">\n<span>No. 7<\/span>\n<\/a>\n<\/li><li id=\"cmsmasters_tabs_list_item_lu2659ope7\" class=\"cmsmasters_tabs_list_item\">\n<a href=\"#\" class=\"cmsmasters-icon-book-2\">\n<span>No. 8<\/span>\n<\/a>\n<\/li><li id=\"cmsmasters_tabs_list_item_vtd1ihb8tq\" class=\"cmsmasters_tabs_list_item\">\n<a href=\"#\" class=\"cmsmasters-icon-book-2\">\n<span>No. 9<\/span>\n<\/a>\n<\/li><li id=\"cmsmasters_tabs_list_item_rh9ch8z4x\" class=\"cmsmasters_tabs_list_item\">\n<a href=\"#\" class=\"cmsmasters-icon-book-2\">\n<span>No. 10<\/span>\n<\/a>\n<\/li><li id=\"cmsmasters_tabs_list_item_qt468hhcca\" class=\"cmsmasters_tabs_list_item\">\n<a href=\"#\" class=\"cmsmasters-icon-book-2\">\n<span>No. 11<\/span>\n<\/a>\n<\/li><li id=\"cmsmasters_tabs_list_item_fnmb5rk33h\" class=\"cmsmasters_tabs_list_item\">\n<a href=\"#\" class=\"cmsmasters-icon-book-2\">\n<span>No. 12<\/span>\n<\/a>\n<\/li><li id=\"cmsmasters_tabs_list_item_i313tourb\" class=\"cmsmasters_tabs_list_item\">\n<a href=\"#\" class=\"cmsmasters-icon-book-2\">\n<span>No. 13<\/span>\n<\/a>\n<\/li><\/ul>\n<div class=\"cmsmasters_tabs_wrap\">\n<div id=\"cmsmasters_tab_xlerk7jiwo\" class=\"cmsmasters_tab active_tab\">\n<div class=\"cmsmasters_tab_inner\">\n<h3>Dragon No. 1<\/h3>\n<p>Erstpublikation im August 1989<br \/>\nDies ist eine zweisprachige englisch-franz\u00f6sische Ausgabe.<\/p>\n<p><a href=\"https:\/\/companie-of-st-george.ch\/wordpress\/wp-content\/uploads\/2020\/07\/dragon-1.pdf\">Download<\/a><\/p>\n<h4><b>Inhalte:<\/b><\/h4>\n<div class=\"level4\">\n<div class=\"level4\">\n<ul>\n<li class=\"li\">Editorial &#8211; Guidelines for the Company<\/li>\n<li class=\"li\">Drawings of haircuts for men<\/li>\n<li class=\"li\">Drawings of household items as found in the sources<\/li>\n<li class=\"li\">\u201cThe Lytell Treatyse For To Lerne Englysshe And Frensshe\u201d<\/li>\n<li class=\"li\">List of fruits and vegetables that were unknown two our period<\/li>\n<li class=\"li\">\u201cMind your manners\u2026\u201d &#8211; A poem on good late medieval manners<\/li>\n<li class=\"li\">A price-list for arms and armours<\/li>\n<li class=\"li\">Early phrases and expressions (Gammer Gurton&#8217;s Nedle, 16th century)<\/li>\n<li class=\"li\">Est Mihi Cauda Decus &#8211; Late medieval mottos\u2026<\/li>\n<li class=\"li\">A calligrapohic version of a late gothic alphabet<\/li>\n<\/ul>\n<\/div>\n<\/div>\n<\/div>\n<\/div><div id=\"cmsmasters_tab_d3285hgua\" class=\"cmsmasters_tab\">\n<div class=\"cmsmasters_tab_inner\">\n<h3>Dragon No. 2<\/h3>\n<p>Erstpublikation im Januar 1991<br \/>\nDies ist eine zweisprachige englisch-franz\u00f6sische Ausgabe.<\/p>\n<p><a href=\"https:\/\/companie-of-st-george.ch\/wordpress\/wp-content\/uploads\/2020\/07\/dragon-2.pdf\">Download<\/a><\/p>\n<h4><b>Inhalte:<\/b><\/h4>\n<ul>\n<li class=\"li\">Editorial<\/li>\n<li class=\"li\">A letter from the captain<\/li>\n<li class=\"li\">\u201cThat we myte be dressed\u201d &#8211; Illustrated guide to clothing (part one)<\/li>\n<li class=\"li\">Correspondance<\/li>\n<li class=\"li\">Saint George &#8211; A short history<\/li>\n<li class=\"li\">Treasure hunt &#8211; Drawings of tools and items<\/li>\n<li class=\"li\">Siege warfare in the early 15th century<\/li>\n<li class=\"li\">The adventures of Sir John<\/li>\n<li class=\"li\">Recette de ce jour (French only)<\/li>\n<li class=\"li\">\u201cGood morning\u2026\u201d &#8211; 15th century instructions on getting up<\/li>\n<\/ul>\n<\/div>\n<\/div><div id=\"cmsmasters_tab_0jbusd4m1l\" class=\"cmsmasters_tab\">\n<div class=\"cmsmasters_tab_inner\">\n<h3>Dragon No. 3<\/h3>\n<p>Erstpublikation im September 1991<br \/>\nDies ist eine zweisprachige englisch-franz\u00f6sische Ausgabe.<\/p>\n<p><a href=\"https:\/\/companie-of-st-george.ch\/wordpress\/wp-content\/uploads\/2020\/07\/dragon-3.pdf\">Download<\/a><\/p>\n<h4><b>Inhalte:<\/b><\/h4>\n<ul>\n<li>Editorial<\/li>\n<li>The Perils of Indulgence in Cosmetics<\/li>\n<li>\u201cCould you repeat that order, Sir \u2026\u201d &#8211; Period commands and phrases<\/li>\n<li>\u201cTake some horsgrece \u2026\u201d &#8211; Examples for medical recipes<\/li>\n<li>\u201cAlas my jewellys \u2026\u201d &#8211; Apt phrases from a Tudor play<\/li>\n<li>A fifteenth century bath<\/li>\n<li>Chanson \u00e0 boire &#8211; A drinking song (French only)<\/li>\n<li>Chanson d&#8217;amour &#8211; A love song (French only)<\/li>\n<li>A decision on tents (Ten years later, we have just taken that step again \u2026)<\/li>\n<li>Purses dor the Company of Saint George (with drawings)<\/li>\n<li>Jacks for the Company of Saint George (with drawings)<\/li>\n<li>La Manier de se Contenir \u00e0 Table &#8211; Table-manners<\/li>\n<li>Nine Men&#8217;s Morris: A Medieval Board Game<\/li>\n<li>La Com\u00e8te de Halley &#8211; Halley&#8217;s comet<\/li>\n<li>Bon Appetit &#8211; The Diet of a 15th Century Soldier<\/li>\n<li>The Burgundian Camp in 1476<\/li>\n<\/ul>\n<\/div>\n<\/div><div id=\"cmsmasters_tab_zamd5hih19\" class=\"cmsmasters_tab\">\n<div class=\"cmsmasters_tab_inner\">\n<h3>Dragon No. 4<\/h3>\n<p>Erstpublikation im Mai 1992<br \/>\nDies ist eine \u00fcberwiegend englische Ausgabe mit einigen franz\u00f6sischen Texten.<\/p>\n<p><a href=\"https:\/\/companie-of-st-george.ch\/wordpress\/wp-content\/uploads\/2020\/07\/dragon-4.pdf\">Download<\/a><\/p>\n<h4><b>Inhalte:<\/b><\/h4>\n<ul>\n<li class=\"li\">Editorial<\/li>\n<li class=\"li\">Who&#8217;s who: Niklaus von Schanachtal<\/li>\n<li class=\"li\">Dress for the women of our Company (with drawings)<\/li>\n<li class=\"li\">Le Mobilier &#8211; The furniture (French only, but lots of drawings)<\/li>\n<li class=\"li\">Announcement &#8211; Gerry Embleton has been asked to do a book on the 15th century soldier<\/li>\n<li class=\"li\">An historian on history &#8211; A poetic view<\/li>\n<li class=\"li\">Book review: \u201cThe House fo Niccolo\u201d series<\/li>\n<li class=\"li\">Spinach: an erratum on the illegal substances in vol. 1<\/li>\n<\/ul>\n<\/div>\n<\/div><div id=\"cmsmasters_tab_19765fgars\" class=\"cmsmasters_tab\">\n<div class=\"cmsmasters_tab_inner\">\n<h3>Dragon No. 5<\/h3>\n<p>Erstpublikation im Mai 1993<br \/>\nDies ist eine \u00fcberwiegende englische Ausgabe.<\/p>\n<p><a href=\"https:\/\/companie-of-st-george.ch\/wordpress\/wp-content\/uploads\/2020\/07\/dragon-5.pdf\">Download<\/a><\/p>\n<h4><b>Inhalte:<\/b><\/h4>\n<ul>\n<li class=\"li\">Editorial<\/li>\n<li class=\"li\">Who&#8217;s who in 1476 &#8211; A list by countries<\/li>\n<li class=\"li\">Burgundian booty, a brief summary<\/li>\n<li class=\"li\">The furniture &#8211; Part 2 &#8211; Many drawings (in French as well)<\/li>\n<li class=\"li\">Thalhoffer &#8211; Weapon training in the 15th century<\/li>\n<li class=\"li\">15th century weather<\/li>\n<li class=\"li\">Book reviews<\/li>\n<li class=\"li\">Reenactment &#8211; General and specific remarks by Jamie Donnan<\/li>\n<li class=\"li\">Tents for the Company of Saynte George (with drawings)<\/li>\n<li class=\"li\">15th century tools (with drawings)<\/li>\n<li class=\"li\">The birth of a child in the late medieval period<\/li>\n<li class=\"li\">Making a padded Jack<\/li>\n<li class=\"li\">A small household of the 15th century &#8211; Summary of the household accounts of John Munden<\/li>\n<li class=\"li\">The splendours of the Burgundian court &#8211; A letter by John Paston III in 1468<\/li>\n<\/ul>\n<\/div>\n<\/div><div id=\"cmsmasters_tab_cvfxxlago8\" class=\"cmsmasters_tab\">\n<div class=\"cmsmasters_tab_inner\">\n<h3>Dragon No. 6<\/h3>\n<p>Erstpublikation im M\u00e4rz 1995<br \/>\nDies ist eine \u00fcberwiegend englische Ausgabe\u00a0 mit einigen \u00dcbersetzungen ins Franz\u00f6sische und einer ins Deutsche.<\/p>\n<p><a href=\"https:\/\/companie-of-st-george.ch\/wordpress\/wp-content\/uploads\/2020\/07\/dragon-6.pdf\">Download<\/a><\/p>\n<h4><b>Inhalte:<\/b><\/h4>\n<ul>\n<li class=\"li\">Editorial<\/li>\n<li class=\"li\">A child<\/li>\n<li class=\"li\">Medieval cookery and medicine &#8211; Part 1<\/li>\n<li class=\"li\">Plat du jour &#8211; Recipe of the day<\/li>\n<li class=\"li\">Domestic furniture in the Tacuinum Sanitatis (with drawings)<\/li>\n<li class=\"li\">The Schilling chronicles<\/li>\n<li class=\"li\">An examination of a typical Swiss or South-German coif<\/li>\n<li class=\"li\">Recruiting, payments and the prices in the republic of Genoa<\/li>\n<li class=\"li\">Swords for the Company of St. George (with drawings)<\/li>\n<\/ul>\n<\/div>\n<\/div><div id=\"cmsmasters_tab_o1w475iw8s\" class=\"cmsmasters_tab\">\n<div class=\"cmsmasters_tab_inner\">\n<h3>Dragon No. 7<\/h3>\n<p>Erstpublikation im Juni 1995<br \/>\nDies ist ein zweisprachiger englisch-franz\u00f6sischer Band.<\/p>\n<p><a href=\"https:\/\/companie-of-st-george.ch\/wordpress\/wp-content\/uploads\/2020\/07\/dragon-7.pdf\">Download<\/a><\/p>\n<h4><b>Inhalte:<\/b><\/h4>\n<ul>\n<li class=\"li\">Editorial<\/li>\n<li class=\"li\">Polearms for the Company of St. George<\/li>\n<li class=\"li\">The earliest cartridges<\/li>\n<li class=\"li\">Medieval cookery and medicine &#8211; Part 2<\/li>\n<li class=\"li\">Medieval Furniture &#8211; Part 4 (comes in French as well)<\/li>\n<li class=\"li\">L&#8217;ordre de la toison d&#8217;or (French only)<\/li>\n<\/ul>\n<\/div>\n<\/div><div id=\"cmsmasters_tab_lu2659ope7\" class=\"cmsmasters_tab\">\n<div class=\"cmsmasters_tab_inner\">\n<h3>Dragon No. 8<\/h3>\n<p>Erstpublikation im Dezember 1995<br \/>\nDies ist eine meist englische Ausgabe mit einem franz\u00f6sischen Artikel und einem ins Deutsche \u00fcbersetzten Artikel.<\/p>\n<p><a href=\"https:\/\/companie-of-st-george.ch\/wordpress\/wp-content\/uploads\/2020\/07\/dragon-8.pdf\">Download<\/a><\/p>\n<h4><b>Inhalte:<\/b><\/h4>\n<ul>\n<li class=\"li\">Editorial<\/li>\n<li class=\"li\">Livery clothing, circa 1460-1480<\/li>\n<li class=\"li\">Recette du jour (French only)<\/li>\n<li class=\"li\">Firearms in the republic of Genoa<\/li>\n<li class=\"li\">Military Organisation in Switzerland in the time of the Burgundian wars<\/li>\n<li class=\"li\">Formation and organisation of defence of W\u00fcrttemberg in the second half of the 15th century (in German as well)<\/li>\n<li class=\"li\">The fletching of arrows, a detailed look at the techniques<\/li>\n<li class=\"li\">Book review: \u201cOn the practice or art of dancing\u201d<\/li>\n<li class=\"li\">Rushlights &#8211; How to make and use them<\/li>\n<li class=\"li\">Questions and answers &#8211; Helmet fastenings and mail \u201cshorts\u201d<\/li>\n<\/ul>\n<\/div>\n<\/div><div id=\"cmsmasters_tab_vtd1ihb8tq\" class=\"cmsmasters_tab\">\n<div class=\"cmsmasters_tab_inner\">\n<h3>Dragon No. 9<\/h3>\n<p>Erstpublikation im Januar 1997<br \/>\nDies ist eine zweisprachige englisch-franz\u00f6sische Ausgabe.<\/p>\n<p><a href=\"https:\/\/companie-of-st-george.ch\/wordpress\/wp-content\/uploads\/2020\/07\/dragon-9.pdf\">Download<\/a><\/p>\n<h4><b>Inhalte:<\/b><\/h4>\n<ul>\n<li class=\"li\">Editorial<\/li>\n<li class=\"li\">Medieval military drill<\/li>\n<li class=\"li\">Medieval Lanterns (with many many drawings)<\/li>\n<li class=\"li\">Poids et mobilit\u00e9 des armures (French only)<\/li>\n<li class=\"li\">Book review: Armies and warfare in the MA \/ Early French cookery<\/li>\n<li class=\"li\">Biscuit &#8211; the staple of armies from time immemorial &#8211; a recipe<\/li>\n<\/ul>\n<\/div>\n<\/div><div id=\"cmsmasters_tab_rh9ch8z4x\" class=\"cmsmasters_tab\">\n<div class=\"cmsmasters_tab_inner\">\n<h3>Dragon No. 10<\/h3>\n<p>Erstpublikation im Sommer 2000.<br \/>\nDas ist eine englische Ausgabe.<\/p>\n<p><a href=\"https:\/\/companie-of-st-george.ch\/wordpress\/wp-content\/uploads\/2020\/07\/dragon-10.pdf\">Download<\/a><\/p>\n<h4><b>Inhalte:<\/b><\/h4>\n<ul>\n<li class=\"li\">Editorial<\/li>\n<li class=\"li\">Medieval cloth<\/li>\n<li class=\"li\">Ells, aunes and braccia &#8211; medieval cloth measures<\/li>\n<li class=\"li\">The nature of swords &#8211; a general view<\/li>\n<li class=\"li\">Tents for the company revised (with drawings)<\/li>\n<\/ul>\n<\/div>\n<\/div><div id=\"cmsmasters_tab_qt468hhcca\" class=\"cmsmasters_tab\">\n<div class=\"cmsmasters_tab_inner\">\n<h3>Dragon No. 11<\/h3>\n<p>Erstpublikation im Winter 2000.<br \/>\nDas ist eine englische Ausgabe.<\/p>\n<p><a href=\"https:\/\/companie-of-st-george.ch\/wordpress\/wp-content\/uploads\/2020\/07\/dragon-11.pdf\">Download<\/a><\/p>\n<h4><b>Inhalte:<\/b><\/h4>\n<ul>\n<li class=\"li\">Editorial<\/li>\n<li class=\"li\">The history of Burgundy &#8211; excerpts from the memories of Olivier de la Marche<\/li>\n<li class=\"li\">On carrying \u2026 bags, bundles, packs and baskets (with drawings)<\/li>\n<li class=\"li\">A shopping list from 1435<\/li>\n<li class=\"li\">Advice to travellers &#8211; short excerpt of a manual<\/li>\n<li class=\"li\">Fireplaces &#8211; a few thoughts<\/li>\n<li class=\"li\">Comments to older articles<\/li>\n<li class=\"li\">Grinding Benches (a single illustration)<\/li>\n<\/ul>\n<\/div>\n<\/div><div id=\"cmsmasters_tab_fnmb5rk33h\" class=\"cmsmasters_tab\">\n<div class=\"cmsmasters_tab_inner\">\n<h3>Dragon No. 12<\/h3>\n<p>Erstpublikation im Sommer 2003<br \/>\nDas ist eine englische Ausgabe.<\/p>\n<p><a href=\"https:\/\/companie-of-st-george.ch\/wordpress\/wp-content\/uploads\/2020\/07\/dragon-12.pdf\">Download<\/a><\/p>\n<h4><b>Inhalte:<\/b><\/h4>\n<ul>\n<li class=\"li\">Editorial<\/li>\n<li class=\"li\">The tactics and weapons of the 2nd battle of St. Albans 1461<\/li>\n<li class=\"li\">An investigation into the \u201cbend\u201d as part of the 15th century military clothing<\/li>\n<li class=\"li\">Milanese Artillery<\/li>\n<li class=\"li\">Italian field fortifications<\/li>\n<li class=\"li\">Thoughts on tents<\/li>\n<li class=\"li\">A 15th century leather mitten from the Thames<\/li>\n<li class=\"li\">A journey by sea<\/li>\n<\/ul>\n<\/div>\n<\/div><div id=\"cmsmasters_tab_i313tourb\" class=\"cmsmasters_tab\">\n<div class=\"cmsmasters_tab_inner\">\n<h3>Dragon No. 13<\/h3>\n<p>First published in Winter 2020<br \/>\nThis is an english-only volume<\/p>\n<p><a href=\"https:\/\/companie-of-st-george.ch\/wordpress\/wp-content\/uploads\/2020\/12\/dragon-13.pdf\">Download<\/a><\/p>\n<h4><b>Content:<\/b><\/h4>\n<ul>\n<li class=\"li\">Editorial<\/li>\n<li>The Ursula Shrine Linnen Armour<\/li>\n<li>PANDOLFO III MALATESTA\u2019S \u00a0FUNERAL DOUBLET<\/li>\n<li>Towards a New Base for Historical Cooking<\/li>\n<li>Cameline Sauce<\/li>\n<li>Tripe Disguised as \u00a0Omelette Balls<\/li>\n<li>ODDS&amp;ENDS<\/li>\n<li>A Set of Carving Knives<\/li>\n<li>The Jew`s Harp &#8211; A Simple Instrument for Everybody<\/li>\n<li>Reenacting Religion<\/li>\n<li>The Goat Game<\/li>\n<li>Forge Experiments: \u00a0Long Rondel Daggers<\/li>\n<li>STRIKE-A-LIGHTS, FLINTS AND TINDERS:\u00a0which historical sources?<\/li>\n<\/ul>\n<\/div>\n<\/div><\/div>\n<\/div>\n<\/div><\/div>\n<\/div>\n<\/div>\n<\/div>\n<\/div>\n<\/div>\n\n","protected":false},"excerpt":{"rendered":"","protected":false},"author":1,"featured_media":0,"parent":16053,"menu_order":0,"comment_status":"closed","ping_status":"closed","template":"","meta":{"footnotes":""},"class_list":["post-15953","page","type-page","status-publish","hentry"],"yoast_head":"<!-- This site is optimized with the Yoast SEO plugin v26.4 - https:\/\/yoast.com\/wordpress\/plugins\/seo\/ -->\n<title>The Dragon Online - The Company of St. George<\/title>\n<meta name=\"robots\" content=\"index, follow, max-snippet:-1, max-image-preview:large, max-video-preview:-1\" \/>\n<link rel=\"canonical\" href=\"https:\/\/companie-of-st-george.ch\/de\/publikationen\/dragons-online\/\" \/>\n<meta property=\"og:locale\" content=\"de_DE\" \/>\n<meta property=\"og:type\" content=\"article\" \/>\n<meta property=\"og:title\" content=\"The Dragon Online - The Company of St. George\" \/>\n<meta property=\"og:url\" content=\"https:\/\/companie-of-st-george.ch\/de\/publikationen\/dragons-online\/\" \/>\n<meta property=\"og:site_name\" content=\"The Company of St. George\" \/>\n<meta property=\"article:modified_time\" content=\"2020-12-23T18:46:50+00:00\" \/>\n<meta name=\"twitter:card\" content=\"summary_large_image\" \/>\n<meta name=\"twitter:label1\" content=\"Gesch\u00e4tzte Lesezeit\" \/>\n\t<meta name=\"twitter:data1\" content=\"8\u00a0Minuten\" \/>\n<script type=\"application\/ld+json\" class=\"yoast-schema-graph\">{\"@context\":\"https:\/\/schema.org\",\"@graph\":[{\"@type\":\"WebPage\",\"@id\":\"https:\/\/companie-of-st-george.ch\/de\/publikationen\/dragons-online\/\",\"url\":\"https:\/\/companie-of-st-george.ch\/de\/publikationen\/dragons-online\/\",\"name\":\"The Dragon Online - The Company of St. George\",\"isPartOf\":{\"@id\":\"https:\/\/companie-of-st-george.ch\/de\/#website\"},\"datePublished\":\"2020-07-30T06:47:09+00:00\",\"dateModified\":\"2020-12-23T18:46:50+00:00\",\"breadcrumb\":{\"@id\":\"https:\/\/companie-of-st-george.ch\/de\/publikationen\/dragons-online\/#breadcrumb\"},\"inLanguage\":\"de\",\"potentialAction\":[{\"@type\":\"ReadAction\",\"target\":[\"https:\/\/companie-of-st-george.ch\/de\/publikationen\/dragons-online\/\"]}]},{\"@type\":\"BreadcrumbList\",\"@id\":\"https:\/\/companie-of-st-george.ch\/de\/publikationen\/dragons-online\/#breadcrumb\",\"itemListElement\":[{\"@type\":\"ListItem\",\"position\":1,\"name\":\"Home\",\"item\":\"https:\/\/companie-of-st-george.ch\/de\/\"},{\"@type\":\"ListItem\",\"position\":2,\"name\":\"Publikationen\",\"item\":\"https:\/\/companie-of-st-george.ch\/de\/publikationen\/\"},{\"@type\":\"ListItem\",\"position\":3,\"name\":\"The Dragon Online\"}]},{\"@type\":\"WebSite\",\"@id\":\"https:\/\/companie-of-st-george.ch\/de\/#website\",\"url\":\"https:\/\/companie-of-st-george.ch\/de\/\",\"name\":\"The Company of St. George\",\"description\":\"An artillery company of the 15th century\",\"potentialAction\":[{\"@type\":\"SearchAction\",\"target\":{\"@type\":\"EntryPoint\",\"urlTemplate\":\"https:\/\/companie-of-st-george.ch\/de\/?s={search_term_string}\"},\"query-input\":{\"@type\":\"PropertyValueSpecification\",\"valueRequired\":true,\"valueName\":\"search_term_string\"}}],\"inLanguage\":\"de\"}]}<\/script>\n<!-- \/ Yoast SEO plugin. -->","yoast_head_json":{"title":"The Dragon Online - The Company of St. George","robots":{"index":"index","follow":"follow","max-snippet":"max-snippet:-1","max-image-preview":"max-image-preview:large","max-video-preview":"max-video-preview:-1"},"canonical":"https:\/\/companie-of-st-george.ch\/de\/publikationen\/dragons-online\/","og_locale":"de_DE","og_type":"article","og_title":"The Dragon Online - The Company of St. George","og_url":"https:\/\/companie-of-st-george.ch\/de\/publikationen\/dragons-online\/","og_site_name":"The Company of St. George","article_modified_time":"2020-12-23T18:46:50+00:00","twitter_card":"summary_large_image","twitter_misc":{"Gesch\u00e4tzte Lesezeit":"8\u00a0Minuten"},"schema":{"@context":"https:\/\/schema.org","@graph":[{"@type":"WebPage","@id":"https:\/\/companie-of-st-george.ch\/de\/publikationen\/dragons-online\/","url":"https:\/\/companie-of-st-george.ch\/de\/publikationen\/dragons-online\/","name":"The Dragon Online - The Company of St. George","isPartOf":{"@id":"https:\/\/companie-of-st-george.ch\/de\/#website"},"datePublished":"2020-07-30T06:47:09+00:00","dateModified":"2020-12-23T18:46:50+00:00","breadcrumb":{"@id":"https:\/\/companie-of-st-george.ch\/de\/publikationen\/dragons-online\/#breadcrumb"},"inLanguage":"de","potentialAction":[{"@type":"ReadAction","target":["https:\/\/companie-of-st-george.ch\/de\/publikationen\/dragons-online\/"]}]},{"@type":"BreadcrumbList","@id":"https:\/\/companie-of-st-george.ch\/de\/publikationen\/dragons-online\/#breadcrumb","itemListElement":[{"@type":"ListItem","position":1,"name":"Home","item":"https:\/\/companie-of-st-george.ch\/de\/"},{"@type":"ListItem","position":2,"name":"Publikationen","item":"https:\/\/companie-of-st-george.ch\/de\/publikationen\/"},{"@type":"ListItem","position":3,"name":"The Dragon Online"}]},{"@type":"WebSite","@id":"https:\/\/companie-of-st-george.ch\/de\/#website","url":"https:\/\/companie-of-st-george.ch\/de\/","name":"The Company of St. George","description":"An artillery company of the 15th century","potentialAction":[{"@type":"SearchAction","target":{"@type":"EntryPoint","urlTemplate":"https:\/\/companie-of-st-george.ch\/de\/?s={search_term_string}"},"query-input":{"@type":"PropertyValueSpecification","valueRequired":true,"valueName":"search_term_string"}}],"inLanguage":"de"}]}},"_links":{"self":[{"href":"https:\/\/companie-of-st-george.ch\/de\/wp-json\/wp\/v2\/pages\/15953","targetHints":{"allow":["GET"]}}],"collection":[{"href":"https:\/\/companie-of-st-george.ch\/de\/wp-json\/wp\/v2\/pages"}],"about":[{"href":"https:\/\/companie-of-st-george.ch\/de\/wp-json\/wp\/v2\/types\/page"}],"author":[{"embeddable":true,"href":"https:\/\/companie-of-st-george.ch\/de\/wp-json\/wp\/v2\/users\/1"}],"replies":[{"embeddable":true,"href":"https:\/\/companie-of-st-george.ch\/de\/wp-json\/wp\/v2\/comments?post=15953"}],"version-history":[{"count":25,"href":"https:\/\/companie-of-st-george.ch\/de\/wp-json\/wp\/v2\/pages\/15953\/revisions"}],"predecessor-version":[{"id":16615,"href":"https:\/\/companie-of-st-george.ch\/de\/wp-json\/wp\/v2\/pages\/15953\/revisions\/16615"}],"up":[{"embeddable":true,"href":"https:\/\/companie-of-st-george.ch\/de\/wp-json\/wp\/v2\/pages\/16053"}],"wp:attachment":[{"href":"https:\/\/companie-of-st-george.ch\/de\/wp-json\/wp\/v2\/media?parent=15953"}],"curies":[{"name":"wp","href":"https:\/\/api.w.org\/{rel}","templated":true}]}}