{"id":15941,"date":"2020-07-29T17:55:23","date_gmt":"2020-07-29T15:55:23","guid":{"rendered":"https:\/\/companie-of-st-george.ch\/wordpress\/?page_id=15941"},"modified":"2022-02-18T11:30:23","modified_gmt":"2022-02-18T10:30:23","slug":"datenschutz","status":"publish","type":"page","link":"https:\/\/companie-of-st-george.ch\/de\/datenschutz\/","title":{"rendered":"Datenschutz"},"content":{"rendered":"<div id=\"cmsmasters_row_0cnqapc8i\" class=\"cmsmasters_row cmsmasters_color_scheme_default cmsmasters_row_top_default cmsmasters_row_bot_default cmsmasters_row_boxed\">\n<div class=\"cmsmasters_row_outer_parent\">\n<div class=\"cmsmasters_row_outer\">\n<div class=\"cmsmasters_row_inner\">\n<div class=\"cmsmasters_row_margin\">\n<div id=\"cmsmasters_column_8orztbgrcm\" class=\"cmsmasters_column one_first\">\n<div class=\"cmsmasters_column_inner\"><div class=\"cmsmasters_text\">\n<p>&nbsp;<\/p>\n<p>Mit dieser Datenschutzerkl\u00e4rung informieren wir \u00fcber die Bearbeitung von Personendaten im Zusammenhang mit unserer <b>companie-of-st-george.ch-Website<\/b> und unserem sonstigen Online-Angebot.<\/p>\n<p>F\u00fcr einzelne oder zus\u00e4tzliche Angebote und Leistungen k\u00f6nnen besondere, erg\u00e4nzende oder weitere Datenschutzerkl\u00e4rungen sowie sonstige rechtliche Dokumente wie Allgemeine Gesch\u00e4ftsbedingungen (AGB), Nutzungsbedingungen oder Teilnahmebedingungen gelten.<\/p>\n<p>Unser Online-Angebot unterliegt dem schweizerischen Datenschutzrecht sowie allenfalls anwendbarem ausl\u00e4ndischem Datenschutzrecht wie insbesondere jenem der Europ\u00e4ischen Union (EU) mit der Datenschutz-Grundverordnung (DSGVO). Die Europ\u00e4ische Kommission<a href=\"https:\/\/eur-lex.europa.eu\/legal-content\/DE\/TXT\/?uri=CELEX:32000D0518\"> anerkennt<\/a>, dass das schweizerische Datenschutzrecht einen angemessenen Datenschutz gew\u00e4hrleistet.<\/p>\n<p>&nbsp;<\/p>\n<h2><b>1. Kontaktadressen<\/b><\/h2>\n<p>Verantwortung f\u00fcr das Online-Angebot:<\/p>\n<p><b>The Company of St. George<\/b><br \/>\nc\/o Roger Neeracher<br \/>\nUnterburg 10<br \/>\n8158 Regensberg<br \/>\nSchweiz<\/p>\n<p><a href=\"mailto:contact@companie-of-st-george.ch\">contact@companie-of-st-george.ch<\/a><\/p>\n<p>&nbsp;<\/p>\n<h3><b>Datenschutz-Vertretung im Europ\u00e4ischen Wirtschaftsraum (EWR)<\/b><\/h3>\n<p>Wir verf\u00fcgen \u00fcber nachfolgende Datenschutz-Vertretung gem\u00e4ss<a href=\"https:\/\/steigerlegal.ch\/dsgvo\/dsgvo-27\/\"> Art. 27 DSGVO<\/a> im Europ\u00e4ischen Wirtschaftsraum (EWR) einschliesslich Europ\u00e4ischer Union (EU) und F\u00fcrstentum Liechtenstein als <i>zus\u00e4tzliche<\/i> Anlaufstelle f\u00fcr Aufsichtsbeh\u00f6rden und betroffene Personen f\u00fcr Anfragen im Zusammenhang mit der Datenschutz-Grundverordnung (DSGVO):<\/p>\n<p><b>The Company of St. George<br \/>\n<\/b>c\/o Floor <span id=\"cch_f3a028dc970cfe\" class=\"_mh6 _wsc\"><span class=\"_3oh- _58nk\">Verhoeven<\/span><\/span><br \/>\n<span id=\"cch_f3a028dc970cfe\" class=\"_mh6 _wsc\"><span class=\"_3oh- _58nk\">Amerikalaan 179<br \/>\n3526VD Utrech<\/span><\/span><span id=\"cch_f3a028dc970cfe\" class=\"_mh6 _wsc\"><span class=\"_3oh- _58nk\">t<br \/>\nNiederlande<br \/>\n<\/span><\/span><\/p>\n<p><a href=\"mailto:privacy@companie-of-st-george.ch\">privacy@companie-of-st-george.ch <\/a><\/p>\n<p>&nbsp;<\/p>\n<h2><b>2. Bearbeitung von Personendaten<\/b><\/h2>\n<h3><b>2.1 Begriffe<\/b><\/h3>\n<p><b>Personendaten<\/b> sind alle Angaben, die sich auf eine bestimmte oder bestimmbare Person beziehen. Eine <b>betroffene Person<\/b> ist eine Person, \u00fcber die Personendaten bearbeitet werden. <b>Bearbeiten<\/b> umfasst <i>jeden<\/i> Umgang mit Personendaten, <i>unabh\u00e4ngig<\/i> von den angewandten Mitteln und Verfahren, insbesondere das Aufbewahren, Bekanntgeben, Beschaffen, Erheben, L\u00f6schen, Speichern, Ver\u00e4ndern, Vernichten und Verwenden von Personendaten.<\/p>\n<h3><b>2.2 Rechtsgrundlagen<\/b><\/h3>\n<p>Wir bearbeiten Personendaten im Einklang mit dem schweizerischen Datenschutzrecht wie insbesondere dem<a href=\"https:\/\/www.admin.ch\/opc\/de\/classified-compilation\/19920153\/index.html\"> Bundesgesetz \u00fcber den Datenschutz<\/a> (DSG) und der<a href=\"https:\/\/www.admin.ch\/opc\/de\/classified-compilation\/19930159\/index.html\"> Verordnung zum Bundesgesetz \u00fcber den Datenschutz<\/a> (VDSG).<\/p>\n<p>Wir bearbeiten \u2013 sofern und soweit die Datenschutz-Grundverordnung (DSGVO) anwendbar ist \u2013 Personendaten gem\u00e4ss <i>mindestens<\/i> einer der folgenden Rechtsgrundlagen:<\/p>\n<ul>\n<li><a href=\"https:\/\/steigerlegal.ch\/dsgvo\/dsgvo-6\/\">Art. 6 Abs. 1 lit. b DSGVO<\/a> f\u00fcr die erforderliche Bearbeitung von Personendaten zur Erf\u00fcllung eines Vertrages mit der betroffenen Person sowie zur Durchf\u00fchrung vorvertraglicher Massnahmen.<\/li>\n<li>Art. 6 Abs. 1 lit. f DSGVO f\u00fcr die erforderliche Bearbeitung von Personendaten, um die berechtigten Interessen von uns oder von Dritten zu wahren, sofern nicht die Grundfreiheiten und Grundrechte sowie Interessen der betroffenen Person \u00fcberwiegen. Berechtigte Interessen sind insbesondere unser Interesse, unser Online-Angebot dauerhaft, nutzerfreundlich, sicher und zuverl\u00e4ssig bereitstellen sowie daf\u00fcr bei Bedarf werben zu k\u00f6nnen, die Informationssicherheit sowie der Schutz vor Missbrauch und unbefugter Nutzung, die Durchsetzung von eigenen rechtlichen Anspr\u00fcchen und die Einhaltung von schweizerischem Recht.<\/li>\n<li>Art. 6 Abs. 1 lit. c DSGVO f\u00fcr die erforderliche Bearbeitung von Personendaten zur Erf\u00fcllung einer rechtlichen Verpflichtung, der wir gem\u00e4ss allenfalls anwendbarem Recht von Mitgliedstaaten im Europ\u00e4ischen Wirtschaftsraum (EWR) unterliegen.<\/li>\n<li>Art. 6 Abs. 1 lit. e DSGVO f\u00fcr die erforderliche Bearbeitung von Personendaten zur Wahrnehmung einer Aufgabe, die im \u00f6ffentlichen Interesse liegt.<\/li>\n<li>Art. 6 Abs. 1 lit. a DSGVO f\u00fcr die Bearbeitung von Personendaten mit Einwilligung der betroffenen Person.<\/li>\n<li>Art. 6 Abs. 1 lit. d DSGVO f\u00fcr die erforderliche Bearbeitung von Personendaten, um lebenswichtige Interessen der betroffenen Person oder einer anderen nat\u00fcrlichen Person zu sch\u00fctzen.<\/li>\n<\/ul>\n<h3><b>2.3 Art, Umfang und Zweck<\/b><\/h3>\n<p>Wir bearbeiten jene Personendaten, die <b>erforderlich<\/b> sind, um unser Online-Angebot dauerhaft, nutzerfreundlich, sicher und zuverl\u00e4ssig bereitstellen zu k\u00f6nnen. Solche Personendaten k\u00f6nnen in die Kategorien von Bestandes- und Kontaktdaten, Inhaltsdaten, Meta- beziehungsweise Randdaten sowie Nutzungsdaten, Standortdaten, Vertragsdaten und Zahlungsdaten fallen.<\/p>\n<p>Wir bearbeiten Personendaten w\u00e4hrend jener <b>Dauer<\/b>, die f\u00fcr den jeweiligen Zweck beziehungsweise die jeweiligen Zwecke oder gesetzlich erforderlich ist. Personendaten, deren Bearbeitung nicht mehr erforderlich ist, werden anonymisiert oder gel\u00f6scht.<\/p>\n<p>Wir bearbeiten Personendaten <i>grunds\u00e4tzlich<\/i> nur nach Einwilligung der betroffenen Person, es sei denn, die Bearbeitung ist aus anderen rechtlichen Gr\u00fcnden zul\u00e4ssig, beispielsweise zur Erf\u00fcllung eines Vertrages mit der betroffenen Person und f\u00fcr entsprechende vorvertragliche Massnahmen, um unsere \u00fcberwiegenden berechtigten Interessen zu wahren, weil die Bearbeitung aus den Umst\u00e4nden ersichtlich ist oder nach vorg\u00e4ngiger Information.<\/p>\n<p>In diesem Rahmen bearbeiten wir insbesondere Angaben, die eine betroffene Person bei der Kontaktaufnahme \u2013 beispielsweise per Briefpost, E-Mail, Kontaktformular, Social Media oder Telefon \u2013 oder bei der Registrierung f\u00fcr ein Nutzerkonto <i>freiwillig und selbst<\/i> an uns \u00fcbermittelt. Wir k\u00f6nnen solche Angaben beispielsweise in einem Adressbuch oder mit vergleichbaren Hilfsmitteln speichern. Sofern Sie Personendaten \u00fcber Dritte an uns \u00fcbermitteln, sind Sie verpflichtet, den Datenschutz gegen\u00fcber solchen Dritten zu gew\u00e4hrleisten sowie die Richtigkeit solcher Personendaten sicherzustellen.<\/p>\n<p>Wir bearbeiten ausserdem Personendaten, die wir von Dritten erhalten, aus \u00f6ffentlich zug\u00e4nglichen Quellen beschaffen oder bei der Bereitstellung unseres Online-Angebotes erheben, sofern und soweit eine solche Bearbeitung aus rechtlichen Gr\u00fcnden zul\u00e4ssig ist.<\/p>\n<h3><b>2.4 Bearbeitung von Personendaten durch Dritte, auch im Ausland<\/b><\/h3>\n<p>Wir k\u00f6nnen Personendaten durch Dritte wie insbesondere Auftragsbearbeiter bearbeiten lassen oder gemeinsam mit Dritten sowie mit Hilfe von Dritten bearbeiten oder an Dritte \u00fcbermitteln. Bei solchen Dritten handelt es sich insbesondere um Anbieter, deren Leistungen wir in Anspruch nehmen. Wir gew\u00e4hrleisten auch bei solchen Dritten einen angemessenen Datenschutz.<\/p>\n<p>Solche Dritte befinden sich <i>grunds\u00e4tzlich<\/i> in der Schweiz sowie im Europ\u00e4ischen Wirtschaftsraum (EWR) einschliesslich Europ\u00e4ischer Union (EU) und F\u00fcrstentum Liechtenstein. Solche Dritte k\u00f6nnen sich aber auch in sonstigen Staaten auf der Erde und anderswo im Universum befinden, sofern deren Datenschutzrecht nach<a href=\"https:\/\/www.edoeb.admin.ch\/edoeb\/de\/home\/datenschutz\/handel-und-wirtschaft\/uebermittlung-ins-ausland.html\"> Einsch\u00e4tzung des Eidgen\u00f6ssischen Datenschutz- und \u00d6ffentlichkeitsbeauftragten<\/a> (ED\u00d6B) und \u2013 sofern und soweit die Datenschutz-Grundverordnung (DSGVO) anwendbar ist \u2013 nach<a href=\"https:\/\/ec.europa.eu\/info\/law\/law-topic\/data-protection\/data-transfers-outside-eu\/adequacy-protection-personal-data-non-eu-countries_de\"> Einsch\u00e4tzung der Europ\u00e4ischen Kommission<\/a> \u2013 einen angemessenen Datenschutz gew\u00e4hrleistet, oder wenn aus anderen Gr\u00fcnden, wie beispielsweise durch eine entsprechende vertragliche Vereinbarung, insbesondere auf Grundlage von Standardvertragsklauseln, oder durch eine entsprechende Zertifizierung, ein angemessener Datenschutz gew\u00e4hrleistet ist. Ausnahmsweise kann sich ein solcher Dritter in einem Land ohne angemessenen Datenschutz befinden, sofern daf\u00fcr die datenschutzrechtlichen Voraussetzungen wie beispielsweise die ausdr\u00fcckliche Einwilligung der betroffenen Person erf\u00fcllt werden.<\/p>\n<h2><b>3. Rechte von betroffenen Personen<\/b><\/h2>\n<p>Betroffene Personen, deren Personendaten wir bearbeiten, verf\u00fcgen \u00fcber die Rechte gem\u00e4ss schweizerischem Datenschutzrecht. Dazu z\u00e4hlen das Recht auf Auskunft sowie das Recht auf Berichtigung, L\u00f6schung oder Sperrung der bearbeiteten Personendaten.<\/p>\n<p>Betroffene Personen, deren Personendaten wir bearbeiten, k\u00f6nnen \u2013 sofern und soweit die Datenschutz-Grundverordnung (DSGVO) anwendbar ist \u2013 unentgeltlich eine Best\u00e4tigung, ob wir ihre Personendaten bearbeiten und, falls ja, Auskunft \u00fcber die Bearbeitung ihrer Personendaten verlangen, die Bearbeitung ihrer Personendaten einschr\u00e4nken lassen, ihr Recht auf Daten\u00fcbertragbarkeit wahrnehmen sowie ihre Personendaten berichtigen, l\u00f6schen (\u00abRecht auf Vergessenwerden\u00bb), sperren oder vervollst\u00e4ndigen lassen.<\/p>\n<p>Betroffene Personen, deren Personendaten wir bearbeiten, k\u00f6nnen \u2013 sofern und soweit die DSGVO anwendbar ist \u2013 eine erteilte Einwilligung jederzeit mit Wirkung f\u00fcr die Zukunft widerrufen und jederzeit Widerspruch gegen die Bearbeitung ihrer Personendaten erheben.<\/p>\n<p>Betroffene Personen, deren Personendaten wir bearbeiten, verf\u00fcgen \u00fcber ein Beschwerderecht bei einer zust\u00e4ndigen Aufsichtsbeh\u00f6rde. Aufsichtsbeh\u00f6rde f\u00fcr den Datenschutz in der Schweiz ist der<a href=\"https:\/\/www.edoeb.admin.ch\/\"> Eidgen\u00f6ssische Datenschutz- und \u00d6ffentlichkeitsbeauftragte<\/a> (ED\u00d6B).<\/p>\n<h2><b>4. Datensicherheit<\/b><\/h2>\n<p>Wir treffen angemessene sowie geeignete technische und organisatorische Massnahmen, um den Datenschutz und insbesondere die Datensicherheit zu gew\u00e4hrleisten. Allerdings kann die Bearbeitung von Personendaten im Internet trotz solchen Massnahmen immer Sicherheitsl\u00fccken aufweisen. Wir k\u00f6nnen deshalb keine absolute Datensicherheit gew\u00e4hrleisten.<\/p>\n<p>Der Zugriff auf unser Online-Angebot erfolgt mittels Transportverschl\u00fcsselung (SSL \/ TLS mit HTTPS).<\/p>\n<p>Der Zugriff auf unser Online-Angebot unterliegt \u2013 wie <i>grunds\u00e4tzlich<\/i> jede Internet-Nutzung \u2013 der anlasslosen und verdachtsunabh\u00e4ngigen Massen\u00fcberwachung sowie sonstigen \u00dcberwachung durch Sicherheitsbeh\u00f6rden in der Schweiz, in der Europ\u00e4ischen Union (EU), in den Vereinigten Staaten von Amerika (USA) und in anderen Staaten. Wir k\u00f6nnen keinen direkten Einfluss auf die entsprechende Bearbeitung von Personendaten durch Geheimdienste, Polizeistellen und andere Sicherheitsbeh\u00f6rden nehmen.<\/p>\n<h2><b>5. Nutzung der Website<\/b><\/h2>\n<h3><b>5.1 Cookies<\/b><\/h3>\n<p>Wir k\u00f6nnen Cookies f\u00fcr unsere Website verwenden. Bei Cookies \u2013 auch von Dritten, deren Dienste wir nutzen (Cookies von Dritten beziehungsweise Third-Party Cookies) \u2013 handelt es sich um Daten in Textform, die in Ihrem Browser gespeichert werden. Cookies k\u00f6nnen keine Programme ausf\u00fchren oder Schadsoftware wie Trojaner und Viren \u00fcbertragen.<\/p>\n<p>Cookies k\u00f6nnen beim Besuch unserer Website in Ihrem Browser tempor\u00e4r als \u00abSession Cookies\u00bb oder f\u00fcr einen bestimmten Zeitraum als sogenannt permanente Cookies gespeichert werden. \u00abSession Cookies\u00bb werden automatisch gel\u00f6scht, wenn Sie Ihren Browser schliessen. Permanente Cookies erm\u00f6glichen insbesondere, Ihren Browser beim n\u00e4chsten Besuch unserer Website wiederzuerkennen und dadurch beispielsweise die Reichweite unserer Website zu messen. Permanente Cookies k\u00f6nnen aber beispielsweise auch f\u00fcr Online-Marketing verwendet werden.<\/p>\n<p>Sie k\u00f6nnen Cookies in Ihren Browser-Einstellungen jederzeit ganz oder teilweise deaktivieren sowie l\u00f6schen. Ohne Cookies steht unser Online-Angebot allenfalls nicht mehr in vollem Umfang zur Verf\u00fcgung. Wir ersuchen Sie \u2013 sofern und soweit erforderlich \u2013 aktiv um Ihre ausdr\u00fcckliche Einwilligung f\u00fcr die Verwendung von Cookies.<\/p>\n<h3><b>5.2 Server-Logdateien<\/b><\/h3>\n<p>Wir k\u00f6nnen f\u00fcr jeden Zugriff auf unsere Website nachfolgende Angaben erfassen, sofern diese von Ihrem Browser an unsere Server-Infrastruktur \u00fcbermittelt werden oder von unserem Webserver ermittelt werden k\u00f6nnen: Datum und Zeit einschliesslich Zeitzone, Internet Protocol (IP)-Adresse, Zugriffsstatus (HTTP-Statuscode), Betriebssystem einschliesslich Benutzeroberfl\u00e4che und Version, Browser einschliesslich Sprache und Version, aufgerufene einzelne Seite unserer Website einschliesslich \u00fcbertragener Datenmenge, zuletzt im gleichen Browser-Fenster aufgerufene Webseite (Referer beziehungsweise Referrer).<\/p>\n<p>Wir speichern solche Angaben, die auch Personendaten darstellen k\u00f6nnen, in Server-Logdateien. Die Angaben sind erforderlich, um unser Online-Angebot dauerhaft, nutzerfreundlich und zuverl\u00e4ssig bereitstellen sowie um die Datensicherheit und damit insbesondere den Schutz von Personendaten sicherstellen zu k\u00f6nnen \u2013 auch durch Dritte oder mit Hilfe von Dritten.<\/p>\n<h3><b>5.3 Z\u00e4hlpixel<\/b><\/h3>\n<p>Wir k\u00f6nnen Z\u00e4hlpixel auf unserer Website verwenden. Z\u00e4hlpixel werden auch als Web-Beacons bezeichnet. Bei Z\u00e4hlpixeln \u2013 auch von Dritten, deren Dienste wir nutzen \u2013 handelt es sich um kleine Bilder, die beim Besuch unserer Website automatisch abgerufen werden. Mit Z\u00e4hlpixeln k\u00f6nnen die gleichen Angaben wie in Server-Logdateien erfasst werden.<\/p>\n<h2><b>6. Social Media<\/b><\/h2>\n<p>Wir sind auf Social Media-Plattformen und anderen Online-Plattformen pr\u00e4sent, um mit interessierten Personen kommunizieren und \u00fcber unser Online-Angebot informieren zu k\u00f6nnen. Dabei k\u00f6nnen Personendaten auch ausserhalb der Schweiz sowie des Europ\u00e4ischen Wirtschaftsraumes (EWR) einschliesslich Europ\u00e4ischer Union (EU) und F\u00fcrstentum Liechtenstein bearbeitet werden.<\/p>\n<p>Es gelten jeweils auch die Allgemeinen Gesch\u00e4ftsbedingungen (AGB), Datenschutzerkl\u00e4rungen und sonstigen Bestimmungen der einzelnen Betreiber solcher Online-Plattformen. Diese Bestimmungen informieren insbesondere \u00fcber die Rechte von betroffenen Personen, wozu insbesondere das Recht auf Auskunft z\u00e4hlt.<\/p>\n<p>F\u00fcr unsere <b>Social Media-Pr\u00e4senz bei Facebook<\/b> sind wir, sofern und soweit die DSGVO anwendbar ist, gemeinsam mit Facebook f\u00fcr die sogenannten Seiten-Insights verantwortlich. Die Seiten-Insight geben Aufschluss dar\u00fcber, wie Besucher mit unserer Facebook-Pr\u00e4senz interagieren. Wir nutzen Seiten-Insights, um unsere Social Media-Pr\u00e4senz bei Facebook effektiv und nutzerfreundlich bereitstellen zu k\u00f6nnen. Facebook hat<a href=\"https:\/\/www.facebook.com\/legal\/terms\/information_about_page_insights_data\"> Informationen zu Seiten-Insights-Daten<\/a> sowie eine<a href=\"https:\/\/www.facebook.com\/legal\/terms\/page_controller_addendum\"> Erg\u00e4nzung bez\u00fcglich der Verantwortung f\u00fcr Seiten-Insights<\/a> ver\u00f6ffentlicht.<\/p>\n<h2><b>7. Dienste von Dritten<\/b><\/h2>\n<p>Wir k\u00f6nnen Dienste von Dritten verwenden, um unser Online-Angebot dauerhaft, nutzerfreundlich, sicher und zuverl\u00e4ssig bereitzustellen. Solche Dienste dienen auch dazu, Inhalte in unser Online-Angebot einbetten zu k\u00f6nnen. Solche Dienste \u2013 beispielsweise Hosting- und Speicherdienste, Video-Dienste sowie Zahlungsdienste \u2013 ben\u00f6tigen Ihre Internet Protocol (IP)-Adresse, da solche Dienste die entsprechenden Inhalte ansonsten nicht \u00fcbermitteln k\u00f6nnen. Solche Dienste k\u00f6nnen sich ausserhalb der Schweiz sowie des Europ\u00e4ischen Wirtschaftsraumes (EWR) einschliesslich Europ\u00e4ischer Union (EU) und F\u00fcrstentum Liechtenstein befinden, sofern ein angemessener Datenschutz gew\u00e4hrleistet ist.<\/p>\n<p>F\u00fcr ihre eigenen sicherheitsrelevanten, statistischen und technischen Zwecke k\u00f6nnen Dritte, deren Dienste wir nutzen, auch Daten im Zusammenhang mit unserem Online-Angebot sowie aus anderen Quellen aggregiert, anonymisiert oder pseudonymisiert \u2013 unter anderem mit Cookies, Logdateien und Z\u00e4hlpixeln \u2013 bearbeiten. Solche Daten werden nicht verwendet, um direkt an betroffene Personen im Zusammenhang mit unserem Online-Angebot zu gelangen.<\/p>\n<p>&nbsp;<\/p>\n<h3><b>7.1 Digitale Infrastruktur<\/b><\/h3>\n<p>Wir nutzen Dienste von Dritten, um ben\u00f6tigte digitale Infrastruktur f\u00fcr unser Angebot in Anspruch nehmen zu k\u00f6nnen. Dazu z\u00e4hlen insbesondere Hosting- und Speicherdienste von spezialisierten Anbietern. Solche Anbieter bearbeiten daf\u00fcr \u2013 \u00fcblicherweise ausschliesslich in unserem Auftrag \u2013 jene Daten, die f\u00fcr den Betrieb dieser Infrastruktur erforderlich sind. Dazu z\u00e4hlt insbesondere Ihre Internet Protocol (IP)-Adresse. Wir gew\u00e4hrleisten auch bei solchen Anbietern einen angemessenen Datenschutz.<\/p>\n<p><a href=\"https:\/\/www.cyon.ch\">Cyon:<\/a> Hosting; Anbieterin: Cyon GmbH (Schweiz); Angaben zum Datenschutz: <a href=\"https:\/\/www.cyon.ch\/legal\/privacy\">Datenschutzerkl\u00e4rung.<\/a><\/p>\n<h3><b>7.2 Unterhaltung<\/b><\/h3>\n<p>Wir verwenden <b>YouTube<\/b>, um Videos in unsere Website einbetten zu k\u00f6nnen. Dabei kommen auch Cookies zum Einsatz. YouTube ist ein Dienst der amerikanischen Google LLC. F\u00fcr Nutzerinnen und Nutzer im Europ\u00e4ischen Wirtschaftsraum (EWR) und in der Schweiz ist die irische<a href=\"https:\/\/www.blog.google\/around-the-globe\/google-europe\/some-changes-our-service-model-europe\/\"> Google Ireland Limited<\/a> verantwortlich. Weitere Angaben \u00fcber Art, Umfang und Zweck der Datenbearbeitung finden sich in den<a href=\"https:\/\/safety.google\/principles\/?hl=de\"> Grunds\u00e4tzen f\u00fcr Datenschutz und Sicherheit<\/a> und in der<a href=\"https:\/\/policies.google.com\/privacy?hl=de\"> Datenschutzerkl\u00e4rung<\/a> jeweils von Google, im<a href=\"https:\/\/policies.google.com\/technologies\/product-privacy?hl=de\"> Leitfaden zum Datenschutz in Google-Produkten<\/a> (einschliesslich YouTube), in den<a href=\"https:\/\/policies.google.com\/technologies\/partner-sites?hl=de\"> Informationen, wie Google Daten von Websites verwendet, auf denen Google-Dienste genutzt werden<\/a> und in den<a href=\"https:\/\/policies.google.com\/technologies\/cookies?hl=de\"> Informationen \u00fcber Cookies bei Google<\/a>. Ausserdem besteht die M\u00f6glichkeit,<a href=\"https:\/\/adssettings.google.com\/\"> Widerspruch gegen personalisierte Werbung<\/a> zu erheben.<\/p>\n<h2><b>8.\u00a0 Schlussbestimmungen<\/b><\/h2>\n<p>Wir k\u00f6nnen diese Datenschutzerkl\u00e4rung jederzeit anpassen und erg\u00e4nzen. Wir werden \u00fcber solche Anpassungen und Erg\u00e4nzungen in geeigneter Form informieren, insbesondere durch Ver\u00f6ffentlichung der jeweils aktuellen Datenschutzerkl\u00e4rung auf unserer Website.<\/p>\n<\/div>\n<\/div><\/div>\n<\/div>\n<\/div>\n<\/div>\n<\/div>\n<\/div>\n\n","protected":false},"excerpt":{"rendered":"","protected":false},"author":1,"featured_media":0,"parent":0,"menu_order":0,"comment_status":"closed","ping_status":"closed","template":"","meta":{"footnotes":""},"class_list":["post-15941","page","type-page","status-publish","hentry"],"yoast_head":"<!-- This site is optimized with the Yoast SEO plugin v26.4 - https:\/\/yoast.com\/wordpress\/plugins\/seo\/ -->\n<title>Datenschutz - The Company of St. George<\/title>\n<meta name=\"robots\" content=\"index, follow, max-snippet:-1, max-image-preview:large, max-video-preview:-1\" \/>\n<link rel=\"canonical\" href=\"https:\/\/companie-of-st-george.ch\/de\/datenschutz\/\" \/>\n<meta property=\"og:locale\" content=\"de_DE\" \/>\n<meta property=\"og:type\" content=\"article\" \/>\n<meta property=\"og:title\" content=\"Datenschutz - The Company of St. George\" \/>\n<meta property=\"og:url\" content=\"https:\/\/companie-of-st-george.ch\/de\/datenschutz\/\" \/>\n<meta property=\"og:site_name\" content=\"The Company of St. George\" \/>\n<meta property=\"article:modified_time\" content=\"2022-02-18T10:30:23+00:00\" \/>\n<meta name=\"twitter:card\" content=\"summary_large_image\" \/>\n<meta name=\"twitter:label1\" content=\"Gesch\u00e4tzte Lesezeit\" \/>\n\t<meta name=\"twitter:data1\" content=\"11\u00a0Minuten\" \/>\n<script type=\"application\/ld+json\" class=\"yoast-schema-graph\">{\"@context\":\"https:\/\/schema.org\",\"@graph\":[{\"@type\":\"WebPage\",\"@id\":\"https:\/\/companie-of-st-george.ch\/de\/datenschutz\/\",\"url\":\"https:\/\/companie-of-st-george.ch\/de\/datenschutz\/\",\"name\":\"Datenschutz - The Company of St. George\",\"isPartOf\":{\"@id\":\"https:\/\/companie-of-st-george.ch\/de\/#website\"},\"datePublished\":\"2020-07-29T15:55:23+00:00\",\"dateModified\":\"2022-02-18T10:30:23+00:00\",\"breadcrumb\":{\"@id\":\"https:\/\/companie-of-st-george.ch\/de\/datenschutz\/#breadcrumb\"},\"inLanguage\":\"de\",\"potentialAction\":[{\"@type\":\"ReadAction\",\"target\":[\"https:\/\/companie-of-st-george.ch\/de\/datenschutz\/\"]}]},{\"@type\":\"BreadcrumbList\",\"@id\":\"https:\/\/companie-of-st-george.ch\/de\/datenschutz\/#breadcrumb\",\"itemListElement\":[{\"@type\":\"ListItem\",\"position\":1,\"name\":\"Home\",\"item\":\"https:\/\/companie-of-st-george.ch\/de\/\"},{\"@type\":\"ListItem\",\"position\":2,\"name\":\"Datenschutz\"}]},{\"@type\":\"WebSite\",\"@id\":\"https:\/\/companie-of-st-george.ch\/de\/#website\",\"url\":\"https:\/\/companie-of-st-george.ch\/de\/\",\"name\":\"The Company of St. George\",\"description\":\"An artillery company of the 15th century\",\"potentialAction\":[{\"@type\":\"SearchAction\",\"target\":{\"@type\":\"EntryPoint\",\"urlTemplate\":\"https:\/\/companie-of-st-george.ch\/de\/?s={search_term_string}\"},\"query-input\":{\"@type\":\"PropertyValueSpecification\",\"valueRequired\":true,\"valueName\":\"search_term_string\"}}],\"inLanguage\":\"de\"}]}<\/script>\n<!-- \/ Yoast SEO plugin. -->","yoast_head_json":{"title":"Datenschutz - The Company of St. George","robots":{"index":"index","follow":"follow","max-snippet":"max-snippet:-1","max-image-preview":"max-image-preview:large","max-video-preview":"max-video-preview:-1"},"canonical":"https:\/\/companie-of-st-george.ch\/de\/datenschutz\/","og_locale":"de_DE","og_type":"article","og_title":"Datenschutz - The Company of St. George","og_url":"https:\/\/companie-of-st-george.ch\/de\/datenschutz\/","og_site_name":"The Company of St. George","article_modified_time":"2022-02-18T10:30:23+00:00","twitter_card":"summary_large_image","twitter_misc":{"Gesch\u00e4tzte Lesezeit":"11\u00a0Minuten"},"schema":{"@context":"https:\/\/schema.org","@graph":[{"@type":"WebPage","@id":"https:\/\/companie-of-st-george.ch\/de\/datenschutz\/","url":"https:\/\/companie-of-st-george.ch\/de\/datenschutz\/","name":"Datenschutz - The Company of St. George","isPartOf":{"@id":"https:\/\/companie-of-st-george.ch\/de\/#website"},"datePublished":"2020-07-29T15:55:23+00:00","dateModified":"2022-02-18T10:30:23+00:00","breadcrumb":{"@id":"https:\/\/companie-of-st-george.ch\/de\/datenschutz\/#breadcrumb"},"inLanguage":"de","potentialAction":[{"@type":"ReadAction","target":["https:\/\/companie-of-st-george.ch\/de\/datenschutz\/"]}]},{"@type":"BreadcrumbList","@id":"https:\/\/companie-of-st-george.ch\/de\/datenschutz\/#breadcrumb","itemListElement":[{"@type":"ListItem","position":1,"name":"Home","item":"https:\/\/companie-of-st-george.ch\/de\/"},{"@type":"ListItem","position":2,"name":"Datenschutz"}]},{"@type":"WebSite","@id":"https:\/\/companie-of-st-george.ch\/de\/#website","url":"https:\/\/companie-of-st-george.ch\/de\/","name":"The Company of St. George","description":"An artillery company of the 15th century","potentialAction":[{"@type":"SearchAction","target":{"@type":"EntryPoint","urlTemplate":"https:\/\/companie-of-st-george.ch\/de\/?s={search_term_string}"},"query-input":{"@type":"PropertyValueSpecification","valueRequired":true,"valueName":"search_term_string"}}],"inLanguage":"de"}]}},"_links":{"self":[{"href":"https:\/\/companie-of-st-george.ch\/de\/wp-json\/wp\/v2\/pages\/15941","targetHints":{"allow":["GET"]}}],"collection":[{"href":"https:\/\/companie-of-st-george.ch\/de\/wp-json\/wp\/v2\/pages"}],"about":[{"href":"https:\/\/companie-of-st-george.ch\/de\/wp-json\/wp\/v2\/types\/page"}],"author":[{"embeddable":true,"href":"https:\/\/companie-of-st-george.ch\/de\/wp-json\/wp\/v2\/users\/1"}],"replies":[{"embeddable":true,"href":"https:\/\/companie-of-st-george.ch\/de\/wp-json\/wp\/v2\/comments?post=15941"}],"version-history":[{"count":11,"href":"https:\/\/companie-of-st-george.ch\/de\/wp-json\/wp\/v2\/pages\/15941\/revisions"}],"predecessor-version":[{"id":17174,"href":"https:\/\/companie-of-st-george.ch\/de\/wp-json\/wp\/v2\/pages\/15941\/revisions\/17174"}],"wp:attachment":[{"href":"https:\/\/companie-of-st-george.ch\/de\/wp-json\/wp\/v2\/media?parent=15941"}],"curies":[{"name":"wp","href":"https:\/\/api.w.org\/{rel}","templated":true}]}}