{"id":15723,"date":"2020-02-15T11:05:24","date_gmt":"2020-02-15T10:05:24","guid":{"rendered":"https:\/\/companie-of-st-george.ch\/wordpress\/?page_id=15723"},"modified":"2020-12-01T21:40:42","modified_gmt":"2020-12-01T20:40:42","slug":"kostuemanleitung","status":"publish","type":"page","link":"https:\/\/companie-of-st-george.ch\/de\/publikationen\/kostuemanleitung\/","title":{"rendered":"Kleider-Guide: M\u00e4nner"},"content":{"rendered":"<div id=\"cmsmasters_row_qtkv038k5i\" class=\"cmsmasters_row cmsmasters_color_scheme_default cmsmasters_row_top_default cmsmasters_row_bot_default cmsmasters_row_boxed\">\n<div class=\"cmsmasters_row_outer_parent\">\n<div class=\"cmsmasters_row_outer\">\n<div class=\"cmsmasters_row_inner\">\n<div class=\"cmsmasters_row_margin\">\n<div id=\"cmsmasters_column_3tk5ptlgu\" class=\"cmsmasters_column one_first\">\n<div class=\"cmsmasters_column_inner\"><div class=\"cmsmasters_text\">\n<h2><\/h2>\n<p>Ohne gute Kleidung kommt man nicht weit bei der historischen Darstellung. Anders als bei anderen Ausr\u00fcstungsteilen kommt niemand ohne Kleider aus \u2013 es handelt sich um eine Minimalanforderung. Bevor man sich strahlende R\u00fcstung anschafft, braucht man etwas f\u00fcr drunter &#8230; um darin zu leben, zu gehen, zu arbeiten, zu k\u00e4mpfen. Es geht dabei um etwas anderes als bei Theater- oder Kino-Kost\u00fcmen: Man muss sie tragen k\u00f6nnen und sie so benutzen als w\u00e4ren sie Alltagskleidung. Sie muss sich auch so anf\u00fchlen und deshalb sollte die Kleidung auch so wie normale Kleidung gearbeitet sein.<\/p>\n<p>Seien wir ehrlich! M\u00e4nnerkleidung, wie sie uns auf Kunstwerken des 15. Jahrhunderts entgegenblickt, befremdet unsere modernen Augen eher: Strumpfhosen die mit mehreren B\u00e4ndeln an eine enge Jacke angenestelt werden. Es erstaunt uns, dass unsere Vorbilder es schafften, so eine perfekte Passform zu erreichen, ohne all die modernen elastischen Kunstfasern zur Verf\u00fcgung zu haben. Und dann konnten sie sich darin sogar noch bewegen! Wenn aber Generationen von M\u00e4nner diese Kleidung getragen haben, dass muss sie auch irgendwie funktioniert haben.<\/p>\n<p><img loading=\"lazy\" decoding=\"async\" class=\"size-full wp-image-15659 alignright\" src=\"https:\/\/companie-of-st-george.ch\/wordpress\/wp-content\/uploads\/2020\/02\/male-costume-guide.png\" alt=\"\" width=\"480\" height=\"363\" srcset=\"https:\/\/companie-of-st-george.ch\/wordpress\/wp-content\/uploads\/2020\/02\/male-costume-guide.png 480w, https:\/\/companie-of-st-george.ch\/wordpress\/wp-content\/uploads\/2020\/02\/male-costume-guide-300x227.png 300w\" sizes=\"auto, (max-width: 480px) 100vw, 480px\" \/>Nach Jahren in denen wir diese Hosen und Jacken getragen haben, darin gerannt und geklettert sind, R\u00fcstung dar\u00fcber trugen, gek\u00e4mpft und gerudert haben, sind wir zu folgendem Schluss gekommen: Es ist nicht nur eine Frage des Stils und des Aussehens, nein, es muss auch bequem zu tragen sein und es lohnt sich diesen zus\u00e4tzlichen Effort zu investieren.<\/p>\n<p>Diese Kleider-Anleitung ist kein Essay zur Kleidung im 15. Jahrhundert, noch ist es eine Studie aller regionalen Stile und es wird auch nicht beschrieben, wie man n\u00e4hen soll. Aber wir beschreiben alle notwendigen Kleidungsst\u00fccke eines m\u00e4nnlichen Company-Mitglieds und wir haben versucht, alle einfachen Prinzipien zu beschreiben die dazu f\u00fchren, dass die Kleidungsst\u00fccke gut aussehen und sich gut anf\u00fchlen.<\/p>\n<p>Wir freuen uns \u00fcber jegliches Feedback, alle Anregungen, Notizen und Gedanken \u00fcber dieses Thema und diese englischsprachige Anleitung.<\/p>\n<p>Die M\u00e4nner-Kleidungs-Anleitung wurde 2010 publiziert.<\/p>\n<p>&nbsp;<\/p>\n<p><a href=\"https:\/\/companie-of-st-george.ch\/wordpress\/wp-content\/uploads\/2020\/09\/cosg2010-clothing-guide-men.pdf\" target=\"_blank\" rel=\"noopener noreferrer\">Download<\/a><\/p>\n<\/div>\n<\/div><\/div>\n<\/div>\n<\/div>\n<\/div>\n<\/div>\n<\/div>\n\n","protected":false},"excerpt":{"rendered":"","protected":false},"author":1,"featured_media":0,"parent":16053,"menu_order":0,"comment_status":"closed","ping_status":"closed","template":"","meta":{"footnotes":""},"class_list":["post-15723","page","type-page","status-publish","hentry"],"yoast_head":"<!-- This site is optimized with the Yoast SEO plugin v26.4 - https:\/\/yoast.com\/wordpress\/plugins\/seo\/ -->\n<title>Kleider-Guide: M\u00e4nner - The Company of St. George<\/title>\n<meta name=\"description\" content=\"Diese Kleider-Anleitung ist kein Essay zur Kleidung im 15. Jahrhundert, noch ist es eine Studie aller regionalen Stile und es wird auch nicht beschrieben, wie man n\u00e4hen soll. Aber wir beschreiben alle notwendigen Kleidungsst\u00fccke eines m\u00e4nnlichen Company-Mitglieds und wir haben versucht, alle einfachen Prinzipien zu beschreiben die dazu f\u00fchren, dass die Kleidungsst\u00fccke gut aussehen und sich gut anf\u00fchlen.\" \/>\n<meta name=\"robots\" content=\"index, follow, max-snippet:-1, max-image-preview:large, max-video-preview:-1\" \/>\n<link rel=\"canonical\" href=\"https:\/\/companie-of-st-george.ch\/de\/publikationen\/kostuemanleitung\/\" \/>\n<meta property=\"og:locale\" content=\"de_DE\" \/>\n<meta property=\"og:type\" content=\"article\" \/>\n<meta property=\"og:title\" content=\"Kleider-Guide: M\u00e4nner - The Company of St. George\" \/>\n<meta property=\"og:description\" content=\"Diese Kleider-Anleitung ist kein Essay zur Kleidung im 15. Jahrhundert, noch ist es eine Studie aller regionalen Stile und es wird auch nicht beschrieben, wie man n\u00e4hen soll. Aber wir beschreiben alle notwendigen Kleidungsst\u00fccke eines m\u00e4nnlichen Company-Mitglieds und wir haben versucht, alle einfachen Prinzipien zu beschreiben die dazu f\u00fchren, dass die Kleidungsst\u00fccke gut aussehen und sich gut anf\u00fchlen.\" \/>\n<meta property=\"og:url\" content=\"https:\/\/companie-of-st-george.ch\/de\/publikationen\/kostuemanleitung\/\" \/>\n<meta property=\"og:site_name\" content=\"The Company of St. George\" \/>\n<meta property=\"article:modified_time\" content=\"2020-12-01T20:40:42+00:00\" \/>\n<meta property=\"og:image\" content=\"https:\/\/companie-of-st-george.ch\/wordpress\/wp-content\/uploads\/2020\/02\/male-costume-guide.png\" \/>\n\t<meta property=\"og:image:width\" content=\"480\" \/>\n\t<meta property=\"og:image:height\" content=\"363\" \/>\n\t<meta property=\"og:image:type\" content=\"image\/png\" \/>\n<meta name=\"twitter:card\" content=\"summary_large_image\" \/>\n<meta name=\"twitter:image\" content=\"https:\/\/companie-of-st-george.ch\/wordpress\/wp-content\/uploads\/2020\/02\/male-costume-guide.png\" \/>\n<meta name=\"twitter:label1\" content=\"Gesch\u00e4tzte Lesezeit\" \/>\n\t<meta name=\"twitter:data1\" content=\"2\u00a0Minuten\" \/>\n<script type=\"application\/ld+json\" class=\"yoast-schema-graph\">{\"@context\":\"https:\/\/schema.org\",\"@graph\":[{\"@type\":\"WebPage\",\"@id\":\"https:\/\/companie-of-st-george.ch\/de\/publikationen\/kostuemanleitung\/\",\"url\":\"https:\/\/companie-of-st-george.ch\/de\/publikationen\/kostuemanleitung\/\",\"name\":\"Kleider-Guide: M\u00e4nner - The Company of St. George\",\"isPartOf\":{\"@id\":\"https:\/\/companie-of-st-george.ch\/de\/#website\"},\"primaryImageOfPage\":{\"@id\":\"https:\/\/companie-of-st-george.ch\/de\/publikationen\/kostuemanleitung\/#primaryimage\"},\"image\":{\"@id\":\"https:\/\/companie-of-st-george.ch\/de\/publikationen\/kostuemanleitung\/#primaryimage\"},\"thumbnailUrl\":\"https:\/\/companie-of-st-george.ch\/wordpress\/wp-content\/uploads\/2020\/02\/male-costume-guide.png\",\"datePublished\":\"2020-02-15T10:05:24+00:00\",\"dateModified\":\"2020-12-01T20:40:42+00:00\",\"description\":\"Diese Kleider-Anleitung ist kein Essay zur Kleidung im 15. Jahrhundert, noch ist es eine Studie aller regionalen Stile und es wird auch nicht beschrieben, wie man n\u00e4hen soll. Aber wir beschreiben alle notwendigen Kleidungsst\u00fccke eines m\u00e4nnlichen Company-Mitglieds und wir haben versucht, alle einfachen Prinzipien zu beschreiben die dazu f\u00fchren, dass die Kleidungsst\u00fccke gut aussehen und sich gut anf\u00fchlen.\",\"breadcrumb\":{\"@id\":\"https:\/\/companie-of-st-george.ch\/de\/publikationen\/kostuemanleitung\/#breadcrumb\"},\"inLanguage\":\"de\",\"potentialAction\":[{\"@type\":\"ReadAction\",\"target\":[\"https:\/\/companie-of-st-george.ch\/de\/publikationen\/kostuemanleitung\/\"]}]},{\"@type\":\"ImageObject\",\"inLanguage\":\"de\",\"@id\":\"https:\/\/companie-of-st-george.ch\/de\/publikationen\/kostuemanleitung\/#primaryimage\",\"url\":\"https:\/\/companie-of-st-george.ch\/wordpress\/wp-content\/uploads\/2020\/02\/male-costume-guide.png\",\"contentUrl\":\"https:\/\/companie-of-st-george.ch\/wordpress\/wp-content\/uploads\/2020\/02\/male-costume-guide.png\"},{\"@type\":\"BreadcrumbList\",\"@id\":\"https:\/\/companie-of-st-george.ch\/de\/publikationen\/kostuemanleitung\/#breadcrumb\",\"itemListElement\":[{\"@type\":\"ListItem\",\"position\":1,\"name\":\"Home\",\"item\":\"https:\/\/companie-of-st-george.ch\/de\/\"},{\"@type\":\"ListItem\",\"position\":2,\"name\":\"Publikationen\",\"item\":\"https:\/\/companie-of-st-george.ch\/de\/publikationen\/\"},{\"@type\":\"ListItem\",\"position\":3,\"name\":\"Kleider-Guide: M\u00e4nner\"}]},{\"@type\":\"WebSite\",\"@id\":\"https:\/\/companie-of-st-george.ch\/de\/#website\",\"url\":\"https:\/\/companie-of-st-george.ch\/de\/\",\"name\":\"The Company of St. George\",\"description\":\"An artillery company of the 15th century\",\"potentialAction\":[{\"@type\":\"SearchAction\",\"target\":{\"@type\":\"EntryPoint\",\"urlTemplate\":\"https:\/\/companie-of-st-george.ch\/de\/?s={search_term_string}\"},\"query-input\":{\"@type\":\"PropertyValueSpecification\",\"valueRequired\":true,\"valueName\":\"search_term_string\"}}],\"inLanguage\":\"de\"}]}<\/script>\n<!-- \/ Yoast SEO plugin. -->","yoast_head_json":{"title":"Kleider-Guide: M\u00e4nner - The Company of St. George","description":"Diese Kleider-Anleitung ist kein Essay zur Kleidung im 15. Jahrhundert, noch ist es eine Studie aller regionalen Stile und es wird auch nicht beschrieben, wie man n\u00e4hen soll. Aber wir beschreiben alle notwendigen Kleidungsst\u00fccke eines m\u00e4nnlichen Company-Mitglieds und wir haben versucht, alle einfachen Prinzipien zu beschreiben die dazu f\u00fchren, dass die Kleidungsst\u00fccke gut aussehen und sich gut anf\u00fchlen.","robots":{"index":"index","follow":"follow","max-snippet":"max-snippet:-1","max-image-preview":"max-image-preview:large","max-video-preview":"max-video-preview:-1"},"canonical":"https:\/\/companie-of-st-george.ch\/de\/publikationen\/kostuemanleitung\/","og_locale":"de_DE","og_type":"article","og_title":"Kleider-Guide: M\u00e4nner - The Company of St. George","og_description":"Diese Kleider-Anleitung ist kein Essay zur Kleidung im 15. Jahrhundert, noch ist es eine Studie aller regionalen Stile und es wird auch nicht beschrieben, wie man n\u00e4hen soll. Aber wir beschreiben alle notwendigen Kleidungsst\u00fccke eines m\u00e4nnlichen Company-Mitglieds und wir haben versucht, alle einfachen Prinzipien zu beschreiben die dazu f\u00fchren, dass die Kleidungsst\u00fccke gut aussehen und sich gut anf\u00fchlen.","og_url":"https:\/\/companie-of-st-george.ch\/de\/publikationen\/kostuemanleitung\/","og_site_name":"The Company of St. George","article_modified_time":"2020-12-01T20:40:42+00:00","og_image":[{"width":480,"height":363,"url":"https:\/\/companie-of-st-george.ch\/wordpress\/wp-content\/uploads\/2020\/02\/male-costume-guide.png","type":"image\/png"}],"twitter_card":"summary_large_image","twitter_image":"https:\/\/companie-of-st-george.ch\/wordpress\/wp-content\/uploads\/2020\/02\/male-costume-guide.png","twitter_misc":{"Gesch\u00e4tzte Lesezeit":"2\u00a0Minuten"},"schema":{"@context":"https:\/\/schema.org","@graph":[{"@type":"WebPage","@id":"https:\/\/companie-of-st-george.ch\/de\/publikationen\/kostuemanleitung\/","url":"https:\/\/companie-of-st-george.ch\/de\/publikationen\/kostuemanleitung\/","name":"Kleider-Guide: M\u00e4nner - The Company of St. George","isPartOf":{"@id":"https:\/\/companie-of-st-george.ch\/de\/#website"},"primaryImageOfPage":{"@id":"https:\/\/companie-of-st-george.ch\/de\/publikationen\/kostuemanleitung\/#primaryimage"},"image":{"@id":"https:\/\/companie-of-st-george.ch\/de\/publikationen\/kostuemanleitung\/#primaryimage"},"thumbnailUrl":"https:\/\/companie-of-st-george.ch\/wordpress\/wp-content\/uploads\/2020\/02\/male-costume-guide.png","datePublished":"2020-02-15T10:05:24+00:00","dateModified":"2020-12-01T20:40:42+00:00","description":"Diese Kleider-Anleitung ist kein Essay zur Kleidung im 15. Jahrhundert, noch ist es eine Studie aller regionalen Stile und es wird auch nicht beschrieben, wie man n\u00e4hen soll. Aber wir beschreiben alle notwendigen Kleidungsst\u00fccke eines m\u00e4nnlichen Company-Mitglieds und wir haben versucht, alle einfachen Prinzipien zu beschreiben die dazu f\u00fchren, dass die Kleidungsst\u00fccke gut aussehen und sich gut anf\u00fchlen.","breadcrumb":{"@id":"https:\/\/companie-of-st-george.ch\/de\/publikationen\/kostuemanleitung\/#breadcrumb"},"inLanguage":"de","potentialAction":[{"@type":"ReadAction","target":["https:\/\/companie-of-st-george.ch\/de\/publikationen\/kostuemanleitung\/"]}]},{"@type":"ImageObject","inLanguage":"de","@id":"https:\/\/companie-of-st-george.ch\/de\/publikationen\/kostuemanleitung\/#primaryimage","url":"https:\/\/companie-of-st-george.ch\/wordpress\/wp-content\/uploads\/2020\/02\/male-costume-guide.png","contentUrl":"https:\/\/companie-of-st-george.ch\/wordpress\/wp-content\/uploads\/2020\/02\/male-costume-guide.png"},{"@type":"BreadcrumbList","@id":"https:\/\/companie-of-st-george.ch\/de\/publikationen\/kostuemanleitung\/#breadcrumb","itemListElement":[{"@type":"ListItem","position":1,"name":"Home","item":"https:\/\/companie-of-st-george.ch\/de\/"},{"@type":"ListItem","position":2,"name":"Publikationen","item":"https:\/\/companie-of-st-george.ch\/de\/publikationen\/"},{"@type":"ListItem","position":3,"name":"Kleider-Guide: M\u00e4nner"}]},{"@type":"WebSite","@id":"https:\/\/companie-of-st-george.ch\/de\/#website","url":"https:\/\/companie-of-st-george.ch\/de\/","name":"The Company of St. George","description":"An artillery company of the 15th century","potentialAction":[{"@type":"SearchAction","target":{"@type":"EntryPoint","urlTemplate":"https:\/\/companie-of-st-george.ch\/de\/?s={search_term_string}"},"query-input":{"@type":"PropertyValueSpecification","valueRequired":true,"valueName":"search_term_string"}}],"inLanguage":"de"}]}},"_links":{"self":[{"href":"https:\/\/companie-of-st-george.ch\/de\/wp-json\/wp\/v2\/pages\/15723","targetHints":{"allow":["GET"]}}],"collection":[{"href":"https:\/\/companie-of-st-george.ch\/de\/wp-json\/wp\/v2\/pages"}],"about":[{"href":"https:\/\/companie-of-st-george.ch\/de\/wp-json\/wp\/v2\/types\/page"}],"author":[{"embeddable":true,"href":"https:\/\/companie-of-st-george.ch\/de\/wp-json\/wp\/v2\/users\/1"}],"replies":[{"embeddable":true,"href":"https:\/\/companie-of-st-george.ch\/de\/wp-json\/wp\/v2\/comments?post=15723"}],"version-history":[{"count":6,"href":"https:\/\/companie-of-st-george.ch\/de\/wp-json\/wp\/v2\/pages\/15723\/revisions"}],"predecessor-version":[{"id":16542,"href":"https:\/\/companie-of-st-george.ch\/de\/wp-json\/wp\/v2\/pages\/15723\/revisions\/16542"}],"up":[{"embeddable":true,"href":"https:\/\/companie-of-st-george.ch\/de\/wp-json\/wp\/v2\/pages\/16053"}],"wp:attachment":[{"href":"https:\/\/companie-of-st-george.ch\/de\/wp-json\/wp\/v2\/media?parent=15723"}],"curies":[{"name":"wp","href":"https:\/\/api.w.org\/{rel}","templated":true}]}}