{"id":15713,"date":"2020-02-15T12:13:43","date_gmt":"2020-02-15T11:13:43","guid":{"rendered":"https:\/\/companie-of-st-george.ch\/wordpress\/?page_id=15713"},"modified":"2020-07-29T09:36:18","modified_gmt":"2020-07-29T07:36:18","slug":"referenzen-und-partner","status":"publish","type":"page","link":"https:\/\/companie-of-st-george.ch\/de\/ueber-uns\/referenzen-und-partner\/","title":{"rendered":"Referenzen und Partner"},"content":{"rendered":"<div id=\"cmsmasters_row_f6gc7s024\" class=\"cmsmasters_row cmsmasters_color_scheme_default cmsmasters_row_top_default cmsmasters_row_bot_default cmsmasters_row_boxed\">\n<div class=\"cmsmasters_row_outer_parent\">\n<div class=\"cmsmasters_row_outer\">\n<div class=\"cmsmasters_row_inner\">\n<div class=\"cmsmasters_row_margin\">\n<div id=\"cmsmasters_column_e2ox34939g\" class=\"cmsmasters_column one_first\">\n<div class=\"cmsmasters_column_inner\"><div class=\"cmsmasters_text\">\n<p>&nbsp;<\/p>\n<h2>Referenzen<\/h2>\n<blockquote>\n<p>&#8230; eine der professionellsten Gruppen, die historische Ereignisse wieder inszenieren, &#8230;<br \/>\n<em>Neue Z\u00fcrcher Zeitung<\/em><\/p>\n<\/blockquote>\n<p>&nbsp;<\/p>\n<blockquote>\n<p>Es ist wie in einem Traum, als ob man in einem Film w\u00e4re.<br \/>\n<em>Pierre-Andr\u00e9 Briguet, ehemaliger Tourismusdirektor, Gruy\u00e8res<\/em><\/p>\n<\/blockquote>\n<p>&nbsp;<\/p>\n<blockquote>\n<p>Wenn die Kost\u00fcme, die Waffen und die R\u00fcstungen der Trilogie wenigstens ein wenig \u00fcberzeugend wirkten, dann ist das zu weiten Teilen dieser Company geschuldet.<br \/>\n<em>John Howe, Tolkien Illustrator<\/em><\/p>\n<\/blockquote>\n<p>&nbsp;<\/p>\n<\/div>\n<\/div><\/div>\n<\/div>\n<\/div>\n<\/div>\n<\/div>\n<\/div>\n<div id=\"cmsmasters_row_574c7q13h\" class=\"cmsmasters_row cmsmasters_color_scheme_default cmsmasters_row_top_default cmsmasters_row_bot_default cmsmasters_row_boxed\">\n<div class=\"cmsmasters_row_outer_parent\">\n<div class=\"cmsmasters_row_outer\">\n<div class=\"cmsmasters_row_inner\">\n<div class=\"cmsmasters_row_margin\">\n<div id=\"cmsmasters_column_fng4resl\" class=\"cmsmasters_column one_first\">\n<div class=\"cmsmasters_column_inner\"><div id=\"cmsmasters_heading_b05nn0jsaq\" class=\"cmsmasters_heading_wrap cmsmasters_heading_align_left\">\n\t<h2 class=\"cmsmasters_heading\">Partner<\/h2>\n<\/div><div class=\"cmsmasters_text\">\n<p>Unser Sitz liegt zwar in der Schweiz, aber die Company of Saynt George freut sich auch an entferntere Orte eingeladen zu werden. Dies ist eine Auswahl unserer Partner:<\/p>\n<\/div>\n<div id=\"cmsmasters_profile_69f2763d5c25d\" class=\"cmsmasters_profile vertical\">\n<!-- Start Profile Vertical Article -->\r\n<article id=\"post-15741\" class=\"cmsmasters_profile_vertical post-15741 profile type-profile status-publish has-post-thumbnail hentry pl-categs-partner-de\">\r\n\t<div class=\"profile_outer\">\r\n\t<div class=\"cmsmasters_profile_img_wrap\"><figure class=\"cmsmasters_img_wrap\"><a href=\"https:\/\/companie-of-st-george.ch\/de\/profile\/hohkoenigsburg\/\" title=\"Hohk\u00f6nigsburg\" class=\"cmsmasters_img_link\"><img loading=\"lazy\" decoding=\"async\" width=\"580\" height=\"580\" src=\"https:\/\/companie-of-st-george.ch\/wordpress\/wp-content\/uploads\/2020\/02\/partner_hkb-580x580.jpeg\" class=\" wp-post-image\" alt=\"Partner HKB\" title=\"partner_hkb\" srcset=\"https:\/\/companie-of-st-george.ch\/wordpress\/wp-content\/uploads\/2020\/02\/partner_hkb-580x580.jpeg 580w, https:\/\/companie-of-st-george.ch\/wordpress\/wp-content\/uploads\/2020\/02\/partner_hkb-150x150.jpeg 150w, https:\/\/companie-of-st-george.ch\/wordpress\/wp-content\/uploads\/2020\/02\/partner_hkb-180x180.jpeg 180w\" sizes=\"auto, (max-width: 580px) 100vw, 580px\" \/><\/a><\/figure><\/div><div class=\"profile_inner\"><header class=\"cmsmasters_profile_header entry-header\"><h3 class=\"cmsmasters_profile_title entry-title\"><a href=\"https:\/\/companie-of-st-george.ch\/de\/profile\/hohkoenigsburg\/\">Hohk\u00f6nigsburg<\/a><\/h3><h5 class=\"cmsmasters_profile_subtitle\">Frankreich<\/h5><\/header><div class=\"profile_social_icons\"><ul class=\"profile_social_icons_list\"><li><a href=\"https:\/\/www.instagram.com\/hautkoenigsbourg\/\" class=\"cmsmasters_social_icon cmsmasters_social_icon_cwh3s1fwd_1 cmsmasters-icon-custom-instagram-3\" title=\"Instagram\" target=\"_blank\"><\/a><\/li><li><a href=\"https:\/\/www.facebook.com\/ChateauHK\/\" class=\"cmsmasters_social_icon cmsmasters_social_icon_cwh3s1fwd_2 cmsmasters-icon-custom-facebook-6\" title=\"Facebook\" target=\"_blank\"><\/a><\/li><li><a href=\"https:\/\/www.youtube.com\/user\/HautKoenigsbourg\" class=\"cmsmasters_social_icon cmsmasters_social_icon_cwh3s1fwd_3 cmsmasters-icon-youtube-squared\" title=\"Youtube\" target=\"_blank\"><\/a><\/li><li><a href=\"https:\/\/twitter.com\/HtKoenigsbourg\" class=\"cmsmasters_social_icon cmsmasters_social_icon_cwh3s1fwd_4 cmsmasters-icon-custom-twitter-bird-1\" title=\"Twitter\" target=\"_blank\"><\/a><\/li><\/ul><\/div><\/div>\t<\/div>\r\n<\/article>\r\n<!-- Finish Profile Vertical Article -->\r\n\r\n<!-- Start Profile Vertical Article -->\r\n<article id=\"post-15730\" class=\"cmsmasters_profile_vertical post-15730 profile type-profile status-publish has-post-thumbnail hentry pl-categs-partner-de\">\r\n\t<div class=\"profile_outer\">\r\n\t<div class=\"cmsmasters_profile_img_wrap\"><figure class=\"cmsmasters_img_wrap\"><a href=\"https:\/\/companie-of-st-george.ch\/de\/profile\/middelaldercentret\/\" title=\"Middelaldercentret\" class=\"cmsmasters_img_link\"><img loading=\"lazy\" decoding=\"async\" width=\"580\" height=\"580\" src=\"https:\/\/companie-of-st-george.ch\/wordpress\/wp-content\/uploads\/2019\/12\/nykobing_port_small-580x580.jpg\" class=\" wp-post-image\" alt=\"Middelaldercentret\" title=\"Port Nykobing\" srcset=\"https:\/\/companie-of-st-george.ch\/wordpress\/wp-content\/uploads\/2019\/12\/nykobing_port_small-580x580.jpg 580w, https:\/\/companie-of-st-george.ch\/wordpress\/wp-content\/uploads\/2019\/12\/nykobing_port_small-150x150.jpg 150w, https:\/\/companie-of-st-george.ch\/wordpress\/wp-content\/uploads\/2019\/12\/nykobing_port_small-180x180.jpg 180w\" sizes=\"auto, (max-width: 580px) 100vw, 580px\" \/><\/a><\/figure><\/div><div class=\"profile_inner\"><header class=\"cmsmasters_profile_header entry-header\"><h3 class=\"cmsmasters_profile_title entry-title\"><a href=\"https:\/\/companie-of-st-george.ch\/de\/profile\/middelaldercentret\/\">Middelaldercentret<\/a><\/h3><h5 class=\"cmsmasters_profile_subtitle\">D\u00e4nemark<\/h5><\/header><div class=\"profile_social_icons\"><ul class=\"profile_social_icons_list\"><li><a href=\"https:\/\/www.instagram.com\/middelaldercentret_nykobing_f\/\" class=\"cmsmasters_social_icon cmsmasters_social_icon_cwh3s1fwd_1 cmsmasters-icon-custom-instagram-3\" title=\"Instagram\" target=\"_blank\"><\/a><\/li><li><a href=\"https:\/\/da-dk.facebook.com\/centret\/\" class=\"cmsmasters_social_icon cmsmasters_social_icon_cwh3s1fwd_2 cmsmasters-icon-custom-facebook-rect-1\" title=\"Facebook\" target=\"_blank\"><\/a><\/li><li><a href=\"https:\/\/www.youtube.com\/channel\/UCFFg0bPZvClvBgVlQEAsw5Q\" class=\"cmsmasters_social_icon cmsmasters_social_icon_cwh3s1fwd_3 cmsmasters-icon-youtube-squared\" title=\"Youtube\" target=\"_blank\"><\/a><\/li><\/ul><\/div><\/div>\t<\/div>\r\n<\/article>\r\n<!-- Finish Profile Vertical Article -->\r\n\r\n<!-- Start Profile Vertical Article -->\r\n<article id=\"post-15773\" class=\"cmsmasters_profile_vertical post-15773 profile type-profile status-publish has-post-thumbnail hentry pl-categs-partner-de\">\r\n\t<div class=\"profile_outer\">\r\n\t<div class=\"cmsmasters_profile_img_wrap\"><figure class=\"cmsmasters_img_wrap\"><a href=\"https:\/\/companie-of-st-george.ch\/de\/profile\/museum-allerheiligen\/\" title=\"Museum zu Allerheilligen Schaffhausen\" class=\"cmsmasters_img_link\"><img loading=\"lazy\" decoding=\"async\" width=\"580\" height=\"580\" src=\"https:\/\/companie-of-st-george.ch\/wordpress\/wp-content\/uploads\/2020\/02\/partner_schaffhausen-1-580x580.jpeg\" class=\" wp-post-image\" alt=\"Museum zu Allerheilligen Schaffhausen\" title=\"partner_schaffhausen\" srcset=\"https:\/\/companie-of-st-george.ch\/wordpress\/wp-content\/uploads\/2020\/02\/partner_schaffhausen-1-580x580.jpeg 580w, https:\/\/companie-of-st-george.ch\/wordpress\/wp-content\/uploads\/2020\/02\/partner_schaffhausen-1-150x150.jpeg 150w, https:\/\/companie-of-st-george.ch\/wordpress\/wp-content\/uploads\/2020\/02\/partner_schaffhausen-1-180x180.jpeg 180w\" sizes=\"auto, (max-width: 580px) 100vw, 580px\" \/><\/a><\/figure><\/div><div class=\"profile_inner\"><header class=\"cmsmasters_profile_header entry-header\"><h3 class=\"cmsmasters_profile_title entry-title\"><a href=\"https:\/\/companie-of-st-george.ch\/de\/profile\/museum-allerheiligen\/\">Museum zu Allerheilligen Schaffhausen<\/a><\/h3><h5 class=\"cmsmasters_profile_subtitle\">Schweiz<\/h5><\/header><div class=\"profile_social_icons\"><ul class=\"profile_social_icons_list\"><li><a href=\"https:\/\/www.facebook.com\/museum.allerheiligen\/\" class=\"cmsmasters_social_icon cmsmasters_social_icon_cwh3s1fwd_1 cmsmasters-icon-custom-facebook-rect-1\" title=\"Facebook\" target=\"_blank\"><\/a><\/li><li><a href=\"https:\/\/www.youtube.com\/channel\/UC6dFshWLUo3wbZCStzuFSXA\" class=\"cmsmasters_social_icon cmsmasters_social_icon_cwh3s1fwd_2 cmsmasters-icon-youtube-squared\" title=\"Youtube\" target=\"_blank\"><\/a><\/li><li><a href=\"https:\/\/twitter.com\/m_allerheiligen\" class=\"cmsmasters_social_icon cmsmasters_social_icon_cwh3s1fwd_3 cmsmasters-icon-custom-twitter-bird-1\" title=\"Twitter\" target=\"_blank\"><\/a><\/li><\/ul><\/div><\/div>\t<\/div>\r\n<\/article>\r\n<!-- Finish Profile Vertical Article -->\r\n\r\n<!-- Start Profile Vertical Article -->\r\n<article id=\"post-15784\" class=\"cmsmasters_profile_vertical post-15784 profile type-profile status-publish has-post-thumbnail hentry pl-categs-partner-de\">\r\n\t<div class=\"profile_outer\">\r\n\t<div class=\"cmsmasters_profile_img_wrap\"><figure class=\"cmsmasters_img_wrap\"><a href=\"https:\/\/companie-of-st-george.ch\/de\/profile\/schloss-chillon\/\" title=\"Schloss Chillon\" class=\"cmsmasters_img_link\"><img loading=\"lazy\" decoding=\"async\" width=\"580\" height=\"580\" src=\"https:\/\/companie-of-st-george.ch\/wordpress\/wp-content\/uploads\/2020\/02\/partner_chillon-580x580.jpeg\" class=\" wp-post-image\" alt=\"Schloss Chillon\" title=\"partner_chillon\" srcset=\"https:\/\/companie-of-st-george.ch\/wordpress\/wp-content\/uploads\/2020\/02\/partner_chillon-580x580.jpeg 580w, https:\/\/companie-of-st-george.ch\/wordpress\/wp-content\/uploads\/2020\/02\/partner_chillon-150x150.jpeg 150w, https:\/\/companie-of-st-george.ch\/wordpress\/wp-content\/uploads\/2020\/02\/partner_chillon-180x180.jpeg 180w\" sizes=\"auto, (max-width: 580px) 100vw, 580px\" \/><\/a><\/figure><\/div><div class=\"profile_inner\"><header class=\"cmsmasters_profile_header entry-header\"><h3 class=\"cmsmasters_profile_title entry-title\"><a href=\"https:\/\/companie-of-st-george.ch\/de\/profile\/schloss-chillon\/\">Schloss Chillon<\/a><\/h3><h5 class=\"cmsmasters_profile_subtitle\">Schweiz<\/h5><\/header><div class=\"profile_social_icons\"><ul class=\"profile_social_icons_list\"><li><a href=\"https:\/\/www.instagram.com\/chateauchillon\/\" class=\"cmsmasters_social_icon cmsmasters_social_icon_cwh3s1fwd_1 cmsmasters-icon-custom-instagram-3\" title=\"Instagram\" target=\"_blank\"><\/a><\/li><li><a href=\"https:\/\/www.facebook.com\/ChateauChillon\/\" class=\"cmsmasters_social_icon cmsmasters_social_icon_cwh3s1fwd_2 cmsmasters-icon-custom-facebook-rect-1\" title=\"Facebook\" target=\"_blank\"><\/a><\/li><li><a href=\"https:\/\/www.youtube.com\/channel\/UCMXvtX_6zJ2Z6tghptiqCZg\" class=\"cmsmasters_social_icon cmsmasters_social_icon_cwh3s1fwd_3 cmsmasters-icon-youtube-squared\" title=\"Youtube\" target=\"_blank\"><\/a><\/li><li><a href=\"https:\/\/twitter.com\/chateauchillon\" class=\"cmsmasters_social_icon cmsmasters_social_icon_cwh3s1fwd_4 cmsmasters-icon-custom-twitter-bird-1\" title=\"Twitter\" target=\"_blank\"><\/a><\/li><\/ul><\/div><\/div>\t<\/div>\r\n<\/article>\r\n<!-- Finish Profile Vertical Article -->\r\n\r\n<!-- Start Profile Vertical Article -->\r\n<article id=\"post-15794\" class=\"cmsmasters_profile_vertical post-15794 profile type-profile status-publish has-post-thumbnail hentry pl-categs-partner-de\">\r\n\t<div class=\"profile_outer\">\r\n\t<div class=\"cmsmasters_profile_img_wrap\"><figure class=\"cmsmasters_img_wrap\"><a href=\"https:\/\/companie-of-st-george.ch\/de\/profile\/schloss-greyerz\/\" title=\"Schloss Greyerz\" class=\"cmsmasters_img_link\"><img loading=\"lazy\" decoding=\"async\" width=\"580\" height=\"580\" src=\"https:\/\/companie-of-st-george.ch\/wordpress\/wp-content\/uploads\/2020\/02\/partner_gruyeres-580x580.jpeg\" class=\" wp-post-image\" alt=\"Schloss Greyerz\" title=\"partner_gruyeres\" srcset=\"https:\/\/companie-of-st-george.ch\/wordpress\/wp-content\/uploads\/2020\/02\/partner_gruyeres-580x580.jpeg 580w, https:\/\/companie-of-st-george.ch\/wordpress\/wp-content\/uploads\/2020\/02\/partner_gruyeres-150x150.jpeg 150w, https:\/\/companie-of-st-george.ch\/wordpress\/wp-content\/uploads\/2020\/02\/partner_gruyeres-180x180.jpeg 180w\" sizes=\"auto, (max-width: 580px) 100vw, 580px\" \/><\/a><\/figure><\/div><div class=\"profile_inner\"><header class=\"cmsmasters_profile_header entry-header\"><h3 class=\"cmsmasters_profile_title entry-title\"><a href=\"https:\/\/companie-of-st-george.ch\/de\/profile\/schloss-greyerz\/\">Schloss Greyerz<\/a><\/h3><h5 class=\"cmsmasters_profile_subtitle\">Schweiz<\/h5><\/header><div class=\"profile_social_icons\"><ul class=\"profile_social_icons_list\"><li><a href=\"https:\/\/www.instagram.com\/chateaudegruyeres\/\" class=\"cmsmasters_social_icon cmsmasters_social_icon_cwh3s1fwd_1 cmsmasters-icon-custom-instagram-3\" title=\"Instagram\" target=\"_blank\"><\/a><\/li><li><a href=\"https:\/\/www.facebook.com\/ChateauDeGruyeres\" class=\"cmsmasters_social_icon cmsmasters_social_icon_cwh3s1fwd_2 cmsmasters-icon-custom-facebook-rect-1\" title=\"Facebook\" target=\"_blank\"><\/a><\/li><\/ul><\/div><\/div>\t<\/div>\r\n<\/article>\r\n<!-- Finish Profile Vertical Article -->\r\n\r\n<!-- Start Profile Vertical Article -->\r\n<article id=\"post-15760\" class=\"cmsmasters_profile_vertical post-15760 profile type-profile status-publish has-post-thumbnail hentry pl-categs-partner-de\">\r\n\t<div class=\"profile_outer\">\r\n\t<div class=\"cmsmasters_profile_img_wrap\"><figure class=\"cmsmasters_img_wrap\"><a href=\"https:\/\/companie-of-st-george.ch\/de\/profile\/schloss-lenzburg\/\" title=\"Schloss Lenzburg\" class=\"cmsmasters_img_link\"><img loading=\"lazy\" decoding=\"async\" width=\"580\" height=\"580\" src=\"https:\/\/companie-of-st-george.ch\/wordpress\/wp-content\/uploads\/2020\/02\/partner_lenzburg-1-580x580.jpeg\" class=\" wp-post-image\" alt=\"Lenzburg castle\" title=\"partner_lenzburg\" srcset=\"https:\/\/companie-of-st-george.ch\/wordpress\/wp-content\/uploads\/2020\/02\/partner_lenzburg-1-580x580.jpeg 580w, https:\/\/companie-of-st-george.ch\/wordpress\/wp-content\/uploads\/2020\/02\/partner_lenzburg-1-150x150.jpeg 150w, https:\/\/companie-of-st-george.ch\/wordpress\/wp-content\/uploads\/2020\/02\/partner_lenzburg-1-180x180.jpeg 180w\" sizes=\"auto, (max-width: 580px) 100vw, 580px\" \/><\/a><\/figure><\/div><div class=\"profile_inner\"><header class=\"cmsmasters_profile_header entry-header\"><h3 class=\"cmsmasters_profile_title entry-title\"><a href=\"https:\/\/companie-of-st-george.ch\/de\/profile\/schloss-lenzburg\/\">Schloss Lenzburg<\/a><\/h3><h5 class=\"cmsmasters_profile_subtitle\">Schweiz<\/h5><\/header><div class=\"profile_social_icons\"><ul class=\"profile_social_icons_list\"><li><a href=\"https:\/\/www.instagram.com\/museumaargau\/\" class=\"cmsmasters_social_icon cmsmasters_social_icon_cwh3s1fwd_1 cmsmasters-icon-custom-instagram-3\" title=\"Instagram\" target=\"_blank\"><\/a><\/li><li><a href=\"https:\/\/www.facebook.com\/schlosslenzburg\" class=\"cmsmasters_social_icon cmsmasters_social_icon_cwh3s1fwd_2 cmsmasters-icon-custom-facebook-rect-1\" title=\"Facebook\" target=\"_blank\"><\/a><\/li><li><a href=\"https:\/\/www.youtube.com\/user\/MuseumAargau\" class=\"cmsmasters_social_icon cmsmasters_social_icon_cwh3s1fwd_3 cmsmasters-icon-youtube-squared\" title=\"Youtube\" target=\"_blank\"><\/a><\/li><li><a href=\"https:\/\/twitter.com\/museumaargau\" class=\"cmsmasters_social_icon cmsmasters_social_icon_cwh3s1fwd_4 cmsmasters-icon-custom-twitter-bird-1\" title=\"Twitter\" target=\"_blank\"><\/a><\/li><\/ul><\/div><\/div>\t<\/div>\r\n<\/article>\r\n<!-- Finish Profile Vertical Article -->\r\n\r\n<\/div>\n<\/div><\/div>\n<\/div>\n<\/div>\n<\/div>\n<\/div>\n<\/div>\n<div id=\"cmsmasters_row_tjcekzclfe\" class=\"cmsmasters_row cmsmasters_color_scheme_default cmsmasters_row_top_default cmsmasters_row_bot_default cmsmasters_row_boxed\">\n<div class=\"cmsmasters_row_outer_parent\">\n<div class=\"cmsmasters_row_outer\">\n<div class=\"cmsmasters_row_inner\">\n<div class=\"cmsmasters_row_margin\">\n<div id=\"cmsmasters_column_qhusx2gh6k\" class=\"cmsmasters_column one_first\">\n<div class=\"cmsmasters_column_inner\"><div class=\"cmsmasters_text\">\n<h3>Weitere Partner<\/h3>\n<\/div>\n<\/div><\/div>\n<\/div>\n<\/div>\n<\/div>\n<\/div>\n<\/div>\n<div id=\"cmsmasters_row_8lit17pa8u\" class=\"cmsmasters_row cmsmasters_color_scheme_default cmsmasters_row_top_default cmsmasters_row_bot_default cmsmasters_row_boxed\">\n<div class=\"cmsmasters_row_outer_parent\">\n<div class=\"cmsmasters_row_outer\">\n<div class=\"cmsmasters_row_inner\">\n<div class=\"cmsmasters_row_margin\">\n<div id=\"cmsmasters_column_\" class=\"cmsmasters_column one_fourth\">\n<div class=\"cmsmasters_column_inner\"><div id=\"cmsmasters_icon_box_gduvhlmeka\" class=\"cmsmasters_icon_box cmsmasters_icon_top box_icon_type_icon cmsmasters-icon-heart-7\">\n<div class=\"icon_box_inner\">\n<h3 class=\"icon_box_heading\">Hist. Museum Bern<\/h3>\n<div class=\"icon_box_text\">\n<p>Schweiz<\/p>\n<\/div>\n<a href=\"https:\/\/www.bhm.ch\/\" class=\"cmsmasters_button icon_box_button\"><span>Website<\/span><\/a>\n<\/div>\n<\/div>\n<\/div><\/div>\n<div id=\"cmsmasters_column_7p4pxugt5n\" class=\"cmsmasters_column one_fourth\">\n<div class=\"cmsmasters_column_inner\"><div id=\"cmsmasters_icon_box_augqb6sfx\" class=\"cmsmasters_icon_box cmsmasters_icon_top box_icon_type_icon cmsmasters-icon-heart-7\">\n<div class=\"icon_box_inner\">\n<h3 class=\"icon_box_heading\">Schloss Hallwyl<\/h3>\n<div class=\"icon_box_text\">\n<p>Schweiz<\/p>\n<\/div>\n<a href=\"https:\/\/www.museumaargau.ch\/schloss-hallwyl\" class=\"cmsmasters_button icon_box_button\" target=\"_blank\"><span>Website<\/span><\/a>\n<\/div>\n<\/div>\n<\/div><\/div>\n<div id=\"cmsmasters_column_xspxq2g8x9\" class=\"cmsmasters_column one_fourth\">\n<div class=\"cmsmasters_column_inner\"><div id=\"cmsmasters_icon_box_lef6yoarj\" class=\"cmsmasters_icon_box cmsmasters_icon_top box_icon_type_image \">\n<div class=\"icon_box_inner\">\n<h3 class=\"icon_box_heading\">Schloss Malesov<\/h3>\n<div class=\"icon_box_text\">\n<p>Tschechische Republik<\/p>\n<\/div>\n<a href=\"https:\/\/www.malesovcamp.com\/malesov-castle\" class=\"cmsmasters_button icon_box_button\" target=\"_blank\"><span>Website<\/span><\/a>\n<\/div>\n<\/div>\n<\/div><\/div>\n<div id=\"cmsmasters_column_4my2lemal\" class=\"cmsmasters_column one_fourth\">\n<div class=\"cmsmasters_column_inner\"><div id=\"cmsmasters_icon_box_1yidtlbxz4\" class=\"cmsmasters_icon_box cmsmasters_icon_top box_icon_type_icon cmsmasters-icon-heart-7\">\n<div class=\"icon_box_inner\">\n<h3 class=\"icon_box_heading\">Schloss Vallerois-le-bois<\/h3>\n<div class=\"icon_box_text\">\n<p>Frankreich<\/p>\n<\/div>\n<a href=\"https:\/\/www.chateau-valleroy.fr\/\" class=\"cmsmasters_button icon_box_button\"><span>Website<\/span><\/a>\n<\/div>\n<\/div>\n<\/div><\/div>\n<\/div>\n<\/div>\n<\/div>\n<\/div>\n<\/div>\n<div id=\"cmsmasters_row_35e5x1wzl\" class=\"cmsmasters_row cmsmasters_color_scheme_default cmsmasters_row_top_default cmsmasters_row_bot_default cmsmasters_row_boxed\">\n<div class=\"cmsmasters_row_outer_parent\">\n<div class=\"cmsmasters_row_outer\">\n<div class=\"cmsmasters_row_inner\">\n<div class=\"cmsmasters_row_margin\">\n<div id=\"cmsmasters_column_e2yfcoh16\" class=\"cmsmasters_column one_first\">\n<div class=\"cmsmasters_column_inner\"><div class=\"cmsmasters_text\">\n<p>&nbsp;<\/p>\n<p>&nbsp;<\/p>\n<\/div>\n<\/div><\/div>\n<\/div>\n<\/div>\n<\/div>\n<\/div>\n<\/div>\n\n","protected":false},"excerpt":{"rendered":"","protected":false},"author":1,"featured_media":0,"parent":15691,"menu_order":3,"comment_status":"closed","ping_status":"closed","template":"","meta":{"footnotes":""},"class_list":["post-15713","page","type-page","status-publish","hentry"],"yoast_head":"<!-- This site is optimized with the Yoast SEO plugin v26.4 - https:\/\/yoast.com\/wordpress\/plugins\/seo\/ -->\n<title>Referenzen und Partner - The Company of St. George<\/title>\n<meta name=\"robots\" content=\"index, follow, max-snippet:-1, max-image-preview:large, max-video-preview:-1\" \/>\n<link rel=\"canonical\" href=\"https:\/\/companie-of-st-george.ch\/de\/ueber-uns\/referenzen-und-partner\/\" \/>\n<meta property=\"og:locale\" content=\"de_DE\" \/>\n<meta property=\"og:type\" content=\"article\" \/>\n<meta property=\"og:title\" content=\"Referenzen und Partner - The Company of St. George\" \/>\n<meta property=\"og:url\" content=\"https:\/\/companie-of-st-george.ch\/de\/ueber-uns\/referenzen-und-partner\/\" \/>\n<meta property=\"og:site_name\" content=\"The Company of St. George\" \/>\n<meta property=\"article:modified_time\" content=\"2020-07-29T07:36:18+00:00\" \/>\n<meta name=\"twitter:card\" content=\"summary_large_image\" \/>\n<meta name=\"twitter:label1\" content=\"Gesch\u00e4tzte Lesezeit\" \/>\n\t<meta name=\"twitter:data1\" content=\"5\u00a0Minuten\" \/>\n<script type=\"application\/ld+json\" class=\"yoast-schema-graph\">{\"@context\":\"https:\/\/schema.org\",\"@graph\":[{\"@type\":\"WebPage\",\"@id\":\"https:\/\/companie-of-st-george.ch\/de\/ueber-uns\/referenzen-und-partner\/\",\"url\":\"https:\/\/companie-of-st-george.ch\/de\/ueber-uns\/referenzen-und-partner\/\",\"name\":\"Referenzen und Partner - The Company of St. George\",\"isPartOf\":{\"@id\":\"https:\/\/companie-of-st-george.ch\/de\/#website\"},\"datePublished\":\"2020-02-15T11:13:43+00:00\",\"dateModified\":\"2020-07-29T07:36:18+00:00\",\"breadcrumb\":{\"@id\":\"https:\/\/companie-of-st-george.ch\/de\/ueber-uns\/referenzen-und-partner\/#breadcrumb\"},\"inLanguage\":\"de\",\"potentialAction\":[{\"@type\":\"ReadAction\",\"target\":[\"https:\/\/companie-of-st-george.ch\/de\/ueber-uns\/referenzen-und-partner\/\"]}]},{\"@type\":\"BreadcrumbList\",\"@id\":\"https:\/\/companie-of-st-george.ch\/de\/ueber-uns\/referenzen-und-partner\/#breadcrumb\",\"itemListElement\":[{\"@type\":\"ListItem\",\"position\":1,\"name\":\"Home\",\"item\":\"https:\/\/companie-of-st-george.ch\/de\/\"},{\"@type\":\"ListItem\",\"position\":2,\"name\":\"\u00dcber uns\",\"item\":\"https:\/\/companie-of-st-george.ch\/de\/ueber-uns\/\"},{\"@type\":\"ListItem\",\"position\":3,\"name\":\"Referenzen und Partner\"}]},{\"@type\":\"WebSite\",\"@id\":\"https:\/\/companie-of-st-george.ch\/de\/#website\",\"url\":\"https:\/\/companie-of-st-george.ch\/de\/\",\"name\":\"The Company of St. George\",\"description\":\"An artillery company of the 15th century\",\"potentialAction\":[{\"@type\":\"SearchAction\",\"target\":{\"@type\":\"EntryPoint\",\"urlTemplate\":\"https:\/\/companie-of-st-george.ch\/de\/?s={search_term_string}\"},\"query-input\":{\"@type\":\"PropertyValueSpecification\",\"valueRequired\":true,\"valueName\":\"search_term_string\"}}],\"inLanguage\":\"de\"}]}<\/script>\n<!-- \/ Yoast SEO plugin. -->","yoast_head_json":{"title":"Referenzen und Partner - The Company of St. George","robots":{"index":"index","follow":"follow","max-snippet":"max-snippet:-1","max-image-preview":"max-image-preview:large","max-video-preview":"max-video-preview:-1"},"canonical":"https:\/\/companie-of-st-george.ch\/de\/ueber-uns\/referenzen-und-partner\/","og_locale":"de_DE","og_type":"article","og_title":"Referenzen und Partner - The Company of St. George","og_url":"https:\/\/companie-of-st-george.ch\/de\/ueber-uns\/referenzen-und-partner\/","og_site_name":"The Company of St. George","article_modified_time":"2020-07-29T07:36:18+00:00","twitter_card":"summary_large_image","twitter_misc":{"Gesch\u00e4tzte Lesezeit":"5\u00a0Minuten"},"schema":{"@context":"https:\/\/schema.org","@graph":[{"@type":"WebPage","@id":"https:\/\/companie-of-st-george.ch\/de\/ueber-uns\/referenzen-und-partner\/","url":"https:\/\/companie-of-st-george.ch\/de\/ueber-uns\/referenzen-und-partner\/","name":"Referenzen und Partner - The Company of St. George","isPartOf":{"@id":"https:\/\/companie-of-st-george.ch\/de\/#website"},"datePublished":"2020-02-15T11:13:43+00:00","dateModified":"2020-07-29T07:36:18+00:00","breadcrumb":{"@id":"https:\/\/companie-of-st-george.ch\/de\/ueber-uns\/referenzen-und-partner\/#breadcrumb"},"inLanguage":"de","potentialAction":[{"@type":"ReadAction","target":["https:\/\/companie-of-st-george.ch\/de\/ueber-uns\/referenzen-und-partner\/"]}]},{"@type":"BreadcrumbList","@id":"https:\/\/companie-of-st-george.ch\/de\/ueber-uns\/referenzen-und-partner\/#breadcrumb","itemListElement":[{"@type":"ListItem","position":1,"name":"Home","item":"https:\/\/companie-of-st-george.ch\/de\/"},{"@type":"ListItem","position":2,"name":"\u00dcber uns","item":"https:\/\/companie-of-st-george.ch\/de\/ueber-uns\/"},{"@type":"ListItem","position":3,"name":"Referenzen und Partner"}]},{"@type":"WebSite","@id":"https:\/\/companie-of-st-george.ch\/de\/#website","url":"https:\/\/companie-of-st-george.ch\/de\/","name":"The Company of St. George","description":"An artillery company of the 15th century","potentialAction":[{"@type":"SearchAction","target":{"@type":"EntryPoint","urlTemplate":"https:\/\/companie-of-st-george.ch\/de\/?s={search_term_string}"},"query-input":{"@type":"PropertyValueSpecification","valueRequired":true,"valueName":"search_term_string"}}],"inLanguage":"de"}]}},"_links":{"self":[{"href":"https:\/\/companie-of-st-george.ch\/de\/wp-json\/wp\/v2\/pages\/15713","targetHints":{"allow":["GET"]}}],"collection":[{"href":"https:\/\/companie-of-st-george.ch\/de\/wp-json\/wp\/v2\/pages"}],"about":[{"href":"https:\/\/companie-of-st-george.ch\/de\/wp-json\/wp\/v2\/types\/page"}],"author":[{"embeddable":true,"href":"https:\/\/companie-of-st-george.ch\/de\/wp-json\/wp\/v2\/users\/1"}],"replies":[{"embeddable":true,"href":"https:\/\/companie-of-st-george.ch\/de\/wp-json\/wp\/v2\/comments?post=15713"}],"version-history":[{"count":7,"href":"https:\/\/companie-of-st-george.ch\/de\/wp-json\/wp\/v2\/pages\/15713\/revisions"}],"predecessor-version":[{"id":15798,"href":"https:\/\/companie-of-st-george.ch\/de\/wp-json\/wp\/v2\/pages\/15713\/revisions\/15798"}],"up":[{"embeddable":true,"href":"https:\/\/companie-of-st-george.ch\/de\/wp-json\/wp\/v2\/pages\/15691"}],"wp:attachment":[{"href":"https:\/\/companie-of-st-george.ch\/de\/wp-json\/wp\/v2\/media?parent=15713"}],"curies":[{"name":"wp","href":"https:\/\/api.w.org\/{rel}","templated":true}]}}