{"id":15691,"date":"2020-02-15T11:26:10","date_gmt":"2020-02-15T10:26:10","guid":{"rendered":"https:\/\/companie-of-st-george.ch\/wordpress\/?page_id=15691"},"modified":"2021-10-26T18:56:09","modified_gmt":"2021-10-26T16:56:09","slug":"ueber-uns","status":"publish","type":"page","link":"https:\/\/companie-of-st-george.ch\/de\/ueber-uns\/","title":{"rendered":"\u00dcber uns"},"content":{"rendered":"<div id=\"cmsmasters_row_rpqgphmakc\" class=\"cmsmasters_row cmsmasters_color_scheme_default cmsmasters_row_top_default cmsmasters_row_bot_default cmsmasters_row_boxed\">\n<div class=\"cmsmasters_row_outer_parent\">\n<div class=\"cmsmasters_row_outer\">\n<div class=\"cmsmasters_row_inner\">\n<div class=\"cmsmasters_row_margin\">\n<div id=\"cmsmasters_column_tt29mozs7w\" class=\"cmsmasters_column one_first\">\n<div class=\"cmsmasters_column_inner\"><div class=\"cmsmasters_text\">\n<p>&nbsp;<\/p>\n<h2><b>Portr\u00e4t der Company of Saynt George<\/b><\/h2>\n<p>Die Company of Saynt George ist eine Gruppe von Enthusiasten, die das milit\u00e4rische und zivile Alltagsleben einer burgundischen Artillerie-Einheit des 15. Jahrhunderts nachstellt. Neben den bewaffneten Sch\u00fctzen, den Handwerkern und ihren Familien, begeistert unsere lebendige Darstellung durch eine sorgf\u00e4ltig recherchierte und detailliert nach historischen Vorbildern gefertigte Ausr\u00fcstung. Das erworbene Fachwissen und der hohe, kompromisslose Qualit\u00e4tsanspruch erm\u00f6glicht seit nunmehr zwanzig Jahren eine erfolgreiche Zusammenarbeit mit Museen und Institutionen in ganz Europa.<\/p>\n<p>Unser Hauptinteresse liegt in der Vermittlung \u00ablebendiger Geschichte\u00bb und weniger in der Nachstellung historischer Schlachten. Dabei versuchen wir stets den lokalen Gegebenheiten und den Anliegen von Veranstaltern und Mitgliedern gerecht zu werden.<\/p>\n<p>Seit ihrer Gr\u00fcndung in den 1980er Jahren hat die Company of Saynt George ihren Sitz in der Schweiz. Trotzdem verstehen wir uns als eine internationale Gruppe: Unsere Mitglieder stammen aus \u00fcber zehn europ\u00e4ischen L\u00e4ndern. Viele von uns bringen einen professionell historischen Hintergrund mit, die meisten aber betreiben ihre Darstellung als aktives Hobby.<\/p>\n<p>Allen Mitgliedern gemeinsam ist das Interesse an Geschichte und der Wunsch, den sp\u00e4tmittelalterlichen Alltag so intensiv und realistisch wie m\u00f6glich nachleben und weiter vermitteln zu k\u00f6nnen. Wir arbeiten an einer steten Weiterentwicklung, orientieren uns nach dem aktuellen Stand der historischen Forschung und halten uns eng an die gestellten Anspr\u00fcche und Prinzipien des Vereins.<\/p>\n<p>Die Company of Saynte George steht jedem Interessierten offen. Wir freuen uns \u00fcber einen Kontakt mit Ihnen.<\/p>\n<\/div>\n<\/div><\/div>\n<\/div>\n<\/div>\n<\/div>\n<\/div>\n<\/div>\n\n","protected":false},"excerpt":{"rendered":"","protected":false},"author":1,"featured_media":0,"parent":0,"menu_order":0,"comment_status":"closed","ping_status":"closed","template":"","meta":{"footnotes":""},"class_list":["post-15691","page","type-page","status-publish","hentry"],"yoast_head":"<!-- This site is optimized with the Yoast SEO plugin v26.4 - https:\/\/yoast.com\/wordpress\/plugins\/seo\/ -->\n<title>\u00dcber uns - The Company of St. George<\/title>\n<meta name=\"robots\" content=\"index, follow, max-snippet:-1, max-image-preview:large, max-video-preview:-1\" \/>\n<link rel=\"canonical\" href=\"https:\/\/companie-of-st-george.ch\/de\/ueber-uns\/\" \/>\n<meta property=\"og:locale\" content=\"de_DE\" \/>\n<meta property=\"og:type\" content=\"article\" \/>\n<meta property=\"og:title\" content=\"\u00dcber uns - The Company of St. George\" \/>\n<meta property=\"og:url\" content=\"https:\/\/companie-of-st-george.ch\/de\/ueber-uns\/\" \/>\n<meta property=\"og:site_name\" content=\"The Company of St. George\" \/>\n<meta property=\"article:modified_time\" content=\"2021-10-26T16:56:09+00:00\" \/>\n<meta name=\"twitter:card\" content=\"summary_large_image\" \/>\n<meta name=\"twitter:label1\" content=\"Gesch\u00e4tzte Lesezeit\" \/>\n\t<meta name=\"twitter:data1\" content=\"2\u00a0Minuten\" \/>\n<script type=\"application\/ld+json\" class=\"yoast-schema-graph\">{\"@context\":\"https:\/\/schema.org\",\"@graph\":[{\"@type\":\"WebPage\",\"@id\":\"https:\/\/companie-of-st-george.ch\/de\/ueber-uns\/\",\"url\":\"https:\/\/companie-of-st-george.ch\/de\/ueber-uns\/\",\"name\":\"\u00dcber uns - The Company of St. George\",\"isPartOf\":{\"@id\":\"https:\/\/companie-of-st-george.ch\/de\/#website\"},\"datePublished\":\"2020-02-15T10:26:10+00:00\",\"dateModified\":\"2021-10-26T16:56:09+00:00\",\"breadcrumb\":{\"@id\":\"https:\/\/companie-of-st-george.ch\/de\/ueber-uns\/#breadcrumb\"},\"inLanguage\":\"de\",\"potentialAction\":[{\"@type\":\"ReadAction\",\"target\":[\"https:\/\/companie-of-st-george.ch\/de\/ueber-uns\/\"]}]},{\"@type\":\"BreadcrumbList\",\"@id\":\"https:\/\/companie-of-st-george.ch\/de\/ueber-uns\/#breadcrumb\",\"itemListElement\":[{\"@type\":\"ListItem\",\"position\":1,\"name\":\"Home\",\"item\":\"https:\/\/companie-of-st-george.ch\/de\/\"},{\"@type\":\"ListItem\",\"position\":2,\"name\":\"\u00dcber uns\"}]},{\"@type\":\"WebSite\",\"@id\":\"https:\/\/companie-of-st-george.ch\/de\/#website\",\"url\":\"https:\/\/companie-of-st-george.ch\/de\/\",\"name\":\"The Company of St. George\",\"description\":\"An artillery company of the 15th century\",\"potentialAction\":[{\"@type\":\"SearchAction\",\"target\":{\"@type\":\"EntryPoint\",\"urlTemplate\":\"https:\/\/companie-of-st-george.ch\/de\/?s={search_term_string}\"},\"query-input\":{\"@type\":\"PropertyValueSpecification\",\"valueRequired\":true,\"valueName\":\"search_term_string\"}}],\"inLanguage\":\"de\"}]}<\/script>\n<!-- \/ Yoast SEO plugin. -->","yoast_head_json":{"title":"\u00dcber uns - The Company of St. George","robots":{"index":"index","follow":"follow","max-snippet":"max-snippet:-1","max-image-preview":"max-image-preview:large","max-video-preview":"max-video-preview:-1"},"canonical":"https:\/\/companie-of-st-george.ch\/de\/ueber-uns\/","og_locale":"de_DE","og_type":"article","og_title":"\u00dcber uns - The Company of St. George","og_url":"https:\/\/companie-of-st-george.ch\/de\/ueber-uns\/","og_site_name":"The Company of St. George","article_modified_time":"2021-10-26T16:56:09+00:00","twitter_card":"summary_large_image","twitter_misc":{"Gesch\u00e4tzte Lesezeit":"2\u00a0Minuten"},"schema":{"@context":"https:\/\/schema.org","@graph":[{"@type":"WebPage","@id":"https:\/\/companie-of-st-george.ch\/de\/ueber-uns\/","url":"https:\/\/companie-of-st-george.ch\/de\/ueber-uns\/","name":"\u00dcber uns - The Company of St. George","isPartOf":{"@id":"https:\/\/companie-of-st-george.ch\/de\/#website"},"datePublished":"2020-02-15T10:26:10+00:00","dateModified":"2021-10-26T16:56:09+00:00","breadcrumb":{"@id":"https:\/\/companie-of-st-george.ch\/de\/ueber-uns\/#breadcrumb"},"inLanguage":"de","potentialAction":[{"@type":"ReadAction","target":["https:\/\/companie-of-st-george.ch\/de\/ueber-uns\/"]}]},{"@type":"BreadcrumbList","@id":"https:\/\/companie-of-st-george.ch\/de\/ueber-uns\/#breadcrumb","itemListElement":[{"@type":"ListItem","position":1,"name":"Home","item":"https:\/\/companie-of-st-george.ch\/de\/"},{"@type":"ListItem","position":2,"name":"\u00dcber uns"}]},{"@type":"WebSite","@id":"https:\/\/companie-of-st-george.ch\/de\/#website","url":"https:\/\/companie-of-st-george.ch\/de\/","name":"The Company of St. George","description":"An artillery company of the 15th century","potentialAction":[{"@type":"SearchAction","target":{"@type":"EntryPoint","urlTemplate":"https:\/\/companie-of-st-george.ch\/de\/?s={search_term_string}"},"query-input":{"@type":"PropertyValueSpecification","valueRequired":true,"valueName":"search_term_string"}}],"inLanguage":"de"}]}},"_links":{"self":[{"href":"https:\/\/companie-of-st-george.ch\/de\/wp-json\/wp\/v2\/pages\/15691","targetHints":{"allow":["GET"]}}],"collection":[{"href":"https:\/\/companie-of-st-george.ch\/de\/wp-json\/wp\/v2\/pages"}],"about":[{"href":"https:\/\/companie-of-st-george.ch\/de\/wp-json\/wp\/v2\/types\/page"}],"author":[{"embeddable":true,"href":"https:\/\/companie-of-st-george.ch\/de\/wp-json\/wp\/v2\/users\/1"}],"replies":[{"embeddable":true,"href":"https:\/\/companie-of-st-george.ch\/de\/wp-json\/wp\/v2\/comments?post=15691"}],"version-history":[{"count":3,"href":"https:\/\/companie-of-st-george.ch\/de\/wp-json\/wp\/v2\/pages\/15691\/revisions"}],"predecessor-version":[{"id":16962,"href":"https:\/\/companie-of-st-george.ch\/de\/wp-json\/wp\/v2\/pages\/15691\/revisions\/16962"}],"wp:attachment":[{"href":"https:\/\/companie-of-st-george.ch\/de\/wp-json\/wp\/v2\/media?parent=15691"}],"curies":[{"name":"wp","href":"https:\/\/api.w.org\/{rel}","templated":true}]}}