{"id":15449,"date":"2019-12-09T07:01:46","date_gmt":"2019-12-09T06:01:46","guid":{"rendered":"https:\/\/companie-of-st-george.ch\/wordpress\/?page_id=15449"},"modified":"2020-07-29T17:55:53","modified_gmt":"2020-07-29T15:55:53","slug":"mitgliedschaft","status":"publish","type":"page","link":"https:\/\/companie-of-st-george.ch\/de\/ueber-uns\/mitgliedschaft\/","title":{"rendered":"Mitgliedschaft"},"content":{"rendered":"<div id=\"cmsmasters_row_6uukwywloa\" class=\"cmsmasters_row cmsmasters_color_scheme_default cmsmasters_row_top_default cmsmasters_row_bot_default cmsmasters_row_boxed\">\n<div class=\"cmsmasters_row_outer_parent\">\n<div class=\"cmsmasters_row_outer\">\n<div class=\"cmsmasters_row_inner\">\n<div class=\"cmsmasters_row_margin\">\n<div id=\"cmsmasters_column_2ii8xo69r\" class=\"cmsmasters_column one_first\">\n<div class=\"cmsmasters_column_inner\"><div class=\"cmsmasters_text\">\n<p>&nbsp;<\/p>\n<p>Die Company ist offen f\u00fcr neue Mitglieder.<\/p>\n<p>&nbsp;<\/p>\n<h2>Wie wird man neues Mitglied<\/h2>\n<p>Im Idealfall gelangt ein erfahrener Reenacter oder eine erfahrene Living-History-Freundin in Kontakt mit der Company. Sie erh\u00e4lt dann eine Einladung zu unseren Veranstaltungen. W\u00e4hrend einer dieser Veranstaltungen teilt die betreffende Person den Rekrutierungsoffizier mit, dass sie gerne Mitglied werden m\u00f6chte. Dies wird hoffentlich zur Rekrutierung f\u00fchren. Normalerweise dauert die Rekrutierungszeit etwa ein Jahr. W\u00e4hrend dieser Zeit wird dem zuk\u00fcnftigen Neumitglied erkl\u00e4rt, wie er seine Ausr\u00fcstung vervollst\u00e4ndigen oder verbessern kann. Er oder sie wird weiter an den Veranstaltungen teilnehmen.<\/p>\n<p>Der Rekrutierungsoffizier wird mit den Mitgliedern \u00fcber die betreffende Person sprechen. Es ist wichtig zu wissen, dass die Mitglieder das abschliessende Wort in dieser Angelegenheit besitzen. Normalerweise wird ein Rekrut oder eine Rekrutin nach etwa einem Jahr als Vollmitglied in die Gruppe aufgenommen.<\/p>\n<p>Es ist m\u00f6glich, ohne praktische Erfahrungen in die Company einzutreten. Aber es ist deutlich schwieriger, da man ja sozusagen von null aus anfangen muss. Normalerweise haben wir jeweils etwa zehn Rekruten. Die meisten haben fr\u00fcher schon Reenactment gemacht, aber einige unter ihnen sind Neulinge.<\/p>\n<p>&nbsp;<\/p>\n<h2>Wie kommt man in Kontakt mit uns<\/h2>\n<p>Wenn Du interessiert bist, mit der Company in Kontakt zu kommen, dann erreichst Du uns via die email Adresse\u00a0<a href=\"mailto:contact@companie-of-st-george.ch\">contact@companie-of-st-george.ch<\/a>.<\/p>\n<\/div>\n<\/div><\/div>\n<\/div>\n<\/div>\n<\/div>\n<\/div>\n<\/div>\n\n","protected":false},"excerpt":{"rendered":"","protected":false},"author":1,"featured_media":0,"parent":15691,"menu_order":2,"comment_status":"closed","ping_status":"closed","template":"","meta":{"footnotes":""},"class_list":["post-15449","page","type-page","status-publish","hentry"],"yoast_head":"<!-- This site is optimized with the Yoast SEO plugin v26.4 - https:\/\/yoast.com\/wordpress\/plugins\/seo\/ -->\n<title>Mitgliedschaft - The Company of St. George<\/title>\n<meta name=\"robots\" content=\"index, follow, max-snippet:-1, max-image-preview:large, max-video-preview:-1\" \/>\n<link rel=\"canonical\" href=\"https:\/\/companie-of-st-george.ch\/de\/ueber-uns\/mitgliedschaft\/\" \/>\n<meta property=\"og:locale\" content=\"de_DE\" \/>\n<meta property=\"og:type\" content=\"article\" \/>\n<meta property=\"og:title\" content=\"Mitgliedschaft - The Company of St. George\" \/>\n<meta property=\"og:url\" content=\"https:\/\/companie-of-st-george.ch\/de\/ueber-uns\/mitgliedschaft\/\" \/>\n<meta property=\"og:site_name\" content=\"The Company of St. George\" \/>\n<meta property=\"article:modified_time\" content=\"2020-07-29T15:55:53+00:00\" \/>\n<meta name=\"twitter:card\" content=\"summary_large_image\" \/>\n<meta name=\"twitter:label1\" content=\"Gesch\u00e4tzte Lesezeit\" \/>\n\t<meta name=\"twitter:data1\" content=\"2\u00a0Minuten\" \/>\n<script type=\"application\/ld+json\" class=\"yoast-schema-graph\">{\"@context\":\"https:\/\/schema.org\",\"@graph\":[{\"@type\":\"WebPage\",\"@id\":\"https:\/\/companie-of-st-george.ch\/de\/ueber-uns\/mitgliedschaft\/\",\"url\":\"https:\/\/companie-of-st-george.ch\/de\/ueber-uns\/mitgliedschaft\/\",\"name\":\"Mitgliedschaft - The Company of St. George\",\"isPartOf\":{\"@id\":\"https:\/\/companie-of-st-george.ch\/de\/#website\"},\"datePublished\":\"2019-12-09T06:01:46+00:00\",\"dateModified\":\"2020-07-29T15:55:53+00:00\",\"breadcrumb\":{\"@id\":\"https:\/\/companie-of-st-george.ch\/de\/ueber-uns\/mitgliedschaft\/#breadcrumb\"},\"inLanguage\":\"de\",\"potentialAction\":[{\"@type\":\"ReadAction\",\"target\":[\"https:\/\/companie-of-st-george.ch\/de\/ueber-uns\/mitgliedschaft\/\"]}]},{\"@type\":\"BreadcrumbList\",\"@id\":\"https:\/\/companie-of-st-george.ch\/de\/ueber-uns\/mitgliedschaft\/#breadcrumb\",\"itemListElement\":[{\"@type\":\"ListItem\",\"position\":1,\"name\":\"Home\",\"item\":\"https:\/\/companie-of-st-george.ch\/de\/\"},{\"@type\":\"ListItem\",\"position\":2,\"name\":\"\u00dcber uns\",\"item\":\"https:\/\/companie-of-st-george.ch\/de\/ueber-uns\/\"},{\"@type\":\"ListItem\",\"position\":3,\"name\":\"Mitgliedschaft\"}]},{\"@type\":\"WebSite\",\"@id\":\"https:\/\/companie-of-st-george.ch\/de\/#website\",\"url\":\"https:\/\/companie-of-st-george.ch\/de\/\",\"name\":\"The Company of St. George\",\"description\":\"An artillery company of the 15th century\",\"potentialAction\":[{\"@type\":\"SearchAction\",\"target\":{\"@type\":\"EntryPoint\",\"urlTemplate\":\"https:\/\/companie-of-st-george.ch\/de\/?s={search_term_string}\"},\"query-input\":{\"@type\":\"PropertyValueSpecification\",\"valueRequired\":true,\"valueName\":\"search_term_string\"}}],\"inLanguage\":\"de\"}]}<\/script>\n<!-- \/ Yoast SEO plugin. -->","yoast_head_json":{"title":"Mitgliedschaft - The Company of St. George","robots":{"index":"index","follow":"follow","max-snippet":"max-snippet:-1","max-image-preview":"max-image-preview:large","max-video-preview":"max-video-preview:-1"},"canonical":"https:\/\/companie-of-st-george.ch\/de\/ueber-uns\/mitgliedschaft\/","og_locale":"de_DE","og_type":"article","og_title":"Mitgliedschaft - The Company of St. George","og_url":"https:\/\/companie-of-st-george.ch\/de\/ueber-uns\/mitgliedschaft\/","og_site_name":"The Company of St. George","article_modified_time":"2020-07-29T15:55:53+00:00","twitter_card":"summary_large_image","twitter_misc":{"Gesch\u00e4tzte Lesezeit":"2\u00a0Minuten"},"schema":{"@context":"https:\/\/schema.org","@graph":[{"@type":"WebPage","@id":"https:\/\/companie-of-st-george.ch\/de\/ueber-uns\/mitgliedschaft\/","url":"https:\/\/companie-of-st-george.ch\/de\/ueber-uns\/mitgliedschaft\/","name":"Mitgliedschaft - The Company of St. George","isPartOf":{"@id":"https:\/\/companie-of-st-george.ch\/de\/#website"},"datePublished":"2019-12-09T06:01:46+00:00","dateModified":"2020-07-29T15:55:53+00:00","breadcrumb":{"@id":"https:\/\/companie-of-st-george.ch\/de\/ueber-uns\/mitgliedschaft\/#breadcrumb"},"inLanguage":"de","potentialAction":[{"@type":"ReadAction","target":["https:\/\/companie-of-st-george.ch\/de\/ueber-uns\/mitgliedschaft\/"]}]},{"@type":"BreadcrumbList","@id":"https:\/\/companie-of-st-george.ch\/de\/ueber-uns\/mitgliedschaft\/#breadcrumb","itemListElement":[{"@type":"ListItem","position":1,"name":"Home","item":"https:\/\/companie-of-st-george.ch\/de\/"},{"@type":"ListItem","position":2,"name":"\u00dcber uns","item":"https:\/\/companie-of-st-george.ch\/de\/ueber-uns\/"},{"@type":"ListItem","position":3,"name":"Mitgliedschaft"}]},{"@type":"WebSite","@id":"https:\/\/companie-of-st-george.ch\/de\/#website","url":"https:\/\/companie-of-st-george.ch\/de\/","name":"The Company of St. George","description":"An artillery company of the 15th century","potentialAction":[{"@type":"SearchAction","target":{"@type":"EntryPoint","urlTemplate":"https:\/\/companie-of-st-george.ch\/de\/?s={search_term_string}"},"query-input":{"@type":"PropertyValueSpecification","valueRequired":true,"valueName":"search_term_string"}}],"inLanguage":"de"}]}},"_links":{"self":[{"href":"https:\/\/companie-of-st-george.ch\/de\/wp-json\/wp\/v2\/pages\/15449","targetHints":{"allow":["GET"]}}],"collection":[{"href":"https:\/\/companie-of-st-george.ch\/de\/wp-json\/wp\/v2\/pages"}],"about":[{"href":"https:\/\/companie-of-st-george.ch\/de\/wp-json\/wp\/v2\/types\/page"}],"author":[{"embeddable":true,"href":"https:\/\/companie-of-st-george.ch\/de\/wp-json\/wp\/v2\/users\/1"}],"replies":[{"embeddable":true,"href":"https:\/\/companie-of-st-george.ch\/de\/wp-json\/wp\/v2\/comments?post=15449"}],"version-history":[{"count":3,"href":"https:\/\/companie-of-st-george.ch\/de\/wp-json\/wp\/v2\/pages\/15449\/revisions"}],"predecessor-version":[{"id":15721,"href":"https:\/\/companie-of-st-george.ch\/de\/wp-json\/wp\/v2\/pages\/15449\/revisions\/15721"}],"up":[{"embeddable":true,"href":"https:\/\/companie-of-st-george.ch\/de\/wp-json\/wp\/v2\/pages\/15691"}],"wp:attachment":[{"href":"https:\/\/companie-of-st-george.ch\/de\/wp-json\/wp\/v2\/media?parent=15449"}],"curies":[{"name":"wp","href":"https:\/\/api.w.org\/{rel}","templated":true}]}}