{"id":15419,"date":"2019-12-08T11:36:30","date_gmt":"2019-12-08T10:36:30","guid":{"rendered":"https:\/\/companie-of-st-george.ch\/wordpress\/ueber-uns\/principles-of-the-company\/"},"modified":"2020-07-29T09:35:57","modified_gmt":"2020-07-29T07:35:57","slug":"prinzipien","status":"publish","type":"page","link":"https:\/\/companie-of-st-george.ch\/de\/ueber-uns\/prinzipien\/","title":{"rendered":"Prinzipien"},"content":{"rendered":"<div id=\"cmsmasters_row_ikn4do8rvb\" class=\"cmsmasters_row cmsmasters_color_scheme_default cmsmasters_row_top_default cmsmasters_row_bot_default cmsmasters_row_boxed\">\n<div class=\"cmsmasters_row_outer_parent\">\n<div class=\"cmsmasters_row_outer\">\n<div class=\"cmsmasters_row_inner\">\n<div class=\"cmsmasters_row_margin\">\n<div id=\"cmsmasters_column_4np573wndn\" class=\"cmsmasters_column one_first\">\n<div class=\"cmsmasters_column_inner\"><div class=\"cmsmasters_text\">\n<p>&nbsp;<\/p>\n<p>Das Mittelalter erfreut sich seit Jahren eines grossen Interesses in der \u00d6ffentlichkeit. Das breite Angebot an historischen und historisch inspirierten Veranstaltungen l\u00e4sst den Zuschauer oft etwas ratlos zur\u00fcck. Es ist schwer in der Menge der Darbietungen das historisch verb\u00fcrgte Mittelalter ausfindig zu machen. Die Company of St. George ist exakt diesem Mittelalter und nichts anderem verpflichtet.<\/p>\n<p>&nbsp;<\/p>\n<h2>Qualit\u00e4tsanspruch &#8211; High Fidelity Reenactment<\/h2>\n<p>Die Company of St. George gilt als Massstab in der historisch getreuen Darstellung. Dieser hart erarbeitete Status beruht auf unserer quellenorientierten Darstellung, die das Mittelalter kompromisslos lebendig machen will. So erwartet die Company of Saynt George von ihren Mitgliedern eine gewissenhafte und sorgf\u00e4ltige Auseinandersetzung mit dem historischen Vorbild. Nur so kann es gelingen, unserem Ruf auch zuk\u00fcnftig gerecht zu werden. Denn es bleibt noch viel zu tun. Jede Diskussion bringt neue Ideen und Hinweise, wo wir unsere Interpretation und die Ausr\u00fcstung noch verbessern k\u00f6nnen. Authentizit\u00e4t ist als Ziel nicht erreichbar. Aber wir arbeiten hart daran, dem Anspruch n\u00e4her und n\u00e4her zu kommen.<\/p>\n<p>&nbsp;<\/p>\n<h2>Zusammenarbeit und Forschung<\/h2>\n<p>Fortschritt basiert auf dem Austausch von Wissen. Deshalb heissen wir den Austausch und die Kooperation mit Institutionen und Einzelpersonen stets willkommen. Unsere Forschung richtet sich nach arch\u00e4ologischen Funden, Museumsexponaten, Textquellen und historischen Abbildungen. Auf diese Art und Weise erg\u00e4nzen und verbessern wir konstant unsere Darstellung und Ausr\u00fcstung. Ziel ist es, unser Wissen und dasjenige unserer Partner \u00fcber das Alltagsleben im 15. Jahrhundert laufend zu aktualisieren und zu vertiefen.<\/p>\n<p>&nbsp;<\/p>\n<h2>Freundschaft<\/h2>\n<p>Die Company of Saynt George lebt von der Energie und dem Enthusiasmus ihrer Mitglieder. Fr\u00f6hliche und motivierte Mitglieder sind die Basis f\u00fcr jede erfolgreiche Veranstaltung und ein erf\u00fclltes Hobby. Die unter uns gepflegte Freundschaft ist f\u00fcr die gute Stimmung in unserem Lager verantwortlich und hilft unserer Gruppe, interne wie \u00e4ussere Konflikte meistern zu k\u00f6nnen. Das gemeinsame Festhalten an den Zielen und das Teilen unserer Interessen und Erfahrungen festigt unseren Zusammenhalt. Konsequenterweise nehmen wir deshalb unser Hobby sehr ernst, uns selber aber bedeutend weniger.<\/p>\n<\/div>\n<\/div><\/div>\n<\/div>\n<\/div>\n<\/div>\n<\/div>\n<\/div>\n\n","protected":false},"excerpt":{"rendered":"","protected":false},"author":1,"featured_media":0,"parent":15691,"menu_order":1,"comment_status":"closed","ping_status":"closed","template":"","meta":{"footnotes":""},"class_list":["post-15419","page","type-page","status-publish","hentry"],"yoast_head":"<!-- This site is optimized with the Yoast SEO plugin v26.4 - https:\/\/yoast.com\/wordpress\/plugins\/seo\/ -->\n<title>Prinzipien - The Company of St. George<\/title>\n<meta name=\"robots\" content=\"index, follow, max-snippet:-1, max-image-preview:large, max-video-preview:-1\" \/>\n<link rel=\"canonical\" href=\"https:\/\/companie-of-st-george.ch\/de\/ueber-uns\/prinzipien\/\" \/>\n<meta property=\"og:locale\" content=\"de_DE\" \/>\n<meta property=\"og:type\" content=\"article\" \/>\n<meta property=\"og:title\" content=\"Prinzipien - The Company of St. George\" \/>\n<meta property=\"og:url\" content=\"https:\/\/companie-of-st-george.ch\/de\/ueber-uns\/prinzipien\/\" \/>\n<meta property=\"og:site_name\" content=\"The Company of St. George\" \/>\n<meta property=\"article:modified_time\" content=\"2020-07-29T07:35:57+00:00\" \/>\n<meta name=\"twitter:card\" content=\"summary_large_image\" \/>\n<meta name=\"twitter:label1\" content=\"Gesch\u00e4tzte Lesezeit\" \/>\n\t<meta name=\"twitter:data1\" content=\"2\u00a0Minuten\" \/>\n<script type=\"application\/ld+json\" class=\"yoast-schema-graph\">{\"@context\":\"https:\/\/schema.org\",\"@graph\":[{\"@type\":\"WebPage\",\"@id\":\"https:\/\/companie-of-st-george.ch\/de\/ueber-uns\/prinzipien\/\",\"url\":\"https:\/\/companie-of-st-george.ch\/de\/ueber-uns\/prinzipien\/\",\"name\":\"Prinzipien - The Company of St. George\",\"isPartOf\":{\"@id\":\"https:\/\/companie-of-st-george.ch\/de\/#website\"},\"datePublished\":\"2019-12-08T10:36:30+00:00\",\"dateModified\":\"2020-07-29T07:35:57+00:00\",\"breadcrumb\":{\"@id\":\"https:\/\/companie-of-st-george.ch\/de\/ueber-uns\/prinzipien\/#breadcrumb\"},\"inLanguage\":\"de\",\"potentialAction\":[{\"@type\":\"ReadAction\",\"target\":[\"https:\/\/companie-of-st-george.ch\/de\/ueber-uns\/prinzipien\/\"]}]},{\"@type\":\"BreadcrumbList\",\"@id\":\"https:\/\/companie-of-st-george.ch\/de\/ueber-uns\/prinzipien\/#breadcrumb\",\"itemListElement\":[{\"@type\":\"ListItem\",\"position\":1,\"name\":\"Home\",\"item\":\"https:\/\/companie-of-st-george.ch\/de\/\"},{\"@type\":\"ListItem\",\"position\":2,\"name\":\"\u00dcber uns\",\"item\":\"https:\/\/companie-of-st-george.ch\/de\/ueber-uns\/\"},{\"@type\":\"ListItem\",\"position\":3,\"name\":\"Prinzipien\"}]},{\"@type\":\"WebSite\",\"@id\":\"https:\/\/companie-of-st-george.ch\/de\/#website\",\"url\":\"https:\/\/companie-of-st-george.ch\/de\/\",\"name\":\"The Company of St. George\",\"description\":\"An artillery company of the 15th century\",\"potentialAction\":[{\"@type\":\"SearchAction\",\"target\":{\"@type\":\"EntryPoint\",\"urlTemplate\":\"https:\/\/companie-of-st-george.ch\/de\/?s={search_term_string}\"},\"query-input\":{\"@type\":\"PropertyValueSpecification\",\"valueRequired\":true,\"valueName\":\"search_term_string\"}}],\"inLanguage\":\"de\"}]}<\/script>\n<!-- \/ Yoast SEO plugin. -->","yoast_head_json":{"title":"Prinzipien - The Company of St. George","robots":{"index":"index","follow":"follow","max-snippet":"max-snippet:-1","max-image-preview":"max-image-preview:large","max-video-preview":"max-video-preview:-1"},"canonical":"https:\/\/companie-of-st-george.ch\/de\/ueber-uns\/prinzipien\/","og_locale":"de_DE","og_type":"article","og_title":"Prinzipien - The Company of St. George","og_url":"https:\/\/companie-of-st-george.ch\/de\/ueber-uns\/prinzipien\/","og_site_name":"The Company of St. George","article_modified_time":"2020-07-29T07:35:57+00:00","twitter_card":"summary_large_image","twitter_misc":{"Gesch\u00e4tzte Lesezeit":"2\u00a0Minuten"},"schema":{"@context":"https:\/\/schema.org","@graph":[{"@type":"WebPage","@id":"https:\/\/companie-of-st-george.ch\/de\/ueber-uns\/prinzipien\/","url":"https:\/\/companie-of-st-george.ch\/de\/ueber-uns\/prinzipien\/","name":"Prinzipien - The Company of St. George","isPartOf":{"@id":"https:\/\/companie-of-st-george.ch\/de\/#website"},"datePublished":"2019-12-08T10:36:30+00:00","dateModified":"2020-07-29T07:35:57+00:00","breadcrumb":{"@id":"https:\/\/companie-of-st-george.ch\/de\/ueber-uns\/prinzipien\/#breadcrumb"},"inLanguage":"de","potentialAction":[{"@type":"ReadAction","target":["https:\/\/companie-of-st-george.ch\/de\/ueber-uns\/prinzipien\/"]}]},{"@type":"BreadcrumbList","@id":"https:\/\/companie-of-st-george.ch\/de\/ueber-uns\/prinzipien\/#breadcrumb","itemListElement":[{"@type":"ListItem","position":1,"name":"Home","item":"https:\/\/companie-of-st-george.ch\/de\/"},{"@type":"ListItem","position":2,"name":"\u00dcber uns","item":"https:\/\/companie-of-st-george.ch\/de\/ueber-uns\/"},{"@type":"ListItem","position":3,"name":"Prinzipien"}]},{"@type":"WebSite","@id":"https:\/\/companie-of-st-george.ch\/de\/#website","url":"https:\/\/companie-of-st-george.ch\/de\/","name":"The Company of St. George","description":"An artillery company of the 15th century","potentialAction":[{"@type":"SearchAction","target":{"@type":"EntryPoint","urlTemplate":"https:\/\/companie-of-st-george.ch\/de\/?s={search_term_string}"},"query-input":{"@type":"PropertyValueSpecification","valueRequired":true,"valueName":"search_term_string"}}],"inLanguage":"de"}]}},"_links":{"self":[{"href":"https:\/\/companie-of-st-george.ch\/de\/wp-json\/wp\/v2\/pages\/15419","targetHints":{"allow":["GET"]}}],"collection":[{"href":"https:\/\/companie-of-st-george.ch\/de\/wp-json\/wp\/v2\/pages"}],"about":[{"href":"https:\/\/companie-of-st-george.ch\/de\/wp-json\/wp\/v2\/types\/page"}],"author":[{"embeddable":true,"href":"https:\/\/companie-of-st-george.ch\/de\/wp-json\/wp\/v2\/users\/1"}],"replies":[{"embeddable":true,"href":"https:\/\/companie-of-st-george.ch\/de\/wp-json\/wp\/v2\/comments?post=15419"}],"version-history":[{"count":2,"href":"https:\/\/companie-of-st-george.ch\/de\/wp-json\/wp\/v2\/pages\/15419\/revisions"}],"predecessor-version":[{"id":15421,"href":"https:\/\/companie-of-st-george.ch\/de\/wp-json\/wp\/v2\/pages\/15419\/revisions\/15421"}],"up":[{"embeddable":true,"href":"https:\/\/companie-of-st-george.ch\/de\/wp-json\/wp\/v2\/pages\/15691"}],"wp:attachment":[{"href":"https:\/\/companie-of-st-george.ch\/de\/wp-json\/wp\/v2\/media?parent=15419"}],"curies":[{"name":"wp","href":"https:\/\/api.w.org\/{rel}","templated":true}]}}